{"id":17112,"date":"2023-10-09T10:56:15","date_gmt":"2023-10-09T08:56:15","guid":{"rendered":"https:\/\/andorsoft.com\/?page_id=17112"},"modified":"2024-10-04T09:01:24","modified_gmt":"2024-10-04T08:01:24","slug":"produits-renouveles","status":"publish","type":"page","link":"https:\/\/andorsoft.com\/fr\/productes-renewed\/","title":{"rendered":"Produits renouvel\u00e9s"},"content":{"rendered":"<div data-elementor-type=\"wp-page\" data-elementor-id=\"17112\" class=\"elementor elementor-17112\" data-elementor-post-type=\"page\">\n\t\t\t\t\t\t<section class=\"elementor-section elementor-top-section elementor-element elementor-element-3baf5792 elementor-section-boxed elementor-section-height-default elementor-section-height-default\" data-id=\"3baf5792\" data-element_type=\"section\" data-e-type=\"section\">\n\t\t\t\t\t\t<div class=\"elementor-container elementor-column-gap-default\">\n\t\t\t\t\t<div class=\"elementor-column elementor-col-50 elementor-top-column elementor-element elementor-element-55909407\" data-id=\"55909407\" data-element_type=\"column\" data-e-type=\"column\">\n\t\t\t<div class=\"elementor-widget-wrap elementor-element-populated\">\n\t\t\t\t\t\t<div class=\"elementor-element elementor-element-3fc34ac rainbow-title-1 elementor-widget elementor-widget-rainbow-title\" data-id=\"3fc34ac\" data-element_type=\"widget\" data-e-type=\"widget\" data-widget_type=\"rainbow-title.default\">\n\t\t\t\t<div class=\"elementor-widget-container\">\n\t\t\t\t\t        <div class=\"section-title text-left\"\n             data-aos=\"fade-up\" data-aos-duration=\"500\" data-aos-delay=\"100\" data-aos-once=\"true\">\n                            <span class=\"subtitle sub-title\">Une alternative durable \u00e0 l'achat de mat\u00e9riel professionnel.<\/span>\n                                        <h2 class=\"title sec-title\">PRODUITS RENOUVEL\u00c9S<\/h2>\n                        <\/div>\n        \t\t\t\t<\/div>\n\t\t\t\t<\/div>\n\t\t\t\t<div class=\"elementor-element elementor-element-b588f80 elementor-widget elementor-widget-text-editor\" data-id=\"b588f80\" data-element_type=\"widget\" data-e-type=\"widget\" data-widget_type=\"text-editor.default\">\n\t\t\t\t<div class=\"elementor-widget-container\">\n\t\t\t\t\t\t\t\t\t<p><span class=\"Apple-converted-space\">\u00a0<\/span><span style=\"font-size: inherit; font-family: var(--font-primary);\">Les \u00e9quipements r\u00e9nov\u00e9s et reconditionn\u00e9s sont une alternative que les clients r\u00e9clament de plus en plus lors de l\u2019achat d\u2019\u00e9quipements. Il est important de prendre en compte les \u00e9conomies \u00e9conomiques et la durabilit\u00e9 ainsi que la qualit\u00e9 soutenue par l'examen de plus de 25 points critiques par une \u00e9quipe technique professionnelle. Nous pouvons garantir que les appareils ont \u00e9t\u00e9 test\u00e9s et sont en bon \u00e9tat de fonctionnement par notre fournisseur.<\/span>\u00a0<\/p>\t\t\t\t\t\t\t\t<\/div>\n\t\t\t\t<\/div>\n\t\t\t\t<div class=\"elementor-element elementor-element-2ac7555 elementor-widget elementor-widget-rb-button\" data-id=\"2ac7555\" data-element_type=\"widget\" data-e-type=\"widget\" data-widget_type=\"rb-button.default\">\n\t\t\t\t<div class=\"elementor-widget-container\">\n\t\t\t\t\t\n            <div class=\"button-group text-left\">\n                <a class=\"rn-btn rbbtn rn-single btn-medium  shadow-has\" href=\"https:\/\/andorsoft.com\/#contacte\" target=\"_blank\"> NOUS CONTACTER<\/a>            <\/div>\n\n            \t\t\t\t<\/div>\n\t\t\t\t<\/div>\n\t\t\t\t\t<\/div>\n\t\t<\/div>\n\t\t\t\t<div class=\"elementor-column elementor-col-50 elementor-top-column elementor-element elementor-element-49a8c14e\" data-id=\"49a8c14e\" data-element_type=\"column\" data-e-type=\"column\">\n\t\t\t<div class=\"elementor-widget-wrap elementor-element-populated\">\n\t\t\t\t\t\t<div class=\"elementor-element elementor-element-aa2df4b elementor-widget elementor-widget-rainbow-image-holder\" data-id=\"aa2df4b\" data-element_type=\"widget\" data-e-type=\"widget\" data-widget_type=\"rainbow-image-holder.default\">\n\t\t\t\t<div class=\"elementor-widget-container\">\n\t\t\t\t\t\n            <div class=\"slide pb-0\">\n                <div class=\"thumbnail\">\n                    <div class=\"inner\">\n                        <img fetchpriority=\"high\" decoding=\"async\" width=\"1805\" height=\"1079\" src=\"https:\/\/andorsoft.com\/wp-content\/uploads\/2023\/10\/Untitled-design-41.png\" class=\"attachment-full size-full wp-image-17117\" alt=\"\" srcset=\"https:\/\/andorsoft.com\/wp-content\/uploads\/2023\/10\/Untitled-design-41.png 1805w, https:\/\/andorsoft.com\/wp-content\/uploads\/2023\/10\/Untitled-design-41-300x179.png 300w, https:\/\/andorsoft.com\/wp-content\/uploads\/2023\/10\/Untitled-design-41-1024x612.png 1024w, https:\/\/andorsoft.com\/wp-content\/uploads\/2023\/10\/Untitled-design-41-768x459.png 768w, https:\/\/andorsoft.com\/wp-content\/uploads\/2023\/10\/Untitled-design-41-1536x918.png 1536w, https:\/\/andorsoft.com\/wp-content\/uploads\/2023\/10\/Untitled-design-41-18x12.png 18w\" sizes=\"(max-width: 1805px) 100vw, 1805px\" \/>                    <\/div>\n                <\/div>\n            <\/div>\n            \t\t\t\t<\/div>\n\t\t\t\t<\/div>\n\t\t\t\t\t<\/div>\n\t\t<\/div>\n\t\t\t\t\t<\/div>\n\t\t<\/section>\n\t\t\t\t<section class=\"elementor-section elementor-top-section elementor-element elementor-element-165397f0 elementor-section-boxed elementor-section-height-default elementor-section-height-default\" data-id=\"165397f0\" data-element_type=\"section\" data-e-type=\"section\">\n\t\t\t\t\t\t<div class=\"elementor-container elementor-column-gap-default\">\n\t\t\t\t\t<div class=\"elementor-column elementor-col-100 elementor-top-column elementor-element elementor-element-4ea711b7\" data-id=\"4ea711b7\" data-element_type=\"column\" data-e-type=\"column\">\n\t\t\t<div class=\"elementor-widget-wrap elementor-element-populated\">\n\t\t\t\t\t\t\t<\/div>\n\t\t<\/div>\n\t\t\t\t\t<\/div>\n\t\t<\/section>\n\t\t\t\t<section class=\"elementor-section elementor-top-section elementor-element elementor-element-46abc1e9 elementor-section-boxed elementor-section-height-default elementor-section-height-default\" data-id=\"46abc1e9\" data-element_type=\"section\" data-e-type=\"section\">\n\t\t\t\t\t\t<div class=\"elementor-container elementor-column-gap-extended\">\n\t\t\t\t\t<div class=\"elementor-column elementor-col-50 elementor-top-column elementor-element elementor-element-06726fe\" data-id=\"06726fe\" data-element_type=\"column\" data-e-type=\"column\">\n\t\t\t<div class=\"elementor-widget-wrap elementor-element-populated\">\n\t\t\t\t\t\t<div class=\"elementor-element elementor-element-375be2c dce_masking-none elementor-widget elementor-widget-image\" data-id=\"375be2c\" data-element_type=\"widget\" data-e-type=\"widget\" data-widget_type=\"image.default\">\n\t\t\t\t<div class=\"elementor-widget-container\">\n\t\t\t\t\t\t\t\t\t\t\t\t\t\t\t<img decoding=\"async\" src=\"https:\/\/andorsoft.com\/wp-content\/uploads\/2023\/10\/Productes-Renewed-8.pdf\" title=\"\" alt=\"\" loading=\"lazy\" \/>\t\t\t\t\t\t\t\t\t\t\t\t\t\t\t<\/div>\n\t\t\t\t<\/div>\n\t\t\t\t\t<\/div>\n\t\t<\/div>\n\t\t\t\t<div class=\"elementor-column elementor-col-50 elementor-top-column elementor-element elementor-element-7fdc3729\" data-id=\"7fdc3729\" data-element_type=\"column\" data-e-type=\"column\">\n\t\t\t<div class=\"elementor-widget-wrap elementor-element-populated\">\n\t\t\t\t\t\t<div class=\"elementor-element elementor-element-43dbd8e3 rainbow-title-1 elementor-widget elementor-widget-rainbow-title\" data-id=\"43dbd8e3\" data-element_type=\"widget\" data-e-type=\"widget\" data-widget_type=\"rainbow-title.default\">\n\t\t\t\t<div class=\"elementor-widget-container\">\n\t\t\t\t\t        <div class=\"section-title text-left\"\n             data-aos=\"fade-up\" data-aos-duration=\"500\" data-aos-delay=\"100\" data-aos-once=\"true\">\n                            <span class=\"subtitle sub-title\">PRODUITS RENOUVEL\u00c9S<\/span>\n                                        <h2 class=\"title sec-title\">Quels sont les avantages d\u2019un mat\u00e9riel reconditionn\u00e9 par un professionnel ?<\/h2>\n                        <\/div>\n        \t\t\t\t<\/div>\n\t\t\t\t<\/div>\n\t\t\t\t<div class=\"elementor-element elementor-element-3bc81b1c elementor-widget elementor-widget-text-editor\" data-id=\"3bc81b1c\" data-element_type=\"widget\" data-e-type=\"widget\" data-widget_type=\"text-editor.default\">\n\t\t\t\t<div class=\"elementor-widget-container\">\n\t\t\t\t\t\t\t\t\t<p>\u00a0<b>Valeur \u00e9conomique: <\/b>L'un de ses principaux avantages est l'\u00e9conomie financi\u00e8re. Cela signifie que vous pouvez obtenir du mat\u00e9riel de haute qualit\u00e9 \u00e0 un prix inf\u00e9rieur.<\/p><p><span class=\"Apple-converted-space\">\u00a0<\/span><b>Fonctionnalit\u00e9 am\u00e9lior\u00e9e\u00a0: <\/b>En \u00e9tant remis \u00e0 neuf, l'\u00e9quipement a \u00e9t\u00e9 remis dans son \u00e9tat d'origine ou am\u00e9lior\u00e9. En d\u2019autres termes, un professionnel a v\u00e9rifi\u00e9 et a pu \u00e9liminer les d\u00e9fauts ou probl\u00e8mes d\u2019usine, fournissant ainsi un appareil qui fonctionne mieux qu\u2019un appareil neuf.<span class=\"Apple-converted-space\">\u00a0<\/span><\/p><p><b>Impact environnemental r\u00e9duit\u00a0: <\/b>On estime que la fabrication d\u2019un ordinateur portable consomme environ 200 kg de combustibles fossiles et \u00e9met environ 190 kg de co2 dans l\u2019atmosph\u00e8re par rapport \u00e0 un ordinateur neuf.<\/p>\t\t\t\t\t\t\t\t<\/div>\n\t\t\t\t<\/div>\n\t\t\t\t<div class=\"elementor-element elementor-element-74a89bdd elementor-widget elementor-widget-rb-button\" data-id=\"74a89bdd\" data-element_type=\"widget\" data-e-type=\"widget\" data-widget_type=\"rb-button.default\">\n\t\t\t\t<div class=\"elementor-widget-container\">\n\t\t\t\t\t\n            <div class=\"button-group text-left\">\n                <a class=\"rn-btn rbbtn rn-single btn-medium  shadow-has\" href=\"https:\/\/andorsoft.com\/#contacte\" target=\"_blank\"> NOUS CONTACTER<\/a>            <\/div>\n\n            \t\t\t\t<\/div>\n\t\t\t\t<\/div>\n\t\t\t\t\t<\/div>\n\t\t<\/div>\n\t\t\t\t\t<\/div>\n\t\t<\/section>\n\t\t\t\t<section class=\"elementor-section elementor-top-section elementor-element elementor-element-6c2d418 elementor-hidden-desktop elementor-hidden-tablet elementor-hidden-mobile elementor-section-boxed elementor-section-height-default elementor-section-height-default\" data-id=\"6c2d418\" data-element_type=\"section\" data-e-type=\"section\">\n\t\t\t\t\t\t<div class=\"elementor-container elementor-column-gap-default\">\n\t\t\t\t\t<div class=\"elementor-column elementor-col-100 elementor-top-column elementor-element elementor-element-24c15e43\" data-id=\"24c15e43\" data-element_type=\"column\" data-e-type=\"column\">\n\t\t\t<div class=\"elementor-widget-wrap elementor-element-populated\">\n\t\t\t\t\t\t<div class=\"elementor-element elementor-element-1f9e19f4 elementor-widget elementor-widget-heading\" data-id=\"1f9e19f4\" data-element_type=\"widget\" data-e-type=\"widget\" data-widget_type=\"heading.default\">\n\t\t\t\t<div class=\"elementor-widget-container\">\n\t\t\t\t\t<h2 class=\"elementor-heading-title elementor-size-default\">Nos clients de confiance<\/h2>\t\t\t\t<\/div>\n\t\t\t\t<\/div>\n\t\t\t\t<div class=\"elementor-element elementor-element-297983e4 elementor-widget elementor-widget-rainbow-brand\" data-id=\"297983e4\" data-element_type=\"widget\" data-e-type=\"widget\" data-widget_type=\"rainbow-brand.default\">\n\t\t\t\t<div class=\"elementor-widget-container\">\n\t\t\t\t\t<div class=\"brand-wrapper-three mb_dec--30\">\n    \n        <div data-aos=\"fade-up\" data-aos-duration=\"1000\" data-aos-delay=\"100\" data-aos-once=\"true\"\n             class=\"rn-brand\">\n            <div class=\"inner text-center\">\n            <div class=\"thumbnail\">\n                 <a href=\"#\" >                                     <img decoding=\"async\" width=\"146\" height=\"92\" src=\"https:\/\/andorsoft.com\/wp-content\/uploads\/2021\/08\/client1-1.png\" class=\"attachment-full size-full\" alt=\"client1\" \/>                                     <\/a>                 <\/div> \n                <div class=\"seperator\"><\/div>\n                <div class=\"client-name\"><span><a\n                                href=\"#\">Google<\/a><\/span>\n                <\/div>\n            <\/div>\n        <\/div>\n    \n        <div data-aos=\"fade-up\" data-aos-duration=\"1000\" data-aos-delay=\"100\" data-aos-once=\"true\"\n             class=\"rn-brand\">\n            <div class=\"inner text-center\">\n            <div class=\"thumbnail\">\n                 <a href=\"#\" >                                     <img decoding=\"async\" width=\"90\" height=\"90\" src=\"https:\/\/andorsoft.com\/wp-content\/uploads\/2021\/08\/client2.png\" class=\"attachment-full size-full\" alt=\"client2\" \/>                                     <\/a>                 <\/div> \n                <div class=\"seperator\"><\/div>\n                <div class=\"client-name\"><span><a\n                                href=\"#\">Pomme<\/a><\/span>\n                <\/div>\n            <\/div>\n        <\/div>\n    \n        <div data-aos=\"fade-up\" data-aos-duration=\"1000\" data-aos-delay=\"100\" data-aos-once=\"true\"\n             class=\"rn-brand\">\n            <div class=\"inner text-center\">\n            <div class=\"thumbnail\">\n                 <a href=\"#\" >                                     <img loading=\"lazy\" decoding=\"async\" width=\"126\" height=\"60\" src=\"https:\/\/andorsoft.com\/wp-content\/uploads\/2021\/08\/client3.png\" class=\"attachment-full size-full\" alt=\"client3\" \/>                                     <\/a>                 <\/div> \n                <div class=\"seperator\"><\/div>\n                <div class=\"client-name\"><span><a\n                                href=\"#\">Nike<\/a><\/span>\n                <\/div>\n            <\/div>\n        <\/div>\n    \n        <div data-aos=\"fade-up\" data-aos-duration=\"1000\" data-aos-delay=\"100\" data-aos-once=\"true\"\n             class=\"rn-brand\">\n            <div class=\"inner text-center\">\n            <div class=\"thumbnail\">\n                 <a href=\"#\" >                                     <img loading=\"lazy\" decoding=\"async\" width=\"114\" height=\"78\" src=\"https:\/\/andorsoft.com\/wp-content\/uploads\/2021\/08\/client4.png\" class=\"attachment-full size-full\" alt=\"client4\" \/>                                     <\/a>                 <\/div> \n                <div class=\"seperator\"><\/div>\n                <div class=\"client-name\"><span><a\n                                href=\"#\">Amazone<\/a><\/span>\n                <\/div>\n            <\/div>\n        <\/div>\n    <\/div>\n\t\t\t\t<\/div>\n\t\t\t\t<\/div>\n\t\t\t\t\t<\/div>\n\t\t<\/div>\n\t\t\t\t\t<\/div>\n\t\t<\/section>\n\t\t\t\t<\/div>","protected":false},"excerpt":{"rendered":"<p>Una alternativa sostenible al adquirir un equip professional. PRODUCTES RENEWED \u00a0Els equips recondicionats Renewed s\u00f3n una alternativa que els clients demanen a l&#8217;hora d&#8217;adquirir equips cada cop m\u00e9s. \u00c9s important tenir en compte l&#8217;estalvi econ\u00f2mic i la sostenibilitat com la qualitat recolzada per la revisi\u00f3 de m\u00e9s de 25 punts cr\u00edtics a trav\u00e9s d&#8217; un [&hellip;]<\/p>\n","protected":false},"author":1,"featured_media":0,"parent":0,"menu_order":0,"comment_status":"closed","ping_status":"closed","template":"elementor_header_footer","meta":{"footnotes":""},"class_list":["post-17112","page","type-page","status-publish","hentry"],"acf":[],"yoast_head":"<!-- This site is optimized with the Yoast SEO plugin v27.2 - https:\/\/yoast.com\/product\/yoast-seo-wordpress\/ -->\n<title>Productes Renewed de Qualitat a Preus Competitius - Andorsoft<\/title>\n<meta name=\"description\" content=\"A Andorsoft, oferim productes renewed d\u2019alta qualitat amb garantia i preus competitius. Estalvia en tecnologia sense comprometre el rendiment.\" \/>\n<meta name=\"robots\" content=\"index, follow, max-snippet:-1, max-image-preview:large, max-video-preview:-1\" \/>\n<link rel=\"canonical\" href=\"https:\/\/andorsoft.com\/fr\/produits-renouveles\/\" \/>\n<meta property=\"og:locale\" content=\"fr_FR\" \/>\n<meta property=\"og:type\" content=\"article\" \/>\n<meta property=\"og:title\" content=\"Productes Renewed de Qualitat a Preus Competitius - Andorsoft\" \/>\n<meta property=\"og:description\" content=\"A Andorsoft, oferim productes renewed d\u2019alta qualitat amb garantia i preus competitius. Estalvia en tecnologia sense comprometre el rendiment.\" \/>\n<meta property=\"og:url\" content=\"https:\/\/andorsoft.com\/fr\/produits-renouveles\/\" \/>\n<meta property=\"og:site_name\" content=\"Andorsoft, S.A.\" \/>\n<meta property=\"article:modified_time\" content=\"2024-10-04T08:01:24+00:00\" \/>\n<meta property=\"og:image\" content=\"https:\/\/andorsoft.com\/wp-content\/uploads\/2023\/10\/Untitled-design-41.png\" \/>\n<meta name=\"twitter:card\" content=\"summary_large_image\" \/>\n<meta name=\"twitter:label1\" content=\"Dur\u00e9e de lecture estim\u00e9e\" \/>\n\t<meta name=\"twitter:data1\" content=\"3 minutes\" \/>\n<script type=\"application\/ld+json\" class=\"yoast-schema-graph\">{\"@context\":\"https:\/\/schema.org\",\"@graph\":[{\"@type\":\"WebPage\",\"@id\":\"https:\/\/andorsoft.com\/productes-renewed\/\",\"url\":\"https:\/\/andorsoft.com\/productes-renewed\/\",\"name\":\"Productes Renewed de Qualitat a Preus Competitius - Andorsoft\",\"isPartOf\":{\"@id\":\"https:\/\/andorsoft.com\/#website\"},\"primaryImageOfPage\":{\"@id\":\"https:\/\/andorsoft.com\/productes-renewed\/#primaryimage\"},\"image\":{\"@id\":\"https:\/\/andorsoft.com\/productes-renewed\/#primaryimage\"},\"thumbnailUrl\":\"https:\/\/andorsoft.com\/wp-content\/uploads\/2023\/10\/Untitled-design-41.png\",\"datePublished\":\"2023-10-09T08:56:15+00:00\",\"dateModified\":\"2024-10-04T08:01:24+00:00\",\"description\":\"A Andorsoft, oferim productes renewed d\u2019alta qualitat amb garantia i preus competitius. Estalvia en tecnologia sense comprometre el rendiment.\",\"breadcrumb\":{\"@id\":\"https:\/\/andorsoft.com\/productes-renewed\/#breadcrumb\"},\"inLanguage\":\"fr-FR\",\"potentialAction\":[{\"@type\":\"ReadAction\",\"target\":[\"https:\/\/andorsoft.com\/productes-renewed\/\"]}]},{\"@type\":\"ImageObject\",\"inLanguage\":\"fr-FR\",\"@id\":\"https:\/\/andorsoft.com\/productes-renewed\/#primaryimage\",\"url\":\"https:\/\/andorsoft.com\/wp-content\/uploads\/2023\/10\/Untitled-design-41.png\",\"contentUrl\":\"https:\/\/andorsoft.com\/wp-content\/uploads\/2023\/10\/Untitled-design-41.png\"},{\"@type\":\"BreadcrumbList\",\"@id\":\"https:\/\/andorsoft.com\/productes-renewed\/#breadcrumb\",\"itemListElement\":[{\"@type\":\"ListItem\",\"position\":1,\"name\":\"Inici\",\"item\":\"https:\/\/andorsoft.com\/\"},{\"@type\":\"ListItem\",\"position\":2,\"name\":\"Productes Renewed\"}]},{\"@type\":\"WebSite\",\"@id\":\"https:\/\/andorsoft.com\/#website\",\"url\":\"https:\/\/andorsoft.com\/\",\"name\":\"Andorsoft, S.A.\",\"description\":\"\",\"publisher\":{\"@id\":\"https:\/\/andorsoft.com\/#organization\"},\"potentialAction\":[{\"@type\":\"SearchAction\",\"target\":{\"@type\":\"EntryPoint\",\"urlTemplate\":\"https:\/\/andorsoft.com\/?s={search_term_string}\"},\"query-input\":{\"@type\":\"PropertyValueSpecification\",\"valueRequired\":true,\"valueName\":\"search_term_string\"}}],\"inLanguage\":\"fr-FR\"},{\"@type\":\"Organization\",\"@id\":\"https:\/\/andorsoft.com\/#organization\",\"name\":\"Andorsoft, S.A.\",\"url\":\"https:\/\/andorsoft.com\/\",\"logo\":{\"@type\":\"ImageObject\",\"inLanguage\":\"fr-FR\",\"@id\":\"https:\/\/andorsoft.com\/#\/schema\/logo\/image\/\",\"url\":\"https:\/\/andorsoft.com\/wp-content\/uploads\/2023\/04\/andorsoft-Transparente-V-2.png\",\"contentUrl\":\"https:\/\/andorsoft.com\/wp-content\/uploads\/2023\/04\/andorsoft-Transparente-V-2.png\",\"width\":1280,\"height\":878,\"caption\":\"Andorsoft, S.A.\"},\"image\":{\"@id\":\"https:\/\/andorsoft.com\/#\/schema\/logo\/image\/\"},\"sameAs\":[\"https:\/\/www.linkedin.com\/company\/andorsoft\/\",\"https:\/\/www.instagram.com\/andorsoft\/\"]}]}<\/script>\n<!-- \/ Yoast SEO plugin. -->","yoast_head_json":{"title":"Produits renouvel\u00e9s de qualit\u00e9 \u00e0 des prix comp\u00e9titifs - Andorsoft","description":"Chez Andorsoft, nous proposons des produits reconditionn\u00e9s de haute qualit\u00e9 avec une garantie et des prix comp\u00e9titifs. \u00c9conomisez sur la technologie sans compromettre les performances.","robots":{"index":"index","follow":"follow","max-snippet":"max-snippet:-1","max-image-preview":"max-image-preview:large","max-video-preview":"max-video-preview:-1"},"canonical":"https:\/\/andorsoft.com\/fr\/produits-renouveles\/","og_locale":"fr_FR","og_type":"article","og_title":"Productes Renewed de Qualitat a Preus Competitius - Andorsoft","og_description":"A Andorsoft, oferim productes renewed d\u2019alta qualitat amb garantia i preus competitius. Estalvia en tecnologia sense comprometre el rendiment.","og_url":"https:\/\/andorsoft.com\/fr\/produits-renouveles\/","og_site_name":"Andorsoft, S.A.","article_modified_time":"2024-10-04T08:01:24+00:00","og_image":[{"url":"https:\/\/andorsoft.com\/wp-content\/uploads\/2023\/10\/Untitled-design-41.png","type":"","width":"","height":""}],"twitter_card":"summary_large_image","twitter_misc":{"Dur\u00e9e de lecture estim\u00e9e":"3 minutes"},"schema":{"@context":"https:\/\/schema.org","@graph":[{"@type":"WebPage","@id":"https:\/\/andorsoft.com\/productes-renewed\/","url":"https:\/\/andorsoft.com\/productes-renewed\/","name":"Produits renouvel\u00e9s de qualit\u00e9 \u00e0 des prix comp\u00e9titifs - Andorsoft","isPartOf":{"@id":"https:\/\/andorsoft.com\/#website"},"primaryImageOfPage":{"@id":"https:\/\/andorsoft.com\/productes-renewed\/#primaryimage"},"image":{"@id":"https:\/\/andorsoft.com\/productes-renewed\/#primaryimage"},"thumbnailUrl":"https:\/\/andorsoft.com\/wp-content\/uploads\/2023\/10\/Untitled-design-41.png","datePublished":"2023-10-09T08:56:15+00:00","dateModified":"2024-10-04T08:01:24+00:00","description":"Chez Andorsoft, nous proposons des produits reconditionn\u00e9s de haute qualit\u00e9 avec une garantie et des prix comp\u00e9titifs. \u00c9conomisez sur la technologie sans compromettre les performances.","breadcrumb":{"@id":"https:\/\/andorsoft.com\/productes-renewed\/#breadcrumb"},"inLanguage":"fr-FR","potentialAction":[{"@type":"ReadAction","target":["https:\/\/andorsoft.com\/productes-renewed\/"]}]},{"@type":"ImageObject","inLanguage":"fr-FR","@id":"https:\/\/andorsoft.com\/productes-renewed\/#primaryimage","url":"https:\/\/andorsoft.com\/wp-content\/uploads\/2023\/10\/Untitled-design-41.png","contentUrl":"https:\/\/andorsoft.com\/wp-content\/uploads\/2023\/10\/Untitled-design-41.png"},{"@type":"BreadcrumbList","@id":"https:\/\/andorsoft.com\/productes-renewed\/#breadcrumb","itemListElement":[{"@type":"ListItem","position":1,"name":"Inici","item":"https:\/\/andorsoft.com\/"},{"@type":"ListItem","position":2,"name":"Productes Renewed"}]},{"@type":"WebSite","@id":"https:\/\/andorsoft.com\/#website","url":"https:\/\/andorsoft.com\/","name":"Andorsoft, SA","description":"","publisher":{"@id":"https:\/\/andorsoft.com\/#organization"},"potentialAction":[{"@type":"SearchAction","target":{"@type":"EntryPoint","urlTemplate":"https:\/\/andorsoft.com\/?s={search_term_string}"},"query-input":{"@type":"PropertyValueSpecification","valueRequired":true,"valueName":"search_term_string"}}],"inLanguage":"fr-FR"},{"@type":"Organization","@id":"https:\/\/andorsoft.com\/#organization","name":"Andorsoft, SA","url":"https:\/\/andorsoft.com\/","logo":{"@type":"ImageObject","inLanguage":"fr-FR","@id":"https:\/\/andorsoft.com\/#\/schema\/logo\/image\/","url":"https:\/\/andorsoft.com\/wp-content\/uploads\/2023\/04\/andorsoft-Transparente-V-2.png","contentUrl":"https:\/\/andorsoft.com\/wp-content\/uploads\/2023\/04\/andorsoft-Transparente-V-2.png","width":1280,"height":878,"caption":"Andorsoft, S.A."},"image":{"@id":"https:\/\/andorsoft.com\/#\/schema\/logo\/image\/"},"sameAs":["https:\/\/www.linkedin.com\/company\/andorsoft\/","https:\/\/www.instagram.com\/andorsoft\/"]}]}},"_links":{"self":[{"href":"https:\/\/andorsoft.com\/fr\/wp-json\/wp\/v2\/pages\/17112","targetHints":{"allow":["GET"]}}],"collection":[{"href":"https:\/\/andorsoft.com\/fr\/wp-json\/wp\/v2\/pages"}],"about":[{"href":"https:\/\/andorsoft.com\/fr\/wp-json\/wp\/v2\/types\/page"}],"author":[{"embeddable":true,"href":"https:\/\/andorsoft.com\/fr\/wp-json\/wp\/v2\/users\/1"}],"replies":[{"embeddable":true,"href":"https:\/\/andorsoft.com\/fr\/wp-json\/wp\/v2\/comments?post=17112"}],"version-history":[{"count":6,"href":"https:\/\/andorsoft.com\/fr\/wp-json\/wp\/v2\/pages\/17112\/revisions"}],"predecessor-version":[{"id":17121,"href":"https:\/\/andorsoft.com\/fr\/wp-json\/wp\/v2\/pages\/17112\/revisions\/17121"}],"wp:attachment":[{"href":"https:\/\/andorsoft.com\/fr\/wp-json\/wp\/v2\/media?parent=17112"}],"curies":[{"name":"wp","href":"https:\/\/api.w.org\/{rel}","templated":true}]}}