{"id":16599,"date":"2023-04-24T12:46:18","date_gmt":"2023-04-24T10:46:18","guid":{"rendered":"https:\/\/andorsoft.com\/?page_id=16599"},"modified":"2023-04-24T12:53:19","modified_gmt":"2023-04-24T10:53:19","slug":"politique-de-protection-des-donnees-clients","status":"publish","type":"page","link":"https:\/\/andorsoft.com\/fr\/politica-de-proteccio-de-dades-de-clients\/","title":{"rendered":"Politique de protection des donn\u00e9es client"},"content":{"rendered":"<div data-elementor-type=\"wp-page\" data-elementor-id=\"16599\" class=\"elementor elementor-16599\" data-elementor-post-type=\"page\">\n\t\t\t\t\t\t<section class=\"elementor-section elementor-top-section elementor-element elementor-element-3baf5792 elementor-section-boxed elementor-section-height-default elementor-section-height-default\" data-id=\"3baf5792\" data-element_type=\"section\" data-e-type=\"section\">\n\t\t\t\t\t\t<div class=\"elementor-container elementor-column-gap-default\">\n\t\t\t\t\t<div class=\"elementor-column elementor-col-100 elementor-top-column elementor-element elementor-element-55909407\" data-id=\"55909407\" data-element_type=\"column\" data-e-type=\"column\">\n\t\t\t<div class=\"elementor-widget-wrap elementor-element-populated\">\n\t\t\t\t\t\t<div class=\"elementor-element elementor-element-43dbd8e3 rainbow-title-1 elementor-widget elementor-widget-rainbow-title\" data-id=\"43dbd8e3\" data-element_type=\"widget\" data-e-type=\"widget\" data-widget_type=\"rainbow-title.default\">\n\t\t\t\t<div class=\"elementor-widget-container\">\n\t\t\t\t\t        <div class=\"section-title text-left\"\n             data-aos=\"fade-up\" data-aos-duration=\"500\" data-aos-delay=\"100\" data-aos-once=\"true\">\n                            <span class=\"subtitle sub-title\">Derni\u00e8re mise \u00e0 jour : 24 avril 2023<\/span>\n                                        <h2 class=\"title sec-title\">Andorsoft, SA Politique de protection des donn\u00e9es client<\/h2>\n                        <\/div>\n        \t\t\t\t<\/div>\n\t\t\t\t<\/div>\n\t\t\t\t<div class=\"elementor-element elementor-element-3bc81b1c elementor-widget elementor-widget-text-editor\" data-id=\"3bc81b1c\" data-element_type=\"widget\" data-e-type=\"widget\" data-widget_type=\"text-editor.default\">\n\t\t\t\t<div class=\"elementor-widget-container\">\n\t\t\t\t\t\t\t\t\t<p>1<b> - Introduction<\/b><\/p>\n<p>Andorsoft, SA (ci-apr\u00e8s \u00ab Andorsoft \u00bb, \u00ab nous \u00bb ou \u00ab notre \u00bb) s&#039;engage \u00e0 prot\u00e9ger les donn\u00e9es personnelles de nos clients et \u00e0 respecter la loi 29\/2021 du 28 octobre, qualifi\u00e9e de protection des donn\u00e9es personnelles d&#039;Andorre. Cette politique de protection des donn\u00e9es clients d\u00e9crit la mani\u00e8re dont nous traitons, prot\u00e9geons et g\u00e9rons vos donn\u00e9es personnelles ainsi que les droits dont vous disposez concernant vos donn\u00e9es.<\/p>\n<p>2<b> - D\u00e9l\u00e9gu\u00e9 \u00e0 la protection des donn\u00e9es<\/b><\/p>\n<p>Afin de garantir le respect de la loi 29\/2021, Andorsoft a nomm\u00e9 un d\u00e9l\u00e9gu\u00e9 \u00e0 la protection des donn\u00e9es (DPD) charg\u00e9 de superviser le traitement des donn\u00e9es personnelles et de veiller au respect des principes de protection des donn\u00e9es. La DPD est \u00e0 votre disposition pour toute question ou pr\u00e9occupation li\u00e9e \u00e0 la protection de vos donn\u00e9es personnelles. Vous pouvez contacter le DPD en envoyant un e-mail \u00e0 dpd@andorsoft.ad.<\/p>\n<p>3<b> \u2013 Donn\u00e9es personnelles que nous traitons<\/b><\/p>\n<p>Nous collectons et traitons les donn\u00e9es personnelles suivantes de nos clients :<\/p>\n<p>a) Donn\u00e9es d&#039;identification, telles que nom, pr\u00e9nom, pi\u00e8ce d&#039;identit\u00e9 ou num\u00e9ro de passeport.&nbsp;<\/p>\n<p>b) Coordonn\u00e9es, telles que l&#039;adresse postale, l&#039;adresse e-mail et le num\u00e9ro de t\u00e9l\u00e9phone.&nbsp;<\/p>\n<p>c) Donn\u00e9es financi\u00e8res et de paiement, telles que les donn\u00e9es bancaires ou de carte de cr\u00e9dit.&nbsp;<\/p>\n<p>d) Donn\u00e9es de navigation et interaction avec notre site Web et nos services, telles que l&#039;adresse IP, le type de navigateur et les pages visit\u00e9es.<\/p>\n<p>4<b> - Finalit\u00e9s du traitement des donn\u00e9es<\/b><\/p>\n<p>Nous utilisons vos donn\u00e9es personnelles aux fins suivantes :<\/p>\n<p>a) G\u00e9rer votre relation commerciale avec Andorsoft, y compris l&#039;achat et la facturation de nos produits et services.&nbsp;<\/p>\n<p>b) R\u00e9pondre \u00e0 vos demandes et vous fournir une assistance concernant nos produits et services.&nbsp;<\/p>\n<p>c) Vous envoyer des informations commerciales et promotionnelles sur nos produits et services, \u00e0 condition que vous ayez donn\u00e9 votre consentement expr\u00e8s.&nbsp;<\/p>\n<p>d) R\u00e9aliser des analyses statistiques et des \u00e9tudes de march\u00e9 pour am\u00e9liorer notre offre de produits et services.<\/p>\n<p><b>5 \u2013 Base juridique du traitement des donn\u00e9es<\/b><\/p>\n<p>Le traitement de vos donn\u00e9es personnelles repose sur les bases juridiques suivantes :<\/p>\n<p>a) Ex\u00e9cution d&#039;un contrat ou application de mesures pr\u00e9contractuelles, en relation avec la gestion de votre relation commerciale avec Andorsoft.&nbsp;<\/p>\n<p>b) Consentement expr\u00e8s, en ce qui concerne l&#039;envoi d&#039;informations commerciales et promotionnelles, ainsi que lorsque des donn\u00e9es personnelles sont collect\u00e9es \u00e0 des fins non pr\u00e9vues dans la pr\u00e9sente politique de protection des donn\u00e9es clients.&nbsp;<\/p>\n<p>c) Int\u00e9r\u00eat l\u00e9gitime d&#039;Andorsoft, en relation avec la r\u00e9alisation d&#039;analyses statistiques et d&#039;\u00e9tudes de march\u00e9, ainsi que la pr\u00e9vention et la d\u00e9tection des fraudes.<\/p>\n<p><strong>6 \u2013 Destinataires des donn\u00e9es<\/strong><\/p>\n<p>Vos donn\u00e9es personnelles peuvent \u00eatre partag\u00e9es avec les cat\u00e9gories de destinataires suivantes :<\/p>\n<p>a) Les prestataires de services agissant en tant que sous-traitants pour le compte d&#039;Andorsoft, tels que les h\u00e9bergeurs, les services d&#039;assistance technique ou les services de paiement.&nbsp;<\/p>\n<p>b) Les autorit\u00e9s publiques, lorsque cela est requis par la loi ou pour respecter nos obligations l\u00e9gales.<\/p>\n<p>Andorsoft garantit que tous les destinataires de vos donn\u00e9es personnelles respectent les mesures de s\u00e9curit\u00e9 appropri\u00e9es et que vos droits relatifs \u00e0 vos donn\u00e9es personnelles sont respect\u00e9s.<\/p>\n<p>7<b> - Droits des parties int\u00e9ress\u00e9es<\/b><\/p>\n<p>En tant que titulaire de donn\u00e9es personnelles, vous disposez des droits suivants concernant le traitement de vos donn\u00e9es :<\/p>\n<p>a) Droit d&#039;acc\u00e8s : Vous pouvez demander des informations sur les donn\u00e9es personnelles que nous traitons et obtenir une copie de ces donn\u00e9es.&nbsp;<\/p>\n<p>b) Droit de rectification : Vous pouvez demander la rectification de vos donn\u00e9es personnelles si elles sont inexactes ou incompl\u00e8tes.&nbsp;<\/p>\n<p>c) Droit \u00e0 la suppression : Vous pouvez demander la suppression de vos donn\u00e9es personnelles lorsqu&#039;elles ne sont plus n\u00e9cessaires aux finalit\u00e9s pour lesquelles elles ont \u00e9t\u00e9 collect\u00e9es, ou lorsque vous avez retir\u00e9 votre consentement.&nbsp;<\/p>\n<p>d) Droit d&#039;opposition : Vous pouvez vous opposer au traitement de vos donn\u00e9es personnelles \u00e0 certaines fins, comme l&#039;envoi d&#039;informations commerciales.&nbsp;<\/p>\n<p>e) Droit \u00e0 la limitation du traitement : Vous pouvez demander la limitation du traitement de vos donn\u00e9es personnelles dans certaines circonstances, par exemple lorsque vous contestez l&#039;exactitude des donn\u00e9es.&nbsp;<\/p>\n<p>f) Droit \u00e0 la portabilit\u00e9 des donn\u00e9es : Vous pouvez demander \u00e0 recevoir vos donn\u00e9es personnelles dans un format structur\u00e9, couramment utilis\u00e9 et lisible par machine, ou qu&#039;elles soient transmises \u00e0 un autre responsable du traitement.<\/p>\n<p>Pour exercer ces droits, vous pouvez contacter notre d\u00e9l\u00e9gu\u00e9 \u00e0 la protection des donn\u00e9es en envoyant un email \u00e0 dpd@andorsoft.ad. Si vous n&#039;\u00eates pas satisfait de notre r\u00e9ponse, vous pouvez d\u00e9poser une plainte aupr\u00e8s de l&#039;autorit\u00e9 andorrane de protection des donn\u00e9es.<\/p>\n<p>8<b> \u2013 Modifications de la politique de protection des donn\u00e9es clients<\/b><\/p>\n<p>Nous nous r\u00e9servons le droit de mettre \u00e0 jour cette politique de protection des donn\u00e9es clients \u00e0 tout moment. Toute modification de cette politique sera publi\u00e9e sur cette page. Nous vous recommandons de consulter p\u00e9riodiquement cette politique pour \u00eatre inform\u00e9 de la mani\u00e8re dont nous prot\u00e9geons vos donn\u00e9es personnelles.<\/p>\n<p>9<b> - Contact<\/b><\/p><p>Si vous avez des questions ou des pr\u00e9occupations concernant cette politique de protection des donn\u00e9es clients, veuillez nous contacter via les canaux suivants :<\/p>\n<p>dpd@andorsoft.ad<\/p>\n<p>Nous nous engageons \u00e0 r\u00e9soudre toute pr\u00e9occupation ou plainte li\u00e9e \u00e0 la protection de vos donn\u00e9es personnelles. Si vous n&#039;\u00eates pas satisfait de notre r\u00e9ponse, vous pouvez d\u00e9poser une plainte aupr\u00e8s de l&#039;autorit\u00e9 andorrane de protection des donn\u00e9es.<\/p>\n<p>Merci d&#039;utiliser notre site Web et de faire confiance \u00e0 Andorsoft, SA pour vos besoins. Nous nous engageons \u00e0 prot\u00e9ger votre vie priv\u00e9e et \u00e0 vous offrir une exp\u00e9rience en ligne s\u00fbre et agr\u00e9able.<\/p><p><br><\/p><p><br><\/p>\t\t\t\t\t\t\t\t<\/div>\n\t\t\t\t<\/div>\n\t\t\t\t\t<\/div>\n\t\t<\/div>\n\t\t\t\t\t<\/div>\n\t\t<\/section>\n\t\t\t\t<section class=\"elementor-section elementor-top-section elementor-element elementor-element-6c2d418 elementor-hidden-desktop elementor-hidden-tablet elementor-hidden-mobile elementor-section-boxed elementor-section-height-default elementor-section-height-default\" data-id=\"6c2d418\" data-element_type=\"section\" data-e-type=\"section\">\n\t\t\t\t\t\t<div class=\"elementor-container elementor-column-gap-default\">\n\t\t\t\t\t<div class=\"elementor-column elementor-col-100 elementor-top-column elementor-element elementor-element-24c15e43\" data-id=\"24c15e43\" data-element_type=\"column\" data-e-type=\"column\">\n\t\t\t<div class=\"elementor-widget-wrap elementor-element-populated\">\n\t\t\t\t\t\t<div class=\"elementor-element elementor-element-1f9e19f4 elementor-widget elementor-widget-heading\" data-id=\"1f9e19f4\" data-element_type=\"widget\" data-e-type=\"widget\" data-widget_type=\"heading.default\">\n\t\t\t\t<div class=\"elementor-widget-container\">\n\t\t\t\t\t<h2 class=\"elementor-heading-title elementor-size-default\">Nos clients de confiance<\/h2>\t\t\t\t<\/div>\n\t\t\t\t<\/div>\n\t\t\t\t<div class=\"elementor-element elementor-element-297983e4 elementor-widget elementor-widget-rainbow-brand\" data-id=\"297983e4\" data-element_type=\"widget\" data-e-type=\"widget\" data-widget_type=\"rainbow-brand.default\">\n\t\t\t\t<div class=\"elementor-widget-container\">\n\t\t\t\t\t<div class=\"brand-wrapper-three mb_dec--30\">\n    \n        <div data-aos=\"fade-up\" data-aos-duration=\"1000\" data-aos-delay=\"100\" data-aos-once=\"true\"\n             class=\"rn-brand\">\n            <div class=\"inner text-center\">\n            <div class=\"thumbnail\">\n                 <a href=\"#\" >                                     <img decoding=\"async\" width=\"146\" height=\"92\" src=\"https:\/\/andorsoft.com\/wp-content\/uploads\/2021\/08\/client1-1.png\" class=\"attachment-full size-full\" alt=\"client1\" \/>                                     <\/a>                 <\/div> \n                <div class=\"seperator\"><\/div>\n                <div class=\"client-name\"><span><a\n                                href=\"#\">Google<\/a><\/span>\n                <\/div>\n            <\/div>\n        <\/div>\n    \n        <div data-aos=\"fade-up\" data-aos-duration=\"1000\" data-aos-delay=\"100\" data-aos-once=\"true\"\n             class=\"rn-brand\">\n            <div class=\"inner text-center\">\n            <div class=\"thumbnail\">\n                 <a href=\"#\" >                                     <img decoding=\"async\" width=\"90\" height=\"90\" src=\"https:\/\/andorsoft.com\/wp-content\/uploads\/2021\/08\/client2.png\" class=\"attachment-full size-full\" alt=\"client2\" \/>                                     <\/a>                 <\/div> \n                <div class=\"seperator\"><\/div>\n                <div class=\"client-name\"><span><a\n                                href=\"#\">Pomme<\/a><\/span>\n                <\/div>\n            <\/div>\n        <\/div>\n    \n        <div data-aos=\"fade-up\" data-aos-duration=\"1000\" data-aos-delay=\"100\" data-aos-once=\"true\"\n             class=\"rn-brand\">\n            <div class=\"inner text-center\">\n            <div class=\"thumbnail\">\n                 <a href=\"#\" >                                     <img decoding=\"async\" width=\"126\" height=\"60\" src=\"https:\/\/andorsoft.com\/wp-content\/uploads\/2021\/08\/client3.png\" class=\"attachment-full size-full\" alt=\"client3\" \/>                                     <\/a>                 <\/div> \n                <div class=\"seperator\"><\/div>\n                <div class=\"client-name\"><span><a\n                                href=\"#\">Nike<\/a><\/span>\n                <\/div>\n            <\/div>\n        <\/div>\n    \n        <div data-aos=\"fade-up\" data-aos-duration=\"1000\" data-aos-delay=\"100\" data-aos-once=\"true\"\n             class=\"rn-brand\">\n            <div class=\"inner text-center\">\n            <div class=\"thumbnail\">\n                 <a href=\"#\" >                                     <img loading=\"lazy\" decoding=\"async\" width=\"114\" height=\"78\" src=\"https:\/\/andorsoft.com\/wp-content\/uploads\/2021\/08\/client4.png\" class=\"attachment-full size-full\" alt=\"client4\" \/>                                     <\/a>                 <\/div> \n                <div class=\"seperator\"><\/div>\n                <div class=\"client-name\"><span><a\n                                href=\"#\">Amazone<\/a><\/span>\n                <\/div>\n            <\/div>\n        <\/div>\n    <\/div>\n\t\t\t\t<\/div>\n\t\t\t\t<\/div>\n\t\t\t\t\t<\/div>\n\t\t<\/div>\n\t\t\t\t\t<\/div>\n\t\t<\/section>\n\t\t\t\t<\/div>","protected":false},"excerpt":{"rendered":"<p>\u00daltima actualitzaci\u00f3: 24 d&#8217;abril de 2023 Pol\u00edtica de Protecci\u00f3 de Dades de Clients d&#8217;Andorsoft, S.A. 1 &#8211; Introducci\u00f3 Andorsoft, S.A. (en endavant, &#8220;Andorsoft&#8221;, &#8220;nosaltres&#8221; o &#8220;la nostra&#8221;) es compromet a protegir les dades personals dels nostres clients i a complir amb la Llei 29\/2021, de 28 d&#8217;octubre, qualificada de protecci\u00f3 de dades personals d&#8217;Andorra. Aquesta [&hellip;]<\/p>\n","protected":false},"author":1,"featured_media":0,"parent":0,"menu_order":0,"comment_status":"closed","ping_status":"closed","template":"elementor_header_footer","meta":{"footnotes":""},"class_list":["post-16599","page","type-page","status-publish","hentry"],"acf":[],"yoast_head":"<!-- This site is optimized with the Yoast SEO plugin v27.2 - https:\/\/yoast.com\/product\/yoast-seo-wordpress\/ -->\n<title>Pol\u00edtica de Protecci\u00f3 de Dades de Clients - Andorsoft, S.A.<\/title>\n<meta name=\"robots\" content=\"index, follow, max-snippet:-1, max-image-preview:large, max-video-preview:-1\" \/>\n<link rel=\"canonical\" href=\"https:\/\/andorsoft.com\/fr\/politique-de-protection-des-donnees-clients\/\" \/>\n<meta property=\"og:locale\" content=\"fr_FR\" \/>\n<meta property=\"og:type\" content=\"article\" \/>\n<meta property=\"og:title\" content=\"Pol\u00edtica de Protecci\u00f3 de Dades de Clients - Andorsoft, S.A.\" \/>\n<meta property=\"og:description\" content=\"\u00daltima actualitzaci\u00f3: 24 d&#8217;abril de 2023 Pol\u00edtica de Protecci\u00f3 de Dades de Clients d&#8217;Andorsoft, S.A. 1 &#8211; Introducci\u00f3 Andorsoft, S.A. (en endavant, &#8220;Andorsoft&#8221;, &#8220;nosaltres&#8221; o &#8220;la nostra&#8221;) es compromet a protegir les dades personals dels nostres clients i a complir amb la Llei 29\/2021, de 28 d&#8217;octubre, qualificada de protecci\u00f3 de dades personals d&#8217;Andorra. Aquesta [&hellip;]\" \/>\n<meta property=\"og:url\" content=\"https:\/\/andorsoft.com\/fr\/politique-de-protection-des-donnees-clients\/\" \/>\n<meta property=\"og:site_name\" content=\"Andorsoft, S.A.\" \/>\n<meta property=\"article:modified_time\" content=\"2023-04-24T10:53:19+00:00\" \/>\n<meta property=\"og:image\" content=\"https:\/\/andorsoft.com\/wp-content\/uploads\/2021\/08\/client1-1.png\" \/>\n<meta name=\"twitter:card\" content=\"summary_large_image\" \/>\n<meta name=\"twitter:label1\" content=\"Dur\u00e9e de lecture estim\u00e9e\" \/>\n\t<meta name=\"twitter:data1\" content=\"5 minutes\" \/>\n<script type=\"application\/ld+json\" class=\"yoast-schema-graph\">{\"@context\":\"https:\/\/schema.org\",\"@graph\":[{\"@type\":\"WebPage\",\"@id\":\"https:\/\/andorsoft.com\/politica-de-proteccio-de-dades-de-clients\/\",\"url\":\"https:\/\/andorsoft.com\/politica-de-proteccio-de-dades-de-clients\/\",\"name\":\"Pol\u00edtica de Protecci\u00f3 de Dades de Clients - Andorsoft, S.A.\",\"isPartOf\":{\"@id\":\"https:\/\/andorsoft.com\/#website\"},\"primaryImageOfPage\":{\"@id\":\"https:\/\/andorsoft.com\/politica-de-proteccio-de-dades-de-clients\/#primaryimage\"},\"image\":{\"@id\":\"https:\/\/andorsoft.com\/politica-de-proteccio-de-dades-de-clients\/#primaryimage\"},\"thumbnailUrl\":\"https:\/\/andorsoft.com\/wp-content\/uploads\/2021\/08\/client1-1.png\",\"datePublished\":\"2023-04-24T10:46:18+00:00\",\"dateModified\":\"2023-04-24T10:53:19+00:00\",\"breadcrumb\":{\"@id\":\"https:\/\/andorsoft.com\/politica-de-proteccio-de-dades-de-clients\/#breadcrumb\"},\"inLanguage\":\"fr-FR\",\"potentialAction\":[{\"@type\":\"ReadAction\",\"target\":[\"https:\/\/andorsoft.com\/politica-de-proteccio-de-dades-de-clients\/\"]}]},{\"@type\":\"ImageObject\",\"inLanguage\":\"fr-FR\",\"@id\":\"https:\/\/andorsoft.com\/politica-de-proteccio-de-dades-de-clients\/#primaryimage\",\"url\":\"https:\/\/andorsoft.com\/wp-content\/uploads\/2021\/08\/client1-1.png\",\"contentUrl\":\"https:\/\/andorsoft.com\/wp-content\/uploads\/2021\/08\/client1-1.png\"},{\"@type\":\"BreadcrumbList\",\"@id\":\"https:\/\/andorsoft.com\/politica-de-proteccio-de-dades-de-clients\/#breadcrumb\",\"itemListElement\":[{\"@type\":\"ListItem\",\"position\":1,\"name\":\"Inici\",\"item\":\"https:\/\/andorsoft.com\/\"},{\"@type\":\"ListItem\",\"position\":2,\"name\":\"Pol\u00edtica de Protecci\u00f3 de Dades de Clients\"}]},{\"@type\":\"WebSite\",\"@id\":\"https:\/\/andorsoft.com\/#website\",\"url\":\"https:\/\/andorsoft.com\/\",\"name\":\"Andorsoft, S.A.\",\"description\":\"\",\"publisher\":{\"@id\":\"https:\/\/andorsoft.com\/#organization\"},\"potentialAction\":[{\"@type\":\"SearchAction\",\"target\":{\"@type\":\"EntryPoint\",\"urlTemplate\":\"https:\/\/andorsoft.com\/?s={search_term_string}\"},\"query-input\":{\"@type\":\"PropertyValueSpecification\",\"valueRequired\":true,\"valueName\":\"search_term_string\"}}],\"inLanguage\":\"fr-FR\"},{\"@type\":\"Organization\",\"@id\":\"https:\/\/andorsoft.com\/#organization\",\"name\":\"Andorsoft, S.A.\",\"url\":\"https:\/\/andorsoft.com\/\",\"logo\":{\"@type\":\"ImageObject\",\"inLanguage\":\"fr-FR\",\"@id\":\"https:\/\/andorsoft.com\/#\/schema\/logo\/image\/\",\"url\":\"https:\/\/andorsoft.com\/wp-content\/uploads\/2023\/04\/andorsoft-Transparente-V-2.png\",\"contentUrl\":\"https:\/\/andorsoft.com\/wp-content\/uploads\/2023\/04\/andorsoft-Transparente-V-2.png\",\"width\":1280,\"height\":878,\"caption\":\"Andorsoft, S.A.\"},\"image\":{\"@id\":\"https:\/\/andorsoft.com\/#\/schema\/logo\/image\/\"},\"sameAs\":[\"https:\/\/www.linkedin.com\/company\/andorsoft\/\",\"https:\/\/www.instagram.com\/andorsoft\/\"]}]}<\/script>\n<!-- \/ Yoast SEO plugin. -->","yoast_head_json":{"title":"Politique de protection des donn\u00e9es clients - Andorsoft, SA","robots":{"index":"index","follow":"follow","max-snippet":"max-snippet:-1","max-image-preview":"max-image-preview:large","max-video-preview":"max-video-preview:-1"},"canonical":"https:\/\/andorsoft.com\/fr\/politique-de-protection-des-donnees-clients\/","og_locale":"fr_FR","og_type":"article","og_title":"Pol\u00edtica de Protecci\u00f3 de Dades de Clients - Andorsoft, S.A.","og_description":"\u00daltima actualitzaci\u00f3: 24 d&#8217;abril de 2023 Pol\u00edtica de Protecci\u00f3 de Dades de Clients d&#8217;Andorsoft, S.A. 1 &#8211; Introducci\u00f3 Andorsoft, S.A. (en endavant, &#8220;Andorsoft&#8221;, &#8220;nosaltres&#8221; o &#8220;la nostra&#8221;) es compromet a protegir les dades personals dels nostres clients i a complir amb la Llei 29\/2021, de 28 d&#8217;octubre, qualificada de protecci\u00f3 de dades personals d&#8217;Andorra. Aquesta [&hellip;]","og_url":"https:\/\/andorsoft.com\/fr\/politique-de-protection-des-donnees-clients\/","og_site_name":"Andorsoft, S.A.","article_modified_time":"2023-04-24T10:53:19+00:00","og_image":[{"url":"https:\/\/andorsoft.com\/wp-content\/uploads\/2021\/08\/client1-1.png","type":"","width":"","height":""}],"twitter_card":"summary_large_image","twitter_misc":{"Dur\u00e9e de lecture estim\u00e9e":"5 minutes"},"schema":{"@context":"https:\/\/schema.org","@graph":[{"@type":"WebPage","@id":"https:\/\/andorsoft.com\/politica-de-proteccio-de-dades-de-clients\/","url":"https:\/\/andorsoft.com\/politica-de-proteccio-de-dades-de-clients\/","name":"Politique de protection des donn\u00e9es clients - Andorsoft, SA","isPartOf":{"@id":"https:\/\/andorsoft.com\/#website"},"primaryImageOfPage":{"@id":"https:\/\/andorsoft.com\/politica-de-proteccio-de-dades-de-clients\/#primaryimage"},"image":{"@id":"https:\/\/andorsoft.com\/politica-de-proteccio-de-dades-de-clients\/#primaryimage"},"thumbnailUrl":"https:\/\/andorsoft.com\/wp-content\/uploads\/2021\/08\/client1-1.png","datePublished":"2023-04-24T10:46:18+00:00","dateModified":"2023-04-24T10:53:19+00:00","breadcrumb":{"@id":"https:\/\/andorsoft.com\/politica-de-proteccio-de-dades-de-clients\/#breadcrumb"},"inLanguage":"fr-FR","potentialAction":[{"@type":"ReadAction","target":["https:\/\/andorsoft.com\/politica-de-proteccio-de-dades-de-clients\/"]}]},{"@type":"ImageObject","inLanguage":"fr-FR","@id":"https:\/\/andorsoft.com\/politica-de-proteccio-de-dades-de-clients\/#primaryimage","url":"https:\/\/andorsoft.com\/wp-content\/uploads\/2021\/08\/client1-1.png","contentUrl":"https:\/\/andorsoft.com\/wp-content\/uploads\/2021\/08\/client1-1.png"},{"@type":"BreadcrumbList","@id":"https:\/\/andorsoft.com\/politica-de-proteccio-de-dades-de-clients\/#breadcrumb","itemListElement":[{"@type":"ListItem","position":1,"name":"Inici","item":"https:\/\/andorsoft.com\/"},{"@type":"ListItem","position":2,"name":"Pol\u00edtica de Protecci\u00f3 de Dades de Clients"}]},{"@type":"WebSite","@id":"https:\/\/andorsoft.com\/#website","url":"https:\/\/andorsoft.com\/","name":"Andorsoft, SA","description":"","publisher":{"@id":"https:\/\/andorsoft.com\/#organization"},"potentialAction":[{"@type":"SearchAction","target":{"@type":"EntryPoint","urlTemplate":"https:\/\/andorsoft.com\/?s={search_term_string}"},"query-input":{"@type":"PropertyValueSpecification","valueRequired":true,"valueName":"search_term_string"}}],"inLanguage":"fr-FR"},{"@type":"Organization","@id":"https:\/\/andorsoft.com\/#organization","name":"Andorsoft, SA","url":"https:\/\/andorsoft.com\/","logo":{"@type":"ImageObject","inLanguage":"fr-FR","@id":"https:\/\/andorsoft.com\/#\/schema\/logo\/image\/","url":"https:\/\/andorsoft.com\/wp-content\/uploads\/2023\/04\/andorsoft-Transparente-V-2.png","contentUrl":"https:\/\/andorsoft.com\/wp-content\/uploads\/2023\/04\/andorsoft-Transparente-V-2.png","width":1280,"height":878,"caption":"Andorsoft, S.A."},"image":{"@id":"https:\/\/andorsoft.com\/#\/schema\/logo\/image\/"},"sameAs":["https:\/\/www.linkedin.com\/company\/andorsoft\/","https:\/\/www.instagram.com\/andorsoft\/"]}]}},"_links":{"self":[{"href":"https:\/\/andorsoft.com\/fr\/wp-json\/wp\/v2\/pages\/16599","targetHints":{"allow":["GET"]}}],"collection":[{"href":"https:\/\/andorsoft.com\/fr\/wp-json\/wp\/v2\/pages"}],"about":[{"href":"https:\/\/andorsoft.com\/fr\/wp-json\/wp\/v2\/types\/page"}],"author":[{"embeddable":true,"href":"https:\/\/andorsoft.com\/fr\/wp-json\/wp\/v2\/users\/1"}],"replies":[{"embeddable":true,"href":"https:\/\/andorsoft.com\/fr\/wp-json\/wp\/v2\/comments?post=16599"}],"version-history":[{"count":3,"href":"https:\/\/andorsoft.com\/fr\/wp-json\/wp\/v2\/pages\/16599\/revisions"}],"predecessor-version":[{"id":16602,"href":"https:\/\/andorsoft.com\/fr\/wp-json\/wp\/v2\/pages\/16599\/revisions\/16602"}],"wp:attachment":[{"href":"https:\/\/andorsoft.com\/fr\/wp-json\/wp\/v2\/media?parent=16599"}],"curies":[{"name":"wp","href":"https:\/\/api.w.org\/{rel}","templated":true}]}}