{"id":16595,"date":"2023-04-24T12:29:35","date_gmt":"2023-04-24T10:29:35","guid":{"rendered":"https:\/\/andorsoft.com\/?page_id=16595"},"modified":"2023-04-24T13:11:19","modified_gmt":"2023-04-24T11:11:19","slug":"politique-de-cookies","status":"publish","type":"page","link":"https:\/\/andorsoft.com\/fr\/politica-de-cookies\/","title":{"rendered":"Politique de cookies"},"content":{"rendered":"<div data-elementor-type=\"wp-page\" data-elementor-id=\"16595\" class=\"elementor elementor-16595\" data-elementor-post-type=\"page\">\n\t\t\t\t\t\t<section class=\"elementor-section elementor-top-section elementor-element elementor-element-3baf5792 elementor-section-boxed elementor-section-height-default elementor-section-height-default\" data-id=\"3baf5792\" data-element_type=\"section\" data-e-type=\"section\">\n\t\t\t\t\t\t<div class=\"elementor-container elementor-column-gap-default\">\n\t\t\t\t\t<div class=\"elementor-column elementor-col-100 elementor-top-column elementor-element elementor-element-55909407\" data-id=\"55909407\" data-element_type=\"column\" data-e-type=\"column\">\n\t\t\t<div class=\"elementor-widget-wrap elementor-element-populated\">\n\t\t\t\t\t\t<div class=\"elementor-element elementor-element-43dbd8e3 rainbow-title-1 elementor-widget elementor-widget-rainbow-title\" data-id=\"43dbd8e3\" data-element_type=\"widget\" data-e-type=\"widget\" data-widget_type=\"rainbow-title.default\">\n\t\t\t\t<div class=\"elementor-widget-container\">\n\t\t\t\t\t        <div class=\"section-title text-left\"\n             data-aos=\"fade-up\" data-aos-duration=\"500\" data-aos-delay=\"100\" data-aos-once=\"true\">\n                            <span class=\"subtitle sub-title\">Derni\u00e8re mise \u00e0 jour : 24 avril 2023<\/span>\n                                        <h2 class=\"title sec-title\">Politique de cookies d&#039;Andorsoft, SA<\/h2>\n                        <\/div>\n        \t\t\t\t<\/div>\n\t\t\t\t<\/div>\n\t\t\t\t<div class=\"elementor-element elementor-element-3bc81b1c elementor-widget elementor-widget-text-editor\" data-id=\"3bc81b1c\" data-element_type=\"widget\" data-e-type=\"widget\" data-widget_type=\"text-editor.default\">\n\t\t\t\t<div class=\"elementor-widget-container\">\n\t\t\t\t\t\t\t\t\t<p>1 <b>- Introduction<\/b><\/p>\n<p>Cette politique en mati\u00e8re de cookies d\u00e9crit comment Andorsoft, SA (ci-apr\u00e8s, \u00ab Andorsoft \u00bb, \u00ab nous \u00bb ou \u00ab notre \u00bb) utilise les cookies et technologies similaires sur notre site Web. Les cookies nous aident \u00e0 offrir une meilleure exp\u00e9rience utilisateur, \u00e0 personnaliser le contenu et \u00e0 analyser l&#039;utilisation de notre site Web.<\/p>\n<p>Cette politique en mati\u00e8re de cookies est conforme \u00e0 la loi d&#039;Andorre sur les services de la soci\u00e9t\u00e9 de l&#039;information et du commerce \u00e9lectronique, ainsi qu&#039;au r\u00e8glement g\u00e9n\u00e9ral sur la protection des donn\u00e9es de l&#039;Union europ\u00e9enne (RGPD).<\/p>\n<p>2<b> \u2013 Que sont les cookies ?<\/b><\/p>\n<p>Les cookies sont de petits fichiers texte stock\u00e9s sur votre appareil lorsque vous visitez un site Web. Les cookies sont utilis\u00e9s \u00e0 diff\u00e9rentes fins, telles que m\u00e9moriser vos pr\u00e9f\u00e9rences, faciliter la navigation ou collecter des informations statistiques.<\/p>\n<p>3<b> \u2013 Types de cookies que nous utilisons<\/b><\/p>\n<p>Nous utilisons le plugin WordPress CookieYes, qui permet aux utilisateurs de contr\u00f4ler les cookies utilis\u00e9s sur notre site Internet. Les cookies que nous utilisons peuvent \u00eatre class\u00e9s dans les cat\u00e9gories suivantes :<\/p>\n<p>a) Cookies strictement n\u00e9cessaires : Ces cookies sont indispensables au fonctionnement de notre site Internet. Sans ces cookies, certaines fonctionnalit\u00e9s du site pourraient ne pas fonctionner correctement.<\/p>\n<p>b) Cookies d&#039;analyse et de performances : Ces cookies nous permettent d&#039;analyser l&#039;utilisation de notre site Internet et d&#039;am\u00e9liorer ses performances. Par exemple, ils nous aident \u00e0 identifier les pages les plus visit\u00e9es et \u00e0 d\u00e9tecter les probl\u00e8mes de navigation.<\/p>\n<p>c) Cookies de fonctionnalit\u00e9\u00a0: ces cookies vous permettent de m\u00e9moriser vos pr\u00e9f\u00e9rences et de personnaliser votre exp\u00e9rience en tant qu&#039;utilisateur, comme la m\u00e9morisation de votre langue ou de vos options de localisation.<\/p>\n<p>d) Cookies de publicit\u00e9 et de marketing\u00a0: ces cookies sont utilis\u00e9s pour afficher des publicit\u00e9s pertinentes et personnalis\u00e9es aux utilisateurs, ainsi que pour limiter le nombre de fois qu&#039;une publicit\u00e9 est vue.<\/p>\n<p><b>4 \u2013 Gestion des cookies<\/b><\/p>\n<p>Vous pouvez accepter ou refuser les cookies en utilisant le panneau de configuration des cookies fourni par le plugin CookieYes. De plus, vous pouvez modifier vos pr\u00e9f\u00e9rences en mati\u00e8re de cookies \u00e0 tout moment via les options de votre navigateur. Veuillez noter que si vous d\u00e9sactivez les cookies, certaines fonctionnalit\u00e9s de notre site Web pourraient ne pas fonctionner correctement.<\/p>\n<p>5<b> \u2013 Modifications de la politique des cookies<\/b><\/p>\n<p>Nous nous r\u00e9servons le droit de mettre \u00e0 jour cette politique en mati\u00e8re de cookies \u00e0 tout moment. Toute modification de cette politique sera publi\u00e9e sur cette page.<\/p>\n<p><b>6 \u2013 Contacter<\/b><\/p>\n<p>Si vous avez des questions ou des pr\u00e9occupations concernant cette politique en mati\u00e8re de cookies, veuillez nous contacter via les canaux suivants\u00a0:<\/p>\n<p>Andorsoft, SA Av. Fiter i Rossell, 4 (Ed. Centre de Negoci) AD700 Escaldes, Andorre T\u00e9l\u00e9phone : +376 800 750 E-mail : dpd@andorsoft.ad<\/p>\n<p>Nous nous engageons \u00e0 r\u00e9soudre toute pr\u00e9occupation ou plainte li\u00e9e \u00e0 l&#039;utilisation de cookies sur notre site Web. Si vous n&#039;\u00eates pas satisfait de notre r\u00e9ponse, vous pouvez d\u00e9poser une plainte aupr\u00e8s de l&#039;autorit\u00e9 de protection des donn\u00e9es d&#039;Andorre ou de l&#039;Union europ\u00e9enne.<\/p>\n<p>Merci d&#039;utiliser notre site Web et de faire confiance \u00e0 Andorsoft, SA pour vos besoins. Nous nous engageons \u00e0 prot\u00e9ger votre vie priv\u00e9e et \u00e0 vous offrir une exp\u00e9rience en ligne s\u00fbre et agr\u00e9able.<\/p>\n<p><br><\/p>\n<p><br><\/p>\t\t\t\t\t\t\t\t<\/div>\n\t\t\t\t<\/div>\n\t\t\t\t\t<\/div>\n\t\t<\/div>\n\t\t\t\t\t<\/div>\n\t\t<\/section>\n\t\t\t\t<section class=\"elementor-section elementor-top-section elementor-element elementor-element-6c2d418 elementor-hidden-desktop elementor-hidden-tablet elementor-hidden-mobile elementor-section-boxed elementor-section-height-default elementor-section-height-default\" data-id=\"6c2d418\" data-element_type=\"section\" data-e-type=\"section\">\n\t\t\t\t\t\t<div class=\"elementor-container elementor-column-gap-default\">\n\t\t\t\t\t<div class=\"elementor-column elementor-col-100 elementor-top-column elementor-element elementor-element-24c15e43\" data-id=\"24c15e43\" data-element_type=\"column\" data-e-type=\"column\">\n\t\t\t<div class=\"elementor-widget-wrap elementor-element-populated\">\n\t\t\t\t\t\t<div class=\"elementor-element elementor-element-1f9e19f4 elementor-widget elementor-widget-heading\" data-id=\"1f9e19f4\" data-element_type=\"widget\" data-e-type=\"widget\" data-widget_type=\"heading.default\">\n\t\t\t\t<div class=\"elementor-widget-container\">\n\t\t\t\t\t<h2 class=\"elementor-heading-title elementor-size-default\">Nos clients de confiance<\/h2>\t\t\t\t<\/div>\n\t\t\t\t<\/div>\n\t\t\t\t<div class=\"elementor-element elementor-element-297983e4 elementor-widget elementor-widget-rainbow-brand\" data-id=\"297983e4\" data-element_type=\"widget\" data-e-type=\"widget\" data-widget_type=\"rainbow-brand.default\">\n\t\t\t\t<div class=\"elementor-widget-container\">\n\t\t\t\t\t<div class=\"brand-wrapper-three mb_dec--30\">\n    \n        <div data-aos=\"fade-up\" data-aos-duration=\"1000\" data-aos-delay=\"100\" data-aos-once=\"true\"\n             class=\"rn-brand\">\n            <div class=\"inner text-center\">\n            <div class=\"thumbnail\">\n                 <a href=\"#\" >                                     <img decoding=\"async\" width=\"146\" height=\"92\" src=\"https:\/\/andorsoft.com\/wp-content\/uploads\/2021\/08\/client1-1.png\" class=\"attachment-full size-full\" alt=\"client1\" \/>                                     <\/a>                 <\/div> \n                <div class=\"seperator\"><\/div>\n                <div class=\"client-name\"><span><a\n                                href=\"#\">Google<\/a><\/span>\n                <\/div>\n            <\/div>\n        <\/div>\n    \n        <div data-aos=\"fade-up\" data-aos-duration=\"1000\" data-aos-delay=\"100\" data-aos-once=\"true\"\n             class=\"rn-brand\">\n            <div class=\"inner text-center\">\n            <div class=\"thumbnail\">\n                 <a href=\"#\" >                                     <img decoding=\"async\" width=\"90\" height=\"90\" src=\"https:\/\/andorsoft.com\/wp-content\/uploads\/2021\/08\/client2.png\" class=\"attachment-full size-full\" alt=\"client2\" \/>                                     <\/a>                 <\/div> \n                <div class=\"seperator\"><\/div>\n                <div class=\"client-name\"><span><a\n                                href=\"#\">Pomme<\/a><\/span>\n                <\/div>\n            <\/div>\n        <\/div>\n    \n        <div data-aos=\"fade-up\" data-aos-duration=\"1000\" data-aos-delay=\"100\" data-aos-once=\"true\"\n             class=\"rn-brand\">\n            <div class=\"inner text-center\">\n            <div class=\"thumbnail\">\n                 <a href=\"#\" >                                     <img decoding=\"async\" width=\"126\" height=\"60\" src=\"https:\/\/andorsoft.com\/wp-content\/uploads\/2021\/08\/client3.png\" class=\"attachment-full size-full\" alt=\"client3\" \/>                                     <\/a>                 <\/div> \n                <div class=\"seperator\"><\/div>\n                <div class=\"client-name\"><span><a\n                                href=\"#\">Nike<\/a><\/span>\n                <\/div>\n            <\/div>\n        <\/div>\n    \n        <div data-aos=\"fade-up\" data-aos-duration=\"1000\" data-aos-delay=\"100\" data-aos-once=\"true\"\n             class=\"rn-brand\">\n            <div class=\"inner text-center\">\n            <div class=\"thumbnail\">\n                 <a href=\"#\" >                                     <img loading=\"lazy\" decoding=\"async\" width=\"114\" height=\"78\" src=\"https:\/\/andorsoft.com\/wp-content\/uploads\/2021\/08\/client4.png\" class=\"attachment-full size-full\" alt=\"client4\" \/>                                     <\/a>                 <\/div> \n                <div class=\"seperator\"><\/div>\n                <div class=\"client-name\"><span><a\n                                href=\"#\">Amazone<\/a><\/span>\n                <\/div>\n            <\/div>\n        <\/div>\n    <\/div>\n\t\t\t\t<\/div>\n\t\t\t\t<\/div>\n\t\t\t\t\t<\/div>\n\t\t<\/div>\n\t\t\t\t\t<\/div>\n\t\t<\/section>\n\t\t\t\t<\/div>","protected":false},"excerpt":{"rendered":"<p>\u00daltima actualitzaci\u00f3: 24 d&#8217;abril de 2023 Pol\u00edtica de Cookies d&#8217;Andorsoft, S.A. 1 &#8211; Introducci\u00f3 Aquesta pol\u00edtica de cookies descriu com Andorsoft, S.A. (en endavant, &#8220;Andorsoft&#8221;, &#8220;nosaltres&#8221; o &#8220;la nostra&#8221;) utilitza cookies i tecnologies similars al nostre lloc web. Les cookies ens ajuden a oferir una millor experi\u00e8ncia d&#8217;usuari, personalitzar continguts, i analitzar l&#8217;\u00fas del nostre [&hellip;]<\/p>\n","protected":false},"author":1,"featured_media":0,"parent":0,"menu_order":0,"comment_status":"closed","ping_status":"closed","template":"elementor_header_footer","meta":{"footnotes":""},"class_list":["post-16595","page","type-page","status-publish","hentry"],"acf":[],"yoast_head":"<!-- This site is optimized with the Yoast SEO plugin v27.2 - https:\/\/yoast.com\/product\/yoast-seo-wordpress\/ -->\n<title>Pol\u00edtica de Cookies - Andorsoft, S.A.<\/title>\n<meta name=\"robots\" content=\"index, follow, max-snippet:-1, max-image-preview:large, max-video-preview:-1\" \/>\n<link rel=\"canonical\" href=\"https:\/\/andorsoft.com\/fr\/politique-de-cookies\/\" \/>\n<meta property=\"og:locale\" content=\"fr_FR\" \/>\n<meta property=\"og:type\" content=\"article\" \/>\n<meta property=\"og:title\" content=\"Pol\u00edtica de Cookies - Andorsoft, S.A.\" \/>\n<meta property=\"og:description\" content=\"\u00daltima actualitzaci\u00f3: 24 d&#8217;abril de 2023 Pol\u00edtica de Cookies d&#8217;Andorsoft, S.A. 1 &#8211; Introducci\u00f3 Aquesta pol\u00edtica de cookies descriu com Andorsoft, S.A. (en endavant, &#8220;Andorsoft&#8221;, &#8220;nosaltres&#8221; o &#8220;la nostra&#8221;) utilitza cookies i tecnologies similars al nostre lloc web. Les cookies ens ajuden a oferir una millor experi\u00e8ncia d&#8217;usuari, personalitzar continguts, i analitzar l&#8217;\u00fas del nostre [&hellip;]\" \/>\n<meta property=\"og:url\" content=\"https:\/\/andorsoft.com\/fr\/politique-de-cookies\/\" \/>\n<meta property=\"og:site_name\" content=\"Andorsoft, S.A.\" \/>\n<meta property=\"article:modified_time\" content=\"2023-04-24T11:11:19+00:00\" \/>\n<meta property=\"og:image\" content=\"https:\/\/andorsoft.com\/wp-content\/uploads\/2021\/08\/client1-1.png\" \/>\n<meta name=\"twitter:card\" content=\"summary_large_image\" \/>\n<meta name=\"twitter:label1\" content=\"Dur\u00e9e de lecture estim\u00e9e\" \/>\n\t<meta name=\"twitter:data1\" content=\"3 minutes\" \/>\n<script type=\"application\/ld+json\" class=\"yoast-schema-graph\">{\"@context\":\"https:\/\/schema.org\",\"@graph\":[{\"@type\":\"WebPage\",\"@id\":\"https:\/\/andorsoft.com\/politica-de-cookies\/\",\"url\":\"https:\/\/andorsoft.com\/politica-de-cookies\/\",\"name\":\"Pol\u00edtica de Cookies - Andorsoft, S.A.\",\"isPartOf\":{\"@id\":\"https:\/\/andorsoft.com\/#website\"},\"primaryImageOfPage\":{\"@id\":\"https:\/\/andorsoft.com\/politica-de-cookies\/#primaryimage\"},\"image\":{\"@id\":\"https:\/\/andorsoft.com\/politica-de-cookies\/#primaryimage\"},\"thumbnailUrl\":\"https:\/\/andorsoft.com\/wp-content\/uploads\/2021\/08\/client1-1.png\",\"datePublished\":\"2023-04-24T10:29:35+00:00\",\"dateModified\":\"2023-04-24T11:11:19+00:00\",\"breadcrumb\":{\"@id\":\"https:\/\/andorsoft.com\/politica-de-cookies\/#breadcrumb\"},\"inLanguage\":\"fr-FR\",\"potentialAction\":[{\"@type\":\"ReadAction\",\"target\":[\"https:\/\/andorsoft.com\/politica-de-cookies\/\"]}]},{\"@type\":\"ImageObject\",\"inLanguage\":\"fr-FR\",\"@id\":\"https:\/\/andorsoft.com\/politica-de-cookies\/#primaryimage\",\"url\":\"https:\/\/andorsoft.com\/wp-content\/uploads\/2021\/08\/client1-1.png\",\"contentUrl\":\"https:\/\/andorsoft.com\/wp-content\/uploads\/2021\/08\/client1-1.png\"},{\"@type\":\"BreadcrumbList\",\"@id\":\"https:\/\/andorsoft.com\/politica-de-cookies\/#breadcrumb\",\"itemListElement\":[{\"@type\":\"ListItem\",\"position\":1,\"name\":\"Inici\",\"item\":\"https:\/\/andorsoft.com\/\"},{\"@type\":\"ListItem\",\"position\":2,\"name\":\"Pol\u00edtica de Cookies\"}]},{\"@type\":\"WebSite\",\"@id\":\"https:\/\/andorsoft.com\/#website\",\"url\":\"https:\/\/andorsoft.com\/\",\"name\":\"Andorsoft, S.A.\",\"description\":\"\",\"publisher\":{\"@id\":\"https:\/\/andorsoft.com\/#organization\"},\"potentialAction\":[{\"@type\":\"SearchAction\",\"target\":{\"@type\":\"EntryPoint\",\"urlTemplate\":\"https:\/\/andorsoft.com\/?s={search_term_string}\"},\"query-input\":{\"@type\":\"PropertyValueSpecification\",\"valueRequired\":true,\"valueName\":\"search_term_string\"}}],\"inLanguage\":\"fr-FR\"},{\"@type\":\"Organization\",\"@id\":\"https:\/\/andorsoft.com\/#organization\",\"name\":\"Andorsoft, S.A.\",\"url\":\"https:\/\/andorsoft.com\/\",\"logo\":{\"@type\":\"ImageObject\",\"inLanguage\":\"fr-FR\",\"@id\":\"https:\/\/andorsoft.com\/#\/schema\/logo\/image\/\",\"url\":\"https:\/\/andorsoft.com\/wp-content\/uploads\/2023\/04\/andorsoft-Transparente-V-2.png\",\"contentUrl\":\"https:\/\/andorsoft.com\/wp-content\/uploads\/2023\/04\/andorsoft-Transparente-V-2.png\",\"width\":1280,\"height\":878,\"caption\":\"Andorsoft, S.A.\"},\"image\":{\"@id\":\"https:\/\/andorsoft.com\/#\/schema\/logo\/image\/\"},\"sameAs\":[\"https:\/\/www.linkedin.com\/company\/andorsoft\/\",\"https:\/\/www.instagram.com\/andorsoft\/\"]}]}<\/script>\n<!-- \/ Yoast SEO plugin. -->","yoast_head_json":{"title":"Politique de cookies - Andorsoft, SA","robots":{"index":"index","follow":"follow","max-snippet":"max-snippet:-1","max-image-preview":"max-image-preview:large","max-video-preview":"max-video-preview:-1"},"canonical":"https:\/\/andorsoft.com\/fr\/politique-de-cookies\/","og_locale":"fr_FR","og_type":"article","og_title":"Pol\u00edtica de Cookies - Andorsoft, S.A.","og_description":"\u00daltima actualitzaci\u00f3: 24 d&#8217;abril de 2023 Pol\u00edtica de Cookies d&#8217;Andorsoft, S.A. 1 &#8211; Introducci\u00f3 Aquesta pol\u00edtica de cookies descriu com Andorsoft, S.A. (en endavant, &#8220;Andorsoft&#8221;, &#8220;nosaltres&#8221; o &#8220;la nostra&#8221;) utilitza cookies i tecnologies similars al nostre lloc web. Les cookies ens ajuden a oferir una millor experi\u00e8ncia d&#8217;usuari, personalitzar continguts, i analitzar l&#8217;\u00fas del nostre [&hellip;]","og_url":"https:\/\/andorsoft.com\/fr\/politique-de-cookies\/","og_site_name":"Andorsoft, S.A.","article_modified_time":"2023-04-24T11:11:19+00:00","og_image":[{"url":"https:\/\/andorsoft.com\/wp-content\/uploads\/2021\/08\/client1-1.png","type":"","width":"","height":""}],"twitter_card":"summary_large_image","twitter_misc":{"Dur\u00e9e de lecture estim\u00e9e":"3 minutes"},"schema":{"@context":"https:\/\/schema.org","@graph":[{"@type":"WebPage","@id":"https:\/\/andorsoft.com\/politica-de-cookies\/","url":"https:\/\/andorsoft.com\/politica-de-cookies\/","name":"Politique de cookies - Andorsoft, SA","isPartOf":{"@id":"https:\/\/andorsoft.com\/#website"},"primaryImageOfPage":{"@id":"https:\/\/andorsoft.com\/politica-de-cookies\/#primaryimage"},"image":{"@id":"https:\/\/andorsoft.com\/politica-de-cookies\/#primaryimage"},"thumbnailUrl":"https:\/\/andorsoft.com\/wp-content\/uploads\/2021\/08\/client1-1.png","datePublished":"2023-04-24T10:29:35+00:00","dateModified":"2023-04-24T11:11:19+00:00","breadcrumb":{"@id":"https:\/\/andorsoft.com\/politica-de-cookies\/#breadcrumb"},"inLanguage":"fr-FR","potentialAction":[{"@type":"ReadAction","target":["https:\/\/andorsoft.com\/politica-de-cookies\/"]}]},{"@type":"ImageObject","inLanguage":"fr-FR","@id":"https:\/\/andorsoft.com\/politica-de-cookies\/#primaryimage","url":"https:\/\/andorsoft.com\/wp-content\/uploads\/2021\/08\/client1-1.png","contentUrl":"https:\/\/andorsoft.com\/wp-content\/uploads\/2021\/08\/client1-1.png"},{"@type":"BreadcrumbList","@id":"https:\/\/andorsoft.com\/politica-de-cookies\/#breadcrumb","itemListElement":[{"@type":"ListItem","position":1,"name":"Inici","item":"https:\/\/andorsoft.com\/"},{"@type":"ListItem","position":2,"name":"Pol\u00edtica de Cookies"}]},{"@type":"WebSite","@id":"https:\/\/andorsoft.com\/#website","url":"https:\/\/andorsoft.com\/","name":"Andorsoft, SA","description":"","publisher":{"@id":"https:\/\/andorsoft.com\/#organization"},"potentialAction":[{"@type":"SearchAction","target":{"@type":"EntryPoint","urlTemplate":"https:\/\/andorsoft.com\/?s={search_term_string}"},"query-input":{"@type":"PropertyValueSpecification","valueRequired":true,"valueName":"search_term_string"}}],"inLanguage":"fr-FR"},{"@type":"Organization","@id":"https:\/\/andorsoft.com\/#organization","name":"Andorsoft, SA","url":"https:\/\/andorsoft.com\/","logo":{"@type":"ImageObject","inLanguage":"fr-FR","@id":"https:\/\/andorsoft.com\/#\/schema\/logo\/image\/","url":"https:\/\/andorsoft.com\/wp-content\/uploads\/2023\/04\/andorsoft-Transparente-V-2.png","contentUrl":"https:\/\/andorsoft.com\/wp-content\/uploads\/2023\/04\/andorsoft-Transparente-V-2.png","width":1280,"height":878,"caption":"Andorsoft, S.A."},"image":{"@id":"https:\/\/andorsoft.com\/#\/schema\/logo\/image\/"},"sameAs":["https:\/\/www.linkedin.com\/company\/andorsoft\/","https:\/\/www.instagram.com\/andorsoft\/"]}]}},"_links":{"self":[{"href":"https:\/\/andorsoft.com\/fr\/wp-json\/wp\/v2\/pages\/16595","targetHints":{"allow":["GET"]}}],"collection":[{"href":"https:\/\/andorsoft.com\/fr\/wp-json\/wp\/v2\/pages"}],"about":[{"href":"https:\/\/andorsoft.com\/fr\/wp-json\/wp\/v2\/types\/page"}],"author":[{"embeddable":true,"href":"https:\/\/andorsoft.com\/fr\/wp-json\/wp\/v2\/users\/1"}],"replies":[{"embeddable":true,"href":"https:\/\/andorsoft.com\/fr\/wp-json\/wp\/v2\/comments?post=16595"}],"version-history":[{"count":6,"href":"https:\/\/andorsoft.com\/fr\/wp-json\/wp\/v2\/pages\/16595\/revisions"}],"predecessor-version":[{"id":16613,"href":"https:\/\/andorsoft.com\/fr\/wp-json\/wp\/v2\/pages\/16595\/revisions\/16613"}],"wp:attachment":[{"href":"https:\/\/andorsoft.com\/fr\/wp-json\/wp\/v2\/media?parent=16595"}],"curies":[{"name":"wp","href":"https:\/\/api.w.org\/{rel}","templated":true}]}}