{"id":16591,"date":"2023-04-24T12:16:36","date_gmt":"2023-04-24T10:16:36","guid":{"rendered":"https:\/\/andorsoft.com\/?page_id=16591"},"modified":"2023-04-24T13:10:52","modified_gmt":"2023-04-24T11:10:52","slug":"politique-de-confidentialite","status":"publish","type":"page","link":"https:\/\/andorsoft.com\/fr\/politica-de-privacitat\/","title":{"rendered":"Politique de confidentialit\u00e9"},"content":{"rendered":"<div data-elementor-type=\"wp-page\" data-elementor-id=\"16591\" class=\"elementor elementor-16591\" data-elementor-post-type=\"page\">\n\t\t\t\t\t\t<section class=\"elementor-section elementor-top-section elementor-element elementor-element-3baf5792 elementor-section-boxed elementor-section-height-default elementor-section-height-default\" data-id=\"3baf5792\" data-element_type=\"section\" data-e-type=\"section\">\n\t\t\t\t\t\t<div class=\"elementor-container elementor-column-gap-default\">\n\t\t\t\t\t<div class=\"elementor-column elementor-col-100 elementor-top-column elementor-element elementor-element-55909407\" data-id=\"55909407\" data-element_type=\"column\" data-e-type=\"column\">\n\t\t\t<div class=\"elementor-widget-wrap elementor-element-populated\">\n\t\t\t\t\t\t<div class=\"elementor-element elementor-element-43dbd8e3 rainbow-title-1 elementor-widget elementor-widget-rainbow-title\" data-id=\"43dbd8e3\" data-element_type=\"widget\" data-e-type=\"widget\" data-widget_type=\"rainbow-title.default\">\n\t\t\t\t<div class=\"elementor-widget-container\">\n\t\t\t\t\t        <div class=\"section-title text-left\"\n             data-aos=\"fade-up\" data-aos-duration=\"500\" data-aos-delay=\"100\" data-aos-once=\"true\">\n                            <span class=\"subtitle sub-title\">Derni\u00e8re mise \u00e0 jour : 24 avril 2023<\/span>\n                                        <h2 class=\"title sec-title\">Politique de confidentialit\u00e9 d&#039;Andorsoft, SA<\/h2>\n                        <\/div>\n        \t\t\t\t<\/div>\n\t\t\t\t<\/div>\n\t\t\t\t<div class=\"elementor-element elementor-element-3bc81b1c elementor-widget elementor-widget-text-editor\" data-id=\"3bc81b1c\" data-element_type=\"widget\" data-e-type=\"widget\" data-widget_type=\"text-editor.default\">\n\t\t\t\t<div class=\"elementor-widget-container\">\n\t\t\t\t\t\t\t\t\t<p>1<b> - Introduction<\/b><\/p>\n<p><span style=\"color: var(--color-body-white); font-size: inherit; font-family: var(--font-primary);\">Andorsoft, SA (ci-apr\u00e8s \u00ab Andorsoft \u00bb, \u00ab nous \u00bb ou \u00ab notre \u00bb) s&#039;engage \u00e0 prot\u00e9ger la vie priv\u00e9e des utilisateurs de notre site Web. Cette politique de confidentialit\u00e9 d\u00e9crit la mani\u00e8re dont nous collectons, utilisons, partageons et prot\u00e9geons vos donn\u00e9es personnelles lorsque vous visitez ou utilisez notre site Web.<\/span><\/p>\n<p>Cette politique de confidentialit\u00e9 est conforme \u00e0 la loi sur la protection des donn\u00e9es d&#039;Andorre, ainsi qu&#039;au R\u00e8glement g\u00e9n\u00e9ral sur la protection des donn\u00e9es de l&#039;Union europ\u00e9enne (RGPD).<\/p>\n<p>2<b> - Responsable du traitement des donn\u00e9es<\/b><\/p>\n<p>Le responsable du traitement de vos donn\u00e9es personnelles est :<\/p>\n<p>Andorsoft, SA Av. Fiter i Rossell, 4 (Ed. Centre de Negoci) AD700 Escaldes, Andorre T\u00e9l\u00e9phone : +376 800 750 E-mail : dpd@andorsoft.ad<\/p>\n<p>3<b> \u2013 Donn\u00e9es personnelles que nous collectons<\/b><\/p>\n<p>Nous collectons les donn\u00e9es personnelles suivantes :<\/p>\n<p>a) Coordonn\u00e9es telles que nom, adresse e-mail et num\u00e9ro de t\u00e9l\u00e9phone.&nbsp;<\/p>\n<p>b) Donn\u00e9es de navigation et interaction avec notre site Web, telles que l&#039;adresse IP, le type de navigateur, les pages visit\u00e9es et l&#039;heure de la visite.<\/p>\n<p><span style=\"color: var(--color-body-white); font-size: inherit; font-family: var(--font-primary);\">4<\/span><b style=\"color: var(--color-body-white); font-size: inherit; font-family: var(--font-primary);\"> - Finalit\u00e9s du traitement des donn\u00e9es<\/b><\/p>\n<p>Nous utilisons vos donn\u00e9es personnelles aux fins suivantes :<\/p>\n<p>a) R\u00e9pondre \u00e0 vos demandes et vous fournir des informations sur nos produits et services.&nbsp;<\/p>\n<p>b) Am\u00e9liorez notre site Web et personnalisez votre exp\u00e9rience en tant qu&#039;utilisateur.&nbsp;<\/p>\n<p>c) R\u00e9aliser des analyses statistiques et des \u00e9tudes de march\u00e9.<\/p>\n<p><span style=\"color: var(--color-body-white); font-size: inherit; font-family: var(--font-primary);\">5<\/span><b style=\"color: var(--color-body-white); font-size: inherit; font-family: var(--font-primary);\"> \u2013 Partager des donn\u00e9es personnelles<\/b><\/p>\n<p>Nous ne partagerons pas vos donn\u00e9es personnelles avec des tiers, sauf si cela est n\u00e9cessaire pour respecter nos obligations l\u00e9gales ou avec votre consentement expr\u00e8s.<\/p>\n<p><span style=\"color: var(--color-body-white); font-size: inherit; font-family: var(--font-primary);\"><b>6 \u2013 Conservation des donn\u00e9es<\/b><\/span><\/p>\n<p>Nous conserverons vos donn\u00e9es personnelles aussi longtemps que n\u00e9cessaire pour atteindre les finalit\u00e9s d\u00e9crites dans la pr\u00e9sente politique de confidentialit\u00e9, \u00e0 moins que la loi ne nous oblige \u00e0 les conserver pendant une p\u00e9riode plus longue.<\/p>\n<p><span style=\"color: var(--color-body-white); font-family: var(--font-primary); font-size: inherit;\">7<\/span><b style=\"color: var(--color-body-white); font-family: var(--font-primary); font-size: inherit;\"> - Droits des utilisateurs<\/b><\/p>\n<p>Vous disposez d&#039;un droit d&#039;acc\u00e8s, de rectification, de suppression, de limitation du traitement, de vous opposer au traitement et de demander la portabilit\u00e9 de vos donn\u00e9es personnelles. Pour exercer ces droits, veuillez nous contacter \u00e0 dpd@andorsoft.ad.<\/p>\n<p><span style=\"color: var(--color-body-white); font-size: inherit; font-family: var(--font-primary);\">8<b> \u2013 Modifications de la politique de confidentialit\u00e9<\/b><\/span><\/p>\n<p>Nous nous r\u00e9servons le droit de mettre \u00e0 jour cette politique de confidentialit\u00e9 \u00e0 tout moment. Toute modification de cette politique sera publi\u00e9e sur cette page.<\/p>\n<p>9<b> - Contact<\/b><\/p>\n<p>Si vous avez des questions ou des pr\u00e9occupations concernant cette politique de confidentialit\u00e9, veuillez nous contacter via les canaux suivants\u00a0:<\/p>\n<p>Andorsoft, SA Av. Fiter i Rossell, 4 (Ed. Centre de Negoci) AD700 Escaldes, Andorre T\u00e9l\u00e9phone : +376 800 750 E-mail : dpd@andorsoft.ad<\/p>\n<p>Nous nous engageons \u00e0 r\u00e9soudre toute pr\u00e9occupation ou plainte li\u00e9e \u00e0 la confidentialit\u00e9 de vos donn\u00e9es personnelles. Si vous n&#039;\u00eates pas satisfait de notre r\u00e9ponse, vous pouvez d\u00e9poser une plainte aupr\u00e8s de l&#039;autorit\u00e9 de protection des donn\u00e9es d&#039;Andorre ou de l&#039;Union europ\u00e9enne.<\/p>\n<p>Merci d&#039;utiliser notre site Web et de faire confiance \u00e0 Andorsoft, SA pour vos besoins. Nous nous engageons \u00e0 prot\u00e9ger votre vie priv\u00e9e et \u00e0 vous offrir une exp\u00e9rience en ligne s\u00fbre et agr\u00e9able.<\/p>\n<p><\/p>\t\t\t\t\t\t\t\t<\/div>\n\t\t\t\t<\/div>\n\t\t\t\t\t<\/div>\n\t\t<\/div>\n\t\t\t\t\t<\/div>\n\t\t<\/section>\n\t\t\t\t<section class=\"elementor-section elementor-top-section elementor-element elementor-element-6c2d418 elementor-hidden-desktop elementor-hidden-tablet elementor-hidden-mobile elementor-section-boxed elementor-section-height-default elementor-section-height-default\" data-id=\"6c2d418\" data-element_type=\"section\" data-e-type=\"section\">\n\t\t\t\t\t\t<div class=\"elementor-container elementor-column-gap-default\">\n\t\t\t\t\t<div class=\"elementor-column elementor-col-100 elementor-top-column elementor-element elementor-element-24c15e43\" data-id=\"24c15e43\" data-element_type=\"column\" data-e-type=\"column\">\n\t\t\t<div class=\"elementor-widget-wrap elementor-element-populated\">\n\t\t\t\t\t\t<div class=\"elementor-element elementor-element-1f9e19f4 elementor-widget elementor-widget-heading\" data-id=\"1f9e19f4\" data-element_type=\"widget\" data-e-type=\"widget\" data-widget_type=\"heading.default\">\n\t\t\t\t<div class=\"elementor-widget-container\">\n\t\t\t\t\t<h2 class=\"elementor-heading-title elementor-size-default\">Nos clients de confiance<\/h2>\t\t\t\t<\/div>\n\t\t\t\t<\/div>\n\t\t\t\t<div class=\"elementor-element elementor-element-297983e4 elementor-widget elementor-widget-rainbow-brand\" data-id=\"297983e4\" data-element_type=\"widget\" data-e-type=\"widget\" data-widget_type=\"rainbow-brand.default\">\n\t\t\t\t<div class=\"elementor-widget-container\">\n\t\t\t\t\t<div class=\"brand-wrapper-three mb_dec--30\">\n    \n        <div data-aos=\"fade-up\" data-aos-duration=\"1000\" data-aos-delay=\"100\" data-aos-once=\"true\"\n             class=\"rn-brand\">\n            <div class=\"inner text-center\">\n            <div class=\"thumbnail\">\n                 <a href=\"#\" >                                     <img decoding=\"async\" width=\"146\" height=\"92\" src=\"https:\/\/andorsoft.com\/wp-content\/uploads\/2021\/08\/client1-1.png\" class=\"attachment-full size-full\" alt=\"client1\" \/>                                     <\/a>                 <\/div> \n                <div class=\"seperator\"><\/div>\n                <div class=\"client-name\"><span><a\n                                href=\"#\">Google<\/a><\/span>\n                <\/div>\n            <\/div>\n        <\/div>\n    \n        <div data-aos=\"fade-up\" data-aos-duration=\"1000\" data-aos-delay=\"100\" data-aos-once=\"true\"\n             class=\"rn-brand\">\n            <div class=\"inner text-center\">\n            <div class=\"thumbnail\">\n                 <a href=\"#\" >                                     <img decoding=\"async\" width=\"90\" height=\"90\" src=\"https:\/\/andorsoft.com\/wp-content\/uploads\/2021\/08\/client2.png\" class=\"attachment-full size-full\" alt=\"client2\" \/>                                     <\/a>                 <\/div> \n                <div class=\"seperator\"><\/div>\n                <div class=\"client-name\"><span><a\n                                href=\"#\">Pomme<\/a><\/span>\n                <\/div>\n            <\/div>\n        <\/div>\n    \n        <div data-aos=\"fade-up\" data-aos-duration=\"1000\" data-aos-delay=\"100\" data-aos-once=\"true\"\n             class=\"rn-brand\">\n            <div class=\"inner text-center\">\n            <div class=\"thumbnail\">\n                 <a href=\"#\" >                                     <img decoding=\"async\" width=\"126\" height=\"60\" src=\"https:\/\/andorsoft.com\/wp-content\/uploads\/2021\/08\/client3.png\" class=\"attachment-full size-full\" alt=\"client3\" \/>                                     <\/a>                 <\/div> \n                <div class=\"seperator\"><\/div>\n                <div class=\"client-name\"><span><a\n                                href=\"#\">Nike<\/a><\/span>\n                <\/div>\n            <\/div>\n        <\/div>\n    \n        <div data-aos=\"fade-up\" data-aos-duration=\"1000\" data-aos-delay=\"100\" data-aos-once=\"true\"\n             class=\"rn-brand\">\n            <div class=\"inner text-center\">\n            <div class=\"thumbnail\">\n                 <a href=\"#\" >                                     <img loading=\"lazy\" decoding=\"async\" width=\"114\" height=\"78\" src=\"https:\/\/andorsoft.com\/wp-content\/uploads\/2021\/08\/client4.png\" class=\"attachment-full size-full\" alt=\"client4\" \/>                                     <\/a>                 <\/div> \n                <div class=\"seperator\"><\/div>\n                <div class=\"client-name\"><span><a\n                                href=\"#\">Amazone<\/a><\/span>\n                <\/div>\n            <\/div>\n        <\/div>\n    <\/div>\n\t\t\t\t<\/div>\n\t\t\t\t<\/div>\n\t\t\t\t\t<\/div>\n\t\t<\/div>\n\t\t\t\t\t<\/div>\n\t\t<\/section>\n\t\t\t\t<\/div>","protected":false},"excerpt":{"rendered":"<p>\u00daltima actualitzaci\u00f3: 24 d&#8217;abril de 2023 Pol\u00edtica de Privadesa d&#8217;Andorsoft, S.A. 1 &#8211; Introducci\u00f3 Andorsoft, S.A. (en endavant, &#8220;Andorsoft&#8221;, &#8220;nosaltres&#8221; o &#8220;la nostra&#8221;) es compromet a protegir la privadesa dels usuaris del nostre lloc web. Aquesta pol\u00edtica de privadesa descriu com recopilem, utilitzem, compartim i protegim les vostres dades personals quan visiteu o utilitzeu el [&hellip;]<\/p>\n","protected":false},"author":1,"featured_media":0,"parent":0,"menu_order":0,"comment_status":"closed","ping_status":"closed","template":"elementor_header_footer","meta":{"footnotes":""},"class_list":["post-16591","page","type-page","status-publish","hentry"],"acf":[],"yoast_head":"<!-- This site is optimized with the Yoast SEO plugin v27.2 - https:\/\/yoast.com\/product\/yoast-seo-wordpress\/ -->\n<title>Pol\u00edtica de Privacitat - Andorsoft, S.A.<\/title>\n<meta name=\"robots\" content=\"index, follow, max-snippet:-1, max-image-preview:large, max-video-preview:-1\" \/>\n<link rel=\"canonical\" href=\"https:\/\/andorsoft.com\/fr\/politique-de-confidentialite\/\" \/>\n<meta property=\"og:locale\" content=\"fr_FR\" \/>\n<meta property=\"og:type\" content=\"article\" \/>\n<meta property=\"og:title\" content=\"Pol\u00edtica de Privacitat - Andorsoft, S.A.\" \/>\n<meta property=\"og:description\" content=\"\u00daltima actualitzaci\u00f3: 24 d&#8217;abril de 2023 Pol\u00edtica de Privadesa d&#8217;Andorsoft, S.A. 1 &#8211; Introducci\u00f3 Andorsoft, S.A. (en endavant, &#8220;Andorsoft&#8221;, &#8220;nosaltres&#8221; o &#8220;la nostra&#8221;) es compromet a protegir la privadesa dels usuaris del nostre lloc web. Aquesta pol\u00edtica de privadesa descriu com recopilem, utilitzem, compartim i protegim les vostres dades personals quan visiteu o utilitzeu el [&hellip;]\" \/>\n<meta property=\"og:url\" content=\"https:\/\/andorsoft.com\/fr\/politique-de-confidentialite\/\" \/>\n<meta property=\"og:site_name\" content=\"Andorsoft, S.A.\" \/>\n<meta property=\"article:modified_time\" content=\"2023-04-24T11:10:52+00:00\" \/>\n<meta property=\"og:image\" content=\"https:\/\/andorsoft.com\/wp-content\/uploads\/2021\/08\/client1-1.png\" \/>\n<meta name=\"twitter:card\" content=\"summary_large_image\" \/>\n<meta name=\"twitter:label1\" content=\"Dur\u00e9e de lecture estim\u00e9e\" \/>\n\t<meta name=\"twitter:data1\" content=\"3 minutes\" \/>\n<script type=\"application\/ld+json\" class=\"yoast-schema-graph\">{\"@context\":\"https:\/\/schema.org\",\"@graph\":[{\"@type\":\"WebPage\",\"@id\":\"https:\/\/andorsoft.com\/politica-de-privacitat\/\",\"url\":\"https:\/\/andorsoft.com\/politica-de-privacitat\/\",\"name\":\"Pol\u00edtica de Privacitat - Andorsoft, S.A.\",\"isPartOf\":{\"@id\":\"https:\/\/andorsoft.com\/#website\"},\"primaryImageOfPage\":{\"@id\":\"https:\/\/andorsoft.com\/politica-de-privacitat\/#primaryimage\"},\"image\":{\"@id\":\"https:\/\/andorsoft.com\/politica-de-privacitat\/#primaryimage\"},\"thumbnailUrl\":\"https:\/\/andorsoft.com\/wp-content\/uploads\/2021\/08\/client1-1.png\",\"datePublished\":\"2023-04-24T10:16:36+00:00\",\"dateModified\":\"2023-04-24T11:10:52+00:00\",\"breadcrumb\":{\"@id\":\"https:\/\/andorsoft.com\/politica-de-privacitat\/#breadcrumb\"},\"inLanguage\":\"fr-FR\",\"potentialAction\":[{\"@type\":\"ReadAction\",\"target\":[\"https:\/\/andorsoft.com\/politica-de-privacitat\/\"]}]},{\"@type\":\"ImageObject\",\"inLanguage\":\"fr-FR\",\"@id\":\"https:\/\/andorsoft.com\/politica-de-privacitat\/#primaryimage\",\"url\":\"https:\/\/andorsoft.com\/wp-content\/uploads\/2021\/08\/client1-1.png\",\"contentUrl\":\"https:\/\/andorsoft.com\/wp-content\/uploads\/2021\/08\/client1-1.png\"},{\"@type\":\"BreadcrumbList\",\"@id\":\"https:\/\/andorsoft.com\/politica-de-privacitat\/#breadcrumb\",\"itemListElement\":[{\"@type\":\"ListItem\",\"position\":1,\"name\":\"Inici\",\"item\":\"https:\/\/andorsoft.com\/\"},{\"@type\":\"ListItem\",\"position\":2,\"name\":\"Pol\u00edtica de Privacitat\"}]},{\"@type\":\"WebSite\",\"@id\":\"https:\/\/andorsoft.com\/#website\",\"url\":\"https:\/\/andorsoft.com\/\",\"name\":\"Andorsoft, S.A.\",\"description\":\"\",\"publisher\":{\"@id\":\"https:\/\/andorsoft.com\/#organization\"},\"potentialAction\":[{\"@type\":\"SearchAction\",\"target\":{\"@type\":\"EntryPoint\",\"urlTemplate\":\"https:\/\/andorsoft.com\/?s={search_term_string}\"},\"query-input\":{\"@type\":\"PropertyValueSpecification\",\"valueRequired\":true,\"valueName\":\"search_term_string\"}}],\"inLanguage\":\"fr-FR\"},{\"@type\":\"Organization\",\"@id\":\"https:\/\/andorsoft.com\/#organization\",\"name\":\"Andorsoft, S.A.\",\"url\":\"https:\/\/andorsoft.com\/\",\"logo\":{\"@type\":\"ImageObject\",\"inLanguage\":\"fr-FR\",\"@id\":\"https:\/\/andorsoft.com\/#\/schema\/logo\/image\/\",\"url\":\"https:\/\/andorsoft.com\/wp-content\/uploads\/2023\/04\/andorsoft-Transparente-V-2.png\",\"contentUrl\":\"https:\/\/andorsoft.com\/wp-content\/uploads\/2023\/04\/andorsoft-Transparente-V-2.png\",\"width\":1280,\"height\":878,\"caption\":\"Andorsoft, S.A.\"},\"image\":{\"@id\":\"https:\/\/andorsoft.com\/#\/schema\/logo\/image\/\"},\"sameAs\":[\"https:\/\/www.linkedin.com\/company\/andorsoft\/\",\"https:\/\/www.instagram.com\/andorsoft\/\"]}]}<\/script>\n<!-- \/ Yoast SEO plugin. -->","yoast_head_json":{"title":"Politique de confidentialit\u00e9 - Andorsoft, SA","robots":{"index":"index","follow":"follow","max-snippet":"max-snippet:-1","max-image-preview":"max-image-preview:large","max-video-preview":"max-video-preview:-1"},"canonical":"https:\/\/andorsoft.com\/fr\/politique-de-confidentialite\/","og_locale":"fr_FR","og_type":"article","og_title":"Pol\u00edtica de Privacitat - Andorsoft, S.A.","og_description":"\u00daltima actualitzaci\u00f3: 24 d&#8217;abril de 2023 Pol\u00edtica de Privadesa d&#8217;Andorsoft, S.A. 1 &#8211; Introducci\u00f3 Andorsoft, S.A. (en endavant, &#8220;Andorsoft&#8221;, &#8220;nosaltres&#8221; o &#8220;la nostra&#8221;) es compromet a protegir la privadesa dels usuaris del nostre lloc web. Aquesta pol\u00edtica de privadesa descriu com recopilem, utilitzem, compartim i protegim les vostres dades personals quan visiteu o utilitzeu el [&hellip;]","og_url":"https:\/\/andorsoft.com\/fr\/politique-de-confidentialite\/","og_site_name":"Andorsoft, S.A.","article_modified_time":"2023-04-24T11:10:52+00:00","og_image":[{"url":"https:\/\/andorsoft.com\/wp-content\/uploads\/2021\/08\/client1-1.png","type":"","width":"","height":""}],"twitter_card":"summary_large_image","twitter_misc":{"Dur\u00e9e de lecture estim\u00e9e":"3 minutes"},"schema":{"@context":"https:\/\/schema.org","@graph":[{"@type":"WebPage","@id":"https:\/\/andorsoft.com\/politica-de-privacitat\/","url":"https:\/\/andorsoft.com\/politica-de-privacitat\/","name":"Politique de confidentialit\u00e9 - Andorsoft, SA","isPartOf":{"@id":"https:\/\/andorsoft.com\/#website"},"primaryImageOfPage":{"@id":"https:\/\/andorsoft.com\/politica-de-privacitat\/#primaryimage"},"image":{"@id":"https:\/\/andorsoft.com\/politica-de-privacitat\/#primaryimage"},"thumbnailUrl":"https:\/\/andorsoft.com\/wp-content\/uploads\/2021\/08\/client1-1.png","datePublished":"2023-04-24T10:16:36+00:00","dateModified":"2023-04-24T11:10:52+00:00","breadcrumb":{"@id":"https:\/\/andorsoft.com\/politica-de-privacitat\/#breadcrumb"},"inLanguage":"fr-FR","potentialAction":[{"@type":"ReadAction","target":["https:\/\/andorsoft.com\/politica-de-privacitat\/"]}]},{"@type":"ImageObject","inLanguage":"fr-FR","@id":"https:\/\/andorsoft.com\/politica-de-privacitat\/#primaryimage","url":"https:\/\/andorsoft.com\/wp-content\/uploads\/2021\/08\/client1-1.png","contentUrl":"https:\/\/andorsoft.com\/wp-content\/uploads\/2021\/08\/client1-1.png"},{"@type":"BreadcrumbList","@id":"https:\/\/andorsoft.com\/politica-de-privacitat\/#breadcrumb","itemListElement":[{"@type":"ListItem","position":1,"name":"Inici","item":"https:\/\/andorsoft.com\/"},{"@type":"ListItem","position":2,"name":"Pol\u00edtica de Privacitat"}]},{"@type":"WebSite","@id":"https:\/\/andorsoft.com\/#website","url":"https:\/\/andorsoft.com\/","name":"Andorsoft, SA","description":"","publisher":{"@id":"https:\/\/andorsoft.com\/#organization"},"potentialAction":[{"@type":"SearchAction","target":{"@type":"EntryPoint","urlTemplate":"https:\/\/andorsoft.com\/?s={search_term_string}"},"query-input":{"@type":"PropertyValueSpecification","valueRequired":true,"valueName":"search_term_string"}}],"inLanguage":"fr-FR"},{"@type":"Organization","@id":"https:\/\/andorsoft.com\/#organization","name":"Andorsoft, SA","url":"https:\/\/andorsoft.com\/","logo":{"@type":"ImageObject","inLanguage":"fr-FR","@id":"https:\/\/andorsoft.com\/#\/schema\/logo\/image\/","url":"https:\/\/andorsoft.com\/wp-content\/uploads\/2023\/04\/andorsoft-Transparente-V-2.png","contentUrl":"https:\/\/andorsoft.com\/wp-content\/uploads\/2023\/04\/andorsoft-Transparente-V-2.png","width":1280,"height":878,"caption":"Andorsoft, S.A."},"image":{"@id":"https:\/\/andorsoft.com\/#\/schema\/logo\/image\/"},"sameAs":["https:\/\/www.linkedin.com\/company\/andorsoft\/","https:\/\/www.instagram.com\/andorsoft\/"]}]}},"_links":{"self":[{"href":"https:\/\/andorsoft.com\/fr\/wp-json\/wp\/v2\/pages\/16591","targetHints":{"allow":["GET"]}}],"collection":[{"href":"https:\/\/andorsoft.com\/fr\/wp-json\/wp\/v2\/pages"}],"about":[{"href":"https:\/\/andorsoft.com\/fr\/wp-json\/wp\/v2\/types\/page"}],"author":[{"embeddable":true,"href":"https:\/\/andorsoft.com\/fr\/wp-json\/wp\/v2\/users\/1"}],"replies":[{"embeddable":true,"href":"https:\/\/andorsoft.com\/fr\/wp-json\/wp\/v2\/comments?post=16591"}],"version-history":[{"count":6,"href":"https:\/\/andorsoft.com\/fr\/wp-json\/wp\/v2\/pages\/16591\/revisions"}],"predecessor-version":[{"id":16610,"href":"https:\/\/andorsoft.com\/fr\/wp-json\/wp\/v2\/pages\/16591\/revisions\/16610"}],"wp:attachment":[{"href":"https:\/\/andorsoft.com\/fr\/wp-json\/wp\/v2\/media?parent=16591"}],"curies":[{"name":"wp","href":"https:\/\/api.w.org\/{rel}","templated":true}]}}