{"id":17112,"date":"2023-10-09T10:56:15","date_gmt":"2023-10-09T08:56:15","guid":{"rendered":"https:\/\/andorsoft.com\/?page_id=17112"},"modified":"2024-10-04T09:01:24","modified_gmt":"2024-10-04T08:01:24","slug":"productos-renewed","status":"publish","type":"page","link":"https:\/\/andorsoft.com\/es\/productes-renewed\/","title":{"rendered":"Productos Renewed"},"content":{"rendered":"<div data-elementor-type=\"wp-page\" data-elementor-id=\"17112\" class=\"elementor elementor-17112\" data-elementor-post-type=\"page\">\n\t\t\t\t\t\t<section class=\"elementor-section elementor-top-section elementor-element elementor-element-3baf5792 elementor-section-boxed elementor-section-height-default elementor-section-height-default\" data-id=\"3baf5792\" data-element_type=\"section\" data-e-type=\"section\">\n\t\t\t\t\t\t<div class=\"elementor-container elementor-column-gap-default\">\n\t\t\t\t\t<div class=\"elementor-column elementor-col-50 elementor-top-column elementor-element elementor-element-55909407\" data-id=\"55909407\" data-element_type=\"column\" data-e-type=\"column\">\n\t\t\t<div class=\"elementor-widget-wrap elementor-element-populated\">\n\t\t\t\t\t\t<div class=\"elementor-element elementor-element-3fc34ac rainbow-title-1 elementor-widget elementor-widget-rainbow-title\" data-id=\"3fc34ac\" data-element_type=\"widget\" data-e-type=\"widget\" data-widget_type=\"rainbow-title.default\">\n\t\t\t\t<div class=\"elementor-widget-container\">\n\t\t\t\t\t        <div class=\"section-title text-left\"\n             data-aos=\"fade-up\" data-aos-duration=\"500\" data-aos-delay=\"100\" data-aos-once=\"true\">\n                            <span class=\"subtitle sub-title\">Una alternativa sostenible al adquirir un equipo profesional.<\/span>\n                                        <h2 class=\"title sec-title\">PRODUCTOS RENEWED<\/h2>\n                        <\/div>\n        \t\t\t\t<\/div>\n\t\t\t\t<\/div>\n\t\t\t\t<div class=\"elementor-element elementor-element-b588f80 elementor-widget elementor-widget-text-editor\" data-id=\"b588f80\" data-element_type=\"widget\" data-e-type=\"widget\" data-widget_type=\"text-editor.default\">\n\t\t\t\t<div class=\"elementor-widget-container\">\n\t\t\t\t\t\t\t\t\t<p><span class=\"Apple-converted-space\">\u00a0<\/span><span style=\"font-size: inherit; font-family: var(--font-primary);\">Los equipos reacondicionados Renewed son una alternativa que los clientes piden a la hora de adquirir equipos cada vez m\u00e1s. Es importante tener en cuenta el ahorro econ\u00f3mico y la sostenibilidad como la calidad apoyada por la revisi\u00f3n de m\u00e1s de 25 puntos cr\u00edticos a trav\u00e9s de un equipo t\u00e9cnico profesional. Podemos garantizar que los dispositivos han sido probados y est\u00e1n en buen estado de funcionamiento por nuestro proveedor.<\/span>\u00a0<\/p>\t\t\t\t\t\t\t\t<\/div>\n\t\t\t\t<\/div>\n\t\t\t\t<div class=\"elementor-element elementor-element-2ac7555 elementor-widget elementor-widget-rb-button\" data-id=\"2ac7555\" data-element_type=\"widget\" data-e-type=\"widget\" data-widget_type=\"rb-button.default\">\n\t\t\t\t<div class=\"elementor-widget-container\">\n\t\t\t\t\t\n            <div class=\"button-group text-left\">\n                <a class=\"rn-btn rbbtn rn-single btn-medium  shadow-has\" href=\"https:\/\/andorsoft.com\/#contacte\" target=\"_blank\"> CONTACTA CON NOSOTROS<\/a>            <\/div>\n\n            \t\t\t\t<\/div>\n\t\t\t\t<\/div>\n\t\t\t\t\t<\/div>\n\t\t<\/div>\n\t\t\t\t<div class=\"elementor-column elementor-col-50 elementor-top-column elementor-element elementor-element-49a8c14e\" data-id=\"49a8c14e\" data-element_type=\"column\" data-e-type=\"column\">\n\t\t\t<div class=\"elementor-widget-wrap elementor-element-populated\">\n\t\t\t\t\t\t<div class=\"elementor-element elementor-element-aa2df4b elementor-widget elementor-widget-rainbow-image-holder\" data-id=\"aa2df4b\" data-element_type=\"widget\" data-e-type=\"widget\" data-widget_type=\"rainbow-image-holder.default\">\n\t\t\t\t<div class=\"elementor-widget-container\">\n\t\t\t\t\t\n            <div class=\"slide pb-0\">\n                <div class=\"thumbnail\">\n                    <div class=\"inner\">\n                        <img fetchpriority=\"high\" decoding=\"async\" width=\"1805\" height=\"1079\" src=\"https:\/\/andorsoft.com\/wp-content\/uploads\/2023\/10\/Untitled-design-41.png\" class=\"attachment-full size-full wp-image-17117\" alt=\"\" srcset=\"https:\/\/andorsoft.com\/wp-content\/uploads\/2023\/10\/Untitled-design-41.png 1805w, https:\/\/andorsoft.com\/wp-content\/uploads\/2023\/10\/Untitled-design-41-300x179.png 300w, https:\/\/andorsoft.com\/wp-content\/uploads\/2023\/10\/Untitled-design-41-1024x612.png 1024w, https:\/\/andorsoft.com\/wp-content\/uploads\/2023\/10\/Untitled-design-41-768x459.png 768w, https:\/\/andorsoft.com\/wp-content\/uploads\/2023\/10\/Untitled-design-41-1536x918.png 1536w, https:\/\/andorsoft.com\/wp-content\/uploads\/2023\/10\/Untitled-design-41-18x12.png 18w\" sizes=\"(max-width: 1805px) 100vw, 1805px\" \/>                    <\/div>\n                <\/div>\n            <\/div>\n            \t\t\t\t<\/div>\n\t\t\t\t<\/div>\n\t\t\t\t\t<\/div>\n\t\t<\/div>\n\t\t\t\t\t<\/div>\n\t\t<\/section>\n\t\t\t\t<section class=\"elementor-section elementor-top-section elementor-element elementor-element-165397f0 elementor-section-boxed elementor-section-height-default elementor-section-height-default\" data-id=\"165397f0\" data-element_type=\"section\" data-e-type=\"section\">\n\t\t\t\t\t\t<div class=\"elementor-container elementor-column-gap-default\">\n\t\t\t\t\t<div class=\"elementor-column elementor-col-100 elementor-top-column elementor-element elementor-element-4ea711b7\" data-id=\"4ea711b7\" data-element_type=\"column\" data-e-type=\"column\">\n\t\t\t<div class=\"elementor-widget-wrap elementor-element-populated\">\n\t\t\t\t\t\t\t<\/div>\n\t\t<\/div>\n\t\t\t\t\t<\/div>\n\t\t<\/section>\n\t\t\t\t<section class=\"elementor-section elementor-top-section elementor-element elementor-element-46abc1e9 elementor-section-boxed elementor-section-height-default elementor-section-height-default\" data-id=\"46abc1e9\" data-element_type=\"section\" data-e-type=\"section\">\n\t\t\t\t\t\t<div class=\"elementor-container elementor-column-gap-extended\">\n\t\t\t\t\t<div class=\"elementor-column elementor-col-50 elementor-top-column elementor-element elementor-element-06726fe\" data-id=\"06726fe\" data-element_type=\"column\" data-e-type=\"column\">\n\t\t\t<div class=\"elementor-widget-wrap elementor-element-populated\">\n\t\t\t\t\t\t<div class=\"elementor-element elementor-element-375be2c dce_masking-none elementor-widget elementor-widget-image\" data-id=\"375be2c\" data-element_type=\"widget\" data-e-type=\"widget\" data-widget_type=\"image.default\">\n\t\t\t\t<div class=\"elementor-widget-container\">\n\t\t\t\t\t\t\t\t\t\t\t\t\t\t\t<img decoding=\"async\" src=\"https:\/\/andorsoft.com\/wp-content\/uploads\/2023\/10\/Productes-Renewed-8.pdf\" title=\"\" alt=\"\" loading=\"lazy\" \/>\t\t\t\t\t\t\t\t\t\t\t\t\t\t\t<\/div>\n\t\t\t\t<\/div>\n\t\t\t\t\t<\/div>\n\t\t<\/div>\n\t\t\t\t<div class=\"elementor-column elementor-col-50 elementor-top-column elementor-element elementor-element-7fdc3729\" data-id=\"7fdc3729\" data-element_type=\"column\" data-e-type=\"column\">\n\t\t\t<div class=\"elementor-widget-wrap elementor-element-populated\">\n\t\t\t\t\t\t<div class=\"elementor-element elementor-element-43dbd8e3 rainbow-title-1 elementor-widget elementor-widget-rainbow-title\" data-id=\"43dbd8e3\" data-element_type=\"widget\" data-e-type=\"widget\" data-widget_type=\"rainbow-title.default\">\n\t\t\t\t<div class=\"elementor-widget-container\">\n\t\t\t\t\t        <div class=\"section-title text-left\"\n             data-aos=\"fade-up\" data-aos-duration=\"500\" data-aos-delay=\"100\" data-aos-once=\"true\">\n                            <span class=\"subtitle sub-title\">PRODUCTOS RENEWED<\/span>\n                                        <h2 class=\"title sec-title\">\u00bfQu\u00e9 beneficios tiene un equipo reacondicionado profesional?<\/h2>\n                        <\/div>\n        \t\t\t\t<\/div>\n\t\t\t\t<\/div>\n\t\t\t\t<div class=\"elementor-element elementor-element-3bc81b1c elementor-widget elementor-widget-text-editor\" data-id=\"3bc81b1c\" data-element_type=\"widget\" data-e-type=\"widget\" data-widget_type=\"text-editor.default\">\n\t\t\t\t<div class=\"elementor-widget-container\">\n\t\t\t\t\t\t\t\t\t<p>\u00a0<b>Valor econ\u00f3mico: <\/b>Uno de sus principales beneficios es el ahorro econ\u00f3mico. Esto significa que se puede obtener un equipo de alta calidad por un precio m\u00e1s bajo.<\/p><p><span class=\"Apple-converted-space\">\u00a0<\/span><b>Funcionalidad mejorada: <\/b>Al ser reacondicionado el equipo ha sido restaurado en su estado original o mejorado. Es decir, un profesional ha revisado y ha podido eliminar los defectos o problemas de f\u00e1brica ofreciendo un equipo que funciona mejor que incluso uno nuevo.<span class=\"Apple-converted-space\">\u00a0<\/span><\/p><p><b>Menor impacte ambiental: <\/b>Se estima que la fabricaci\u00f3n de un port\u00e1til consume alrededor de 200 kg de combustibles f\u00f3siles y emite aproximadamente 190 kg de co2 en la atm\u00f3sfera frente a uno nuevo.<\/p>\t\t\t\t\t\t\t\t<\/div>\n\t\t\t\t<\/div>\n\t\t\t\t<div class=\"elementor-element elementor-element-74a89bdd elementor-widget elementor-widget-rb-button\" data-id=\"74a89bdd\" data-element_type=\"widget\" data-e-type=\"widget\" data-widget_type=\"rb-button.default\">\n\t\t\t\t<div class=\"elementor-widget-container\">\n\t\t\t\t\t\n            <div class=\"button-group text-left\">\n                <a class=\"rn-btn rbbtn rn-single btn-medium  shadow-has\" href=\"https:\/\/andorsoft.com\/#contacte\" target=\"_blank\"> \u00bfQUIERES SABER M\u00c1S? CONTACTA CON NOSOTROS<\/a>            <\/div>\n\n            \t\t\t\t<\/div>\n\t\t\t\t<\/div>\n\t\t\t\t\t<\/div>\n\t\t<\/div>\n\t\t\t\t\t<\/div>\n\t\t<\/section>\n\t\t\t\t<section class=\"elementor-section elementor-top-section elementor-element elementor-element-6c2d418 elementor-hidden-desktop elementor-hidden-tablet elementor-hidden-mobile elementor-section-boxed elementor-section-height-default elementor-section-height-default\" data-id=\"6c2d418\" data-element_type=\"section\" data-e-type=\"section\">\n\t\t\t\t\t\t<div class=\"elementor-container elementor-column-gap-default\">\n\t\t\t\t\t<div class=\"elementor-column elementor-col-100 elementor-top-column elementor-element elementor-element-24c15e43\" data-id=\"24c15e43\" data-element_type=\"column\" data-e-type=\"column\">\n\t\t\t<div class=\"elementor-widget-wrap elementor-element-populated\">\n\t\t\t\t\t\t<div class=\"elementor-element elementor-element-1f9e19f4 elementor-widget elementor-widget-heading\" data-id=\"1f9e19f4\" data-element_type=\"widget\" data-e-type=\"widget\" data-widget_type=\"heading.default\">\n\t\t\t\t<div class=\"elementor-widget-container\">\n\t\t\t\t\t<h2 class=\"elementor-heading-title elementor-size-default\">Our Trusted Clientes<\/h2>\t\t\t\t<\/div>\n\t\t\t\t<\/div>\n\t\t\t\t<div class=\"elementor-element elementor-element-297983e4 elementor-widget elementor-widget-rainbow-brand\" data-id=\"297983e4\" data-element_type=\"widget\" data-e-type=\"widget\" data-widget_type=\"rainbow-brand.default\">\n\t\t\t\t<div class=\"elementor-widget-container\">\n\t\t\t\t\t<div class=\"brand-wrapper-three mb_dec--30\">\n    \n        <div data-aos=\"fade-up\" data-aos-duration=\"1000\" data-aos-delay=\"100\" data-aos-once=\"true\"\n             class=\"rn-brand\">\n            <div class=\"inner text-center\">\n            <div class=\"thumbnail\">\n                 <a href=\"#\" >                                     <img decoding=\"async\" width=\"146\" height=\"92\" src=\"https:\/\/andorsoft.com\/wp-content\/uploads\/2021\/08\/client1-1.png\" class=\"attachment-full size-full\" alt=\"cliente1\" \/>                                     <\/a>                 <\/div> \n                <div class=\"seperator\"><\/div>\n                <div class=\"client-name\"><span><a\n                                href=\"#\">Google<\/a><\/span>\n                <\/div>\n            <\/div>\n        <\/div>\n    \n        <div data-aos=\"fade-up\" data-aos-duration=\"1000\" data-aos-delay=\"100\" data-aos-once=\"true\"\n             class=\"rn-brand\">\n            <div class=\"inner text-center\">\n            <div class=\"thumbnail\">\n                 <a href=\"#\" >                                     <img decoding=\"async\" width=\"90\" height=\"90\" src=\"https:\/\/andorsoft.com\/wp-content\/uploads\/2021\/08\/client2.png\" class=\"attachment-full size-full\" alt=\"cliente2\" \/>                                     <\/a>                 <\/div> \n                <div class=\"seperator\"><\/div>\n                <div class=\"client-name\"><span><a\n                                href=\"#\">Apple<\/a><\/span>\n                <\/div>\n            <\/div>\n        <\/div>\n    \n        <div data-aos=\"fade-up\" data-aos-duration=\"1000\" data-aos-delay=\"100\" data-aos-once=\"true\"\n             class=\"rn-brand\">\n            <div class=\"inner text-center\">\n            <div class=\"thumbnail\">\n                 <a href=\"#\" >                                     <img loading=\"lazy\" decoding=\"async\" width=\"126\" height=\"60\" src=\"https:\/\/andorsoft.com\/wp-content\/uploads\/2021\/08\/client3.png\" class=\"attachment-full size-full\" alt=\"cliente3\" \/>                                     <\/a>                 <\/div> \n                <div class=\"seperator\"><\/div>\n                <div class=\"client-name\"><span><a\n                                href=\"#\">Nike<\/a><\/span>\n                <\/div>\n            <\/div>\n        <\/div>\n    \n        <div data-aos=\"fade-up\" data-aos-duration=\"1000\" data-aos-delay=\"100\" data-aos-once=\"true\"\n             class=\"rn-brand\">\n            <div class=\"inner text-center\">\n            <div class=\"thumbnail\">\n                 <a href=\"#\" >                                     <img loading=\"lazy\" decoding=\"async\" width=\"114\" height=\"78\" src=\"https:\/\/andorsoft.com\/wp-content\/uploads\/2021\/08\/client4.png\" class=\"attachment-full size-full\" alt=\"cliente4\" \/>                                     <\/a>                 <\/div> \n                <div class=\"seperator\"><\/div>\n                <div class=\"client-name\"><span><a\n                                href=\"#\">Amazon<\/a><\/span>\n                <\/div>\n            <\/div>\n        <\/div>\n    <\/div>\n\t\t\t\t<\/div>\n\t\t\t\t<\/div>\n\t\t\t\t\t<\/div>\n\t\t<\/div>\n\t\t\t\t\t<\/div>\n\t\t<\/section>\n\t\t\t\t<\/div>","protected":false},"excerpt":{"rendered":"<p>Una alternativa sostenible al adquirir un equip professional. PRODUCTES RENEWED \u00a0Els equips recondicionats Renewed s\u00f3n una alternativa que els clients demanen a l&#8217;hora d&#8217;adquirir equips cada cop m\u00e9s. \u00c9s important tenir en compte l&#8217;estalvi econ\u00f2mic i la sostenibilitat com la qualitat recolzada per la revisi\u00f3 de m\u00e9s de 25 punts cr\u00edtics a trav\u00e9s d&#8217; un [&hellip;]<\/p>\n","protected":false},"author":1,"featured_media":0,"parent":0,"menu_order":0,"comment_status":"closed","ping_status":"closed","template":"elementor_header_footer","meta":{"footnotes":""},"class_list":["post-17112","page","type-page","status-publish","hentry"],"acf":[],"yoast_head":"<!-- This site is optimized with the Yoast SEO plugin v27.2 - https:\/\/yoast.com\/product\/yoast-seo-wordpress\/ -->\n<title>Productes Renewed de Qualitat a Preus Competitius - Andorsoft<\/title>\n<meta name=\"description\" content=\"A Andorsoft, oferim productes renewed d\u2019alta qualitat amb garantia i preus competitius. Estalvia en tecnologia sense comprometre el rendiment.\" \/>\n<meta name=\"robots\" content=\"index, follow, max-snippet:-1, max-image-preview:large, max-video-preview:-1\" \/>\n<link rel=\"canonical\" href=\"https:\/\/andorsoft.com\/es\/productos-renewed\/\" \/>\n<meta property=\"og:locale\" content=\"es_ES\" \/>\n<meta property=\"og:type\" content=\"article\" \/>\n<meta property=\"og:title\" content=\"Productes Renewed de Qualitat a Preus Competitius - Andorsoft\" \/>\n<meta property=\"og:description\" content=\"A Andorsoft, oferim productes renewed d\u2019alta qualitat amb garantia i preus competitius. Estalvia en tecnologia sense comprometre el rendiment.\" \/>\n<meta property=\"og:url\" content=\"https:\/\/andorsoft.com\/es\/productos-renewed\/\" \/>\n<meta property=\"og:site_name\" content=\"Andorsoft, S.A.\" \/>\n<meta property=\"article:modified_time\" content=\"2024-10-04T08:01:24+00:00\" \/>\n<meta property=\"og:image\" content=\"https:\/\/andorsoft.com\/wp-content\/uploads\/2023\/10\/Untitled-design-41.png\" \/>\n<meta name=\"twitter:card\" content=\"summary_large_image\" \/>\n<meta name=\"twitter:label1\" content=\"Tiempo de lectura\" \/>\n\t<meta name=\"twitter:data1\" content=\"3 minutos\" \/>\n<script type=\"application\/ld+json\" class=\"yoast-schema-graph\">{\"@context\":\"https:\/\/schema.org\",\"@graph\":[{\"@type\":\"WebPage\",\"@id\":\"https:\/\/andorsoft.com\/productes-renewed\/\",\"url\":\"https:\/\/andorsoft.com\/productes-renewed\/\",\"name\":\"Productes Renewed de Qualitat a Preus Competitius - Andorsoft\",\"isPartOf\":{\"@id\":\"https:\/\/andorsoft.com\/#website\"},\"primaryImageOfPage\":{\"@id\":\"https:\/\/andorsoft.com\/productes-renewed\/#primaryimage\"},\"image\":{\"@id\":\"https:\/\/andorsoft.com\/productes-renewed\/#primaryimage\"},\"thumbnailUrl\":\"https:\/\/andorsoft.com\/wp-content\/uploads\/2023\/10\/Untitled-design-41.png\",\"datePublished\":\"2023-10-09T08:56:15+00:00\",\"dateModified\":\"2024-10-04T08:01:24+00:00\",\"description\":\"A Andorsoft, oferim productes renewed d\u2019alta qualitat amb garantia i preus competitius. Estalvia en tecnologia sense comprometre el rendiment.\",\"breadcrumb\":{\"@id\":\"https:\/\/andorsoft.com\/productes-renewed\/#breadcrumb\"},\"inLanguage\":\"es\",\"potentialAction\":[{\"@type\":\"ReadAction\",\"target\":[\"https:\/\/andorsoft.com\/productes-renewed\/\"]}]},{\"@type\":\"ImageObject\",\"inLanguage\":\"es\",\"@id\":\"https:\/\/andorsoft.com\/productes-renewed\/#primaryimage\",\"url\":\"https:\/\/andorsoft.com\/wp-content\/uploads\/2023\/10\/Untitled-design-41.png\",\"contentUrl\":\"https:\/\/andorsoft.com\/wp-content\/uploads\/2023\/10\/Untitled-design-41.png\"},{\"@type\":\"BreadcrumbList\",\"@id\":\"https:\/\/andorsoft.com\/productes-renewed\/#breadcrumb\",\"itemListElement\":[{\"@type\":\"ListItem\",\"position\":1,\"name\":\"Inici\",\"item\":\"https:\/\/andorsoft.com\/\"},{\"@type\":\"ListItem\",\"position\":2,\"name\":\"Productes Renewed\"}]},{\"@type\":\"WebSite\",\"@id\":\"https:\/\/andorsoft.com\/#website\",\"url\":\"https:\/\/andorsoft.com\/\",\"name\":\"Andorsoft, S.A.\",\"description\":\"\",\"publisher\":{\"@id\":\"https:\/\/andorsoft.com\/#organization\"},\"potentialAction\":[{\"@type\":\"SearchAction\",\"target\":{\"@type\":\"EntryPoint\",\"urlTemplate\":\"https:\/\/andorsoft.com\/?s={search_term_string}\"},\"query-input\":{\"@type\":\"PropertyValueSpecification\",\"valueRequired\":true,\"valueName\":\"search_term_string\"}}],\"inLanguage\":\"es\"},{\"@type\":\"Organization\",\"@id\":\"https:\/\/andorsoft.com\/#organization\",\"name\":\"Andorsoft, S.A.\",\"url\":\"https:\/\/andorsoft.com\/\",\"logo\":{\"@type\":\"ImageObject\",\"inLanguage\":\"es\",\"@id\":\"https:\/\/andorsoft.com\/#\/schema\/logo\/image\/\",\"url\":\"https:\/\/andorsoft.com\/wp-content\/uploads\/2023\/04\/andorsoft-Transparente-V-2.png\",\"contentUrl\":\"https:\/\/andorsoft.com\/wp-content\/uploads\/2023\/04\/andorsoft-Transparente-V-2.png\",\"width\":1280,\"height\":878,\"caption\":\"Andorsoft, S.A.\"},\"image\":{\"@id\":\"https:\/\/andorsoft.com\/#\/schema\/logo\/image\/\"},\"sameAs\":[\"https:\/\/www.linkedin.com\/company\/andorsoft\/\",\"https:\/\/www.instagram.com\/andorsoft\/\"]}]}<\/script>\n<!-- \/ Yoast SEO plugin. -->","yoast_head_json":{"title":"Productos Renewed de Calidad a Precios Competitivos - Andorsoft","description":"En Andorsoft, ofrecemos productos renewed de alta calidad con garant\u00eda y precios competitivos. Ahorra en tecnolog\u00eda sin comprometer el rendimiento.","robots":{"index":"index","follow":"follow","max-snippet":"max-snippet:-1","max-image-preview":"max-image-preview:large","max-video-preview":"max-video-preview:-1"},"canonical":"https:\/\/andorsoft.com\/es\/productos-renewed\/","og_locale":"es_ES","og_type":"article","og_title":"Productes Renewed de Qualitat a Preus Competitius - Andorsoft","og_description":"A Andorsoft, oferim productes renewed d\u2019alta qualitat amb garantia i preus competitius. Estalvia en tecnologia sense comprometre el rendiment.","og_url":"https:\/\/andorsoft.com\/es\/productos-renewed\/","og_site_name":"Andorsoft, S.A.","article_modified_time":"2024-10-04T08:01:24+00:00","og_image":[{"url":"https:\/\/andorsoft.com\/wp-content\/uploads\/2023\/10\/Untitled-design-41.png","type":"","width":"","height":""}],"twitter_card":"summary_large_image","twitter_misc":{"Tiempo de lectura":"3 minutos"},"schema":{"@context":"https:\/\/schema.org","@graph":[{"@type":"WebPage","@id":"https:\/\/andorsoft.com\/productes-renewed\/","url":"https:\/\/andorsoft.com\/productes-renewed\/","name":"Productos Renewed de Calidad a Precios Competitivos - Andorsoft","isPartOf":{"@id":"https:\/\/andorsoft.com\/#website"},"primaryImageOfPage":{"@id":"https:\/\/andorsoft.com\/productes-renewed\/#primaryimage"},"image":{"@id":"https:\/\/andorsoft.com\/productes-renewed\/#primaryimage"},"thumbnailUrl":"https:\/\/andorsoft.com\/wp-content\/uploads\/2023\/10\/Untitled-design-41.png","datePublished":"2023-10-09T08:56:15+00:00","dateModified":"2024-10-04T08:01:24+00:00","description":"En Andorsoft, ofrecemos productos renewed de alta calidad con garant\u00eda y precios competitivos. Ahorra en tecnolog\u00eda sin comprometer el rendimiento.","breadcrumb":{"@id":"https:\/\/andorsoft.com\/productes-renewed\/#breadcrumb"},"inLanguage":"es","potentialAction":[{"@type":"ReadAction","target":["https:\/\/andorsoft.com\/productes-renewed\/"]}]},{"@type":"ImageObject","inLanguage":"es","@id":"https:\/\/andorsoft.com\/productes-renewed\/#primaryimage","url":"https:\/\/andorsoft.com\/wp-content\/uploads\/2023\/10\/Untitled-design-41.png","contentUrl":"https:\/\/andorsoft.com\/wp-content\/uploads\/2023\/10\/Untitled-design-41.png"},{"@type":"BreadcrumbList","@id":"https:\/\/andorsoft.com\/productes-renewed\/#breadcrumb","itemListElement":[{"@type":"ListItem","position":1,"name":"Inici","item":"https:\/\/andorsoft.com\/"},{"@type":"ListItem","position":2,"name":"Productes Renewed"}]},{"@type":"WebSite","@id":"https:\/\/andorsoft.com\/#website","url":"https:\/\/andorsoft.com\/","name":"Andorsoft, SA","description":"","publisher":{"@id":"https:\/\/andorsoft.com\/#organization"},"potentialAction":[{"@type":"SearchAction","target":{"@type":"EntryPoint","urlTemplate":"https:\/\/andorsoft.com\/?s={search_term_string}"},"query-input":{"@type":"PropertyValueSpecification","valueRequired":true,"valueName":"search_term_string"}}],"inLanguage":"es"},{"@type":"Organization","@id":"https:\/\/andorsoft.com\/#organization","name":"Andorsoft, SA","url":"https:\/\/andorsoft.com\/","logo":{"@type":"ImageObject","inLanguage":"es","@id":"https:\/\/andorsoft.com\/#\/schema\/logo\/image\/","url":"https:\/\/andorsoft.com\/wp-content\/uploads\/2023\/04\/andorsoft-Transparente-V-2.png","contentUrl":"https:\/\/andorsoft.com\/wp-content\/uploads\/2023\/04\/andorsoft-Transparente-V-2.png","width":1280,"height":878,"caption":"Andorsoft, S.A."},"image":{"@id":"https:\/\/andorsoft.com\/#\/schema\/logo\/image\/"},"sameAs":["https:\/\/www.linkedin.com\/company\/andorsoft\/","https:\/\/www.instagram.com\/andorsoft\/"]}]}},"_links":{"self":[{"href":"https:\/\/andorsoft.com\/es\/wp-json\/wp\/v2\/pages\/17112","targetHints":{"allow":["GET"]}}],"collection":[{"href":"https:\/\/andorsoft.com\/es\/wp-json\/wp\/v2\/pages"}],"about":[{"href":"https:\/\/andorsoft.com\/es\/wp-json\/wp\/v2\/types\/page"}],"author":[{"embeddable":true,"href":"https:\/\/andorsoft.com\/es\/wp-json\/wp\/v2\/users\/1"}],"replies":[{"embeddable":true,"href":"https:\/\/andorsoft.com\/es\/wp-json\/wp\/v2\/comments?post=17112"}],"version-history":[{"count":6,"href":"https:\/\/andorsoft.com\/es\/wp-json\/wp\/v2\/pages\/17112\/revisions"}],"predecessor-version":[{"id":17121,"href":"https:\/\/andorsoft.com\/es\/wp-json\/wp\/v2\/pages\/17112\/revisions\/17121"}],"wp:attachment":[{"href":"https:\/\/andorsoft.com\/es\/wp-json\/wp\/v2\/media?parent=17112"}],"curies":[{"name":"wp","href":"https:\/\/api.w.org\/{rel}","templated":true}]}}