{"id":16599,"date":"2023-04-24T12:46:18","date_gmt":"2023-04-24T10:46:18","guid":{"rendered":"https:\/\/andorsoft.com\/?page_id=16599"},"modified":"2023-04-24T12:53:19","modified_gmt":"2023-04-24T10:53:19","slug":"politica-de-proteccion-de-datos-de-clientes","status":"publish","type":"page","link":"https:\/\/andorsoft.com\/es\/politica-de-proteccio-de-dades-de-clients\/","title":{"rendered":"Pol\u00edtica de Protecci\u00f3n de Datos de Clientes"},"content":{"rendered":"<div data-elementor-type=\"wp-page\" data-elementor-id=\"16599\" class=\"elementor elementor-16599\" data-elementor-post-type=\"page\">\n\t\t\t\t\t\t<section class=\"elementor-section elementor-top-section elementor-element elementor-element-3baf5792 elementor-section-boxed elementor-section-height-default elementor-section-height-default\" data-id=\"3baf5792\" data-element_type=\"section\" data-e-type=\"section\">\n\t\t\t\t\t\t<div class=\"elementor-container elementor-column-gap-default\">\n\t\t\t\t\t<div class=\"elementor-column elementor-col-100 elementor-top-column elementor-element elementor-element-55909407\" data-id=\"55909407\" data-element_type=\"column\" data-e-type=\"column\">\n\t\t\t<div class=\"elementor-widget-wrap elementor-element-populated\">\n\t\t\t\t\t\t<div class=\"elementor-element elementor-element-43dbd8e3 rainbow-title-1 elementor-widget elementor-widget-rainbow-title\" data-id=\"43dbd8e3\" data-element_type=\"widget\" data-e-type=\"widget\" data-widget_type=\"rainbow-title.default\">\n\t\t\t\t<div class=\"elementor-widget-container\">\n\t\t\t\t\t        <div class=\"section-title text-left\"\n             data-aos=\"fade-up\" data-aos-duration=\"500\" data-aos-delay=\"100\" data-aos-once=\"true\">\n                            <span class=\"subtitle sub-title\">\u00daltima actualizaci\u00f3n: 24 de abril de 2023<\/span>\n                                        <h2 class=\"title sec-title\">Pol\u00edtica de Protecci\u00f3n de Datos de Clientes de Andorrasoft, SA<\/h2>\n                        <\/div>\n        \t\t\t\t<\/div>\n\t\t\t\t<\/div>\n\t\t\t\t<div class=\"elementor-element elementor-element-3bc81b1c elementor-widget elementor-widget-text-editor\" data-id=\"3bc81b1c\" data-element_type=\"widget\" data-e-type=\"widget\" data-widget_type=\"text-editor.default\">\n\t\t\t\t<div class=\"elementor-widget-container\">\n\t\t\t\t\t\t\t\t\t<p>1<b> \u2013 Introducci\u00f3n<\/b><\/p>\n<p>Andorsoft, SA (en adelante, \u201cAndorsoft\u201d, \u201cnosotros\u201d o \u201cla nuestra\u201d) se compromete a proteger los datos personales de nuestros clientes ya cumplir con la Ley 29\/2021, de 28 de octubre, calificada de protecci\u00f3n de datos personales de Andorra. Esta pol\u00edtica de protecci\u00f3n de datos de clientes describe c\u00f3mo tratamos, protegemos y gestionamos sus datos personales, as\u00ed como los derechos que tiene en relaci\u00f3n con sus datos.<\/p>\n<p>2<b> - Delegado de Protecci\u00f3n de Datos<\/b><\/p>\n<p>Con el fin de garantizar el cumplimiento de la Ley 29\/2021, Andorsoft ha nombrado a un Delegado de Protecci\u00f3n de Datos (DPD) que es responsable de supervisar el tratamiento de los datos personales y asegurarse de que se cumplan los principios de protecci\u00f3n de datos. El DPD est\u00e1 a su disposici\u00f3n para cualquier pregunta o preocupaci\u00f3n relacionada con la protecci\u00f3n de sus datos personales. Puede contactar con el DPD enviando un correo electr\u00f3nico a dpd@andorsoft.ad.<\/p>\n<p>3<b> \u2013 Datos personales que tratamos<\/b><\/p>\n<p>Recopilamos y tratamos los siguientes datos personales de nuestros clientes:<\/p>\n<p>a) Datos de identificaci\u00f3n, tales como nombre, apellidos, n\u00famero de documento de identidad o pasaporte.&nbsp;<\/p>\n<p>b) Datos de contacto, tales como direcci\u00f3n postal, direcci\u00f3n de correo electr\u00f3nico y n\u00famero de tel\u00e9fono.&nbsp;<\/p>\n<p>c) Datos financieros y de pago, tales como datos bancarios o de tarjeta de cr\u00e9dito.&nbsp;<\/p>\n<p>d) Datos de navegaci\u00f3n e interacci\u00f3n con nuestro sitio web y servicios tales como la direcci\u00f3n IP, el tipo de navegador y las p\u00e1ginas visitadas.<\/p>\n<p>4<b> \u2013 Finalidades del tratamiento de los datos<\/b><\/p>\n<p>Utilizamos sus datos personales para las siguientes finalidades:<\/p>\n<p>a) Gestionar su relaci\u00f3n comercial con Andorsoft, incluyendo la contrataci\u00f3n y facturaci\u00f3n de nuestros productos y servicios.&nbsp;<\/p>\n<p>b) Responder a sus consultas y proporcionarle asistencia en relaci\u00f3n con nuestros productos y servicios.&nbsp;<\/p>\n<p>c) Enviar informaci\u00f3n comercial y promocional sobre nuestros productos y servicios, siempre que haya dado su consentimiento expreso.&nbsp;<\/p>\n<p>d) Realizar an\u00e1lisis estad\u00edsticos y estudios de mercado para mejorar nuestra oferta de productos y servicios.<\/p>\n<p><b>5 \u2013 Base legal del tratamiento de los datos<\/b><\/p>\n<p>El tratamiento de sus datos personales se basa en las siguientes bases legales:<\/p>\n<p>a) Ejecuci\u00f3n de un contrato o aplicaci\u00f3n de medidas precontractuales, en relaci\u00f3n con la gesti\u00f3n de su relaci\u00f3n comercial con Andorsoft.&nbsp;<\/p>\n<p>b) Consentimiento expreso, en relaci\u00f3n con el env\u00edo de informaci\u00f3n comercial y promocional, as\u00ed como cuando los datos personales se recopilan para fines no previstos en esta pol\u00edtica de protecci\u00f3n de datos de clientes.&nbsp;<\/p>\n<p>c) Inter\u00e9s leg\u00edtimo de Andorrasoft, en relaci\u00f3n con la realizaci\u00f3n de an\u00e1lisis estad\u00edsticos y estudios de mercado, as\u00ed como la prevenci\u00f3n y detecci\u00f3n de fraude.<\/p>\n<p><strong>6 \u2013 Destinatarios de los datos<\/strong><\/p>\n<p>Sus datos personales pueden ser compartidos con las siguientes categor\u00edas de destinatarios:<\/p>\n<p>a) Proveedores de servicios que act\u00faan como encargados del tratamiento de datos en nombre de Andorrasoft, tales como proveedores de hosting, servicios de soporte t\u00e9cnico o servicios de pago.&nbsp;<\/p>\n<p>b) Autoridades p\u00fablicas, cuando esto sea requerido por ley o para cumplir con nuestras obligaciones legales.<\/p>\n<p>Andorsoft garantiza que todos los destinatarios de sus datos personales cumplen con las medidas de seguridad apropiadas y que se respetan sus derechos en relaci\u00f3n con sus datos personales.<\/p>\n<p>7<b> \u2013 Derechos de los interesados<\/b><\/p>\n<p>Como titular de los datos personales, tiene los siguientes derechos en relaci\u00f3n con el tratamiento de sus datos:<\/p>\n<p>a) Derecho de acceso: Puede solicitar informaci\u00f3n sobre los datos personales que tratamos y obtener una copia de estos datos.&nbsp;<\/p>\n<p>b) Derecho de rectificaci\u00f3n: Puede solicitar la rectificaci\u00f3n de sus datos personales si son inexactos o incompletos.&nbsp;<\/p>\n<p>c) Derecho de supresi\u00f3n: Puede solicitar la supresi\u00f3n de sus datos personales cuando ya no sean necesarios para las finalidades por las que fueron recopiladas, o cuando haya retirado su consentimiento.&nbsp;<\/p>\n<p>d) Derecho de oposici\u00f3n: Puede oponerse al tratamiento de sus datos personales para determinadas finalidades, tales como el env\u00edo de informaci\u00f3n comercial.&nbsp;<\/p>\n<p>e) Derecho de limitaci\u00f3n del tratamiento: Puede solicitar la limitaci\u00f3n del tratamiento de sus datos personales en determinadas circunstancias, tales como cuando impugne la exactitud de los datos.&nbsp;<\/p>\n<p>f) Derecho a la portabilidad de los datos: Puede solicitar recibir sus datos personales en un formato estructurado, de uso com\u00fan y lectura mec\u00e1nica, o que sean transmitidas a otro responsable del tratamiento.<\/p>\n<p>Para ejercer estos derechos, puede ponerse en contacto con nuestro Delegado de Protecci\u00f3n de Datos enviando un correo electr\u00f3nico a dpd@andorsoft.ad. Si no est\u00e1 satisfecho con nuestra respuesta, puede presentar una reclamaci\u00f3n ante la autoridad de protecci\u00f3n de datos de Andorra.<\/p>\n<p>8<b> - Cambios en la pol\u00edtica de protecci\u00f3n de datos de clientes<\/b><\/p>\n<p>Nos reservamos el derecho a actualizar esta pol\u00edtica de protecci\u00f3n de datos de clientes en cualquier momento. Cualquier cambio en esta pol\u00edtica ser\u00e1 publicado en esa p\u00e1gina. Le recomendamos revisar peri\u00f3dicamente esta pol\u00edtica para estar informados sobre c\u00f3mo protegemos sus datos personales.<\/p>\n<p>9<b> \u2013 Contacto<\/b><\/p><p>Si tiene alguna pregunta o duda sobre esta pol\u00edtica de protecci\u00f3n de datos de clientes, por favor, p\u00f3ngase en contacto con nosotros mediante las siguientes v\u00edas:<\/p>\n<p>dpd@andorsoft.ad<\/p>\n<p>Estamos comprometidos a resolver cualquier preocupaci\u00f3n o queja relacionada con la protecci\u00f3n de sus datos personales. Si no est\u00e1 satisfecho con nuestra respuesta, puede presentar una reclamaci\u00f3n ante la autoridad de protecci\u00f3n de datos de Andorra.<\/p>\n<p>Gracias por utilizar nuestro sitio web y por confiar en Andorsoft, SA para sus necesidades. Nos comprometemos a proteger su privacidad ya proporcionarle una experiencia segura y agradable online.<\/p><p><br><\/p><p><br><\/p>\t\t\t\t\t\t\t\t<\/div>\n\t\t\t\t<\/div>\n\t\t\t\t\t<\/div>\n\t\t<\/div>\n\t\t\t\t\t<\/div>\n\t\t<\/section>\n\t\t\t\t<section class=\"elementor-section elementor-top-section elementor-element elementor-element-6c2d418 elementor-hidden-desktop elementor-hidden-tablet elementor-hidden-mobile elementor-section-boxed elementor-section-height-default elementor-section-height-default\" data-id=\"6c2d418\" data-element_type=\"section\" data-e-type=\"section\">\n\t\t\t\t\t\t<div class=\"elementor-container elementor-column-gap-default\">\n\t\t\t\t\t<div class=\"elementor-column elementor-col-100 elementor-top-column elementor-element elementor-element-24c15e43\" data-id=\"24c15e43\" data-element_type=\"column\" data-e-type=\"column\">\n\t\t\t<div class=\"elementor-widget-wrap elementor-element-populated\">\n\t\t\t\t\t\t<div class=\"elementor-element elementor-element-1f9e19f4 elementor-widget elementor-widget-heading\" data-id=\"1f9e19f4\" data-element_type=\"widget\" data-e-type=\"widget\" data-widget_type=\"heading.default\">\n\t\t\t\t<div class=\"elementor-widget-container\">\n\t\t\t\t\t<h2 class=\"elementor-heading-title elementor-size-default\">Our Trusted Clientes<\/h2>\t\t\t\t<\/div>\n\t\t\t\t<\/div>\n\t\t\t\t<div class=\"elementor-element elementor-element-297983e4 elementor-widget elementor-widget-rainbow-brand\" data-id=\"297983e4\" data-element_type=\"widget\" data-e-type=\"widget\" data-widget_type=\"rainbow-brand.default\">\n\t\t\t\t<div class=\"elementor-widget-container\">\n\t\t\t\t\t<div class=\"brand-wrapper-three mb_dec--30\">\n    \n        <div data-aos=\"fade-up\" data-aos-duration=\"1000\" data-aos-delay=\"100\" data-aos-once=\"true\"\n             class=\"rn-brand\">\n            <div class=\"inner text-center\">\n            <div class=\"thumbnail\">\n                 <a href=\"#\" >                                     <img decoding=\"async\" width=\"146\" height=\"92\" src=\"https:\/\/andorsoft.com\/wp-content\/uploads\/2021\/08\/client1-1.png\" class=\"attachment-full size-full\" alt=\"cliente1\" \/>                                     <\/a>                 <\/div> \n                <div class=\"seperator\"><\/div>\n                <div class=\"client-name\"><span><a\n                                href=\"#\">Google<\/a><\/span>\n                <\/div>\n            <\/div>\n        <\/div>\n    \n        <div data-aos=\"fade-up\" data-aos-duration=\"1000\" data-aos-delay=\"100\" data-aos-once=\"true\"\n             class=\"rn-brand\">\n            <div class=\"inner text-center\">\n            <div class=\"thumbnail\">\n                 <a href=\"#\" >                                     <img decoding=\"async\" width=\"90\" height=\"90\" src=\"https:\/\/andorsoft.com\/wp-content\/uploads\/2021\/08\/client2.png\" class=\"attachment-full size-full\" alt=\"cliente2\" \/>                                     <\/a>                 <\/div> \n                <div class=\"seperator\"><\/div>\n                <div class=\"client-name\"><span><a\n                                href=\"#\">Apple<\/a><\/span>\n                <\/div>\n            <\/div>\n        <\/div>\n    \n        <div data-aos=\"fade-up\" data-aos-duration=\"1000\" data-aos-delay=\"100\" data-aos-once=\"true\"\n             class=\"rn-brand\">\n            <div class=\"inner text-center\">\n            <div class=\"thumbnail\">\n                 <a href=\"#\" >                                     <img decoding=\"async\" width=\"126\" height=\"60\" src=\"https:\/\/andorsoft.com\/wp-content\/uploads\/2021\/08\/client3.png\" class=\"attachment-full size-full\" alt=\"cliente3\" \/>                                     <\/a>                 <\/div> \n                <div class=\"seperator\"><\/div>\n                <div class=\"client-name\"><span><a\n                                href=\"#\">Nike<\/a><\/span>\n                <\/div>\n            <\/div>\n        <\/div>\n    \n        <div data-aos=\"fade-up\" data-aos-duration=\"1000\" data-aos-delay=\"100\" data-aos-once=\"true\"\n             class=\"rn-brand\">\n            <div class=\"inner text-center\">\n            <div class=\"thumbnail\">\n                 <a href=\"#\" >                                     <img loading=\"lazy\" decoding=\"async\" width=\"114\" height=\"78\" src=\"https:\/\/andorsoft.com\/wp-content\/uploads\/2021\/08\/client4.png\" class=\"attachment-full size-full\" alt=\"cliente4\" \/>                                     <\/a>                 <\/div> \n                <div class=\"seperator\"><\/div>\n                <div class=\"client-name\"><span><a\n                                href=\"#\">Amazon<\/a><\/span>\n                <\/div>\n            <\/div>\n        <\/div>\n    <\/div>\n\t\t\t\t<\/div>\n\t\t\t\t<\/div>\n\t\t\t\t\t<\/div>\n\t\t<\/div>\n\t\t\t\t\t<\/div>\n\t\t<\/section>\n\t\t\t\t<\/div>","protected":false},"excerpt":{"rendered":"<p>\u00daltima actualitzaci\u00f3: 24 d&#8217;abril de 2023 Pol\u00edtica de Protecci\u00f3 de Dades de Clients d&#8217;Andorsoft, S.A. 1 &#8211; Introducci\u00f3 Andorsoft, S.A. (en endavant, &#8220;Andorsoft&#8221;, &#8220;nosaltres&#8221; o &#8220;la nostra&#8221;) es compromet a protegir les dades personals dels nostres clients i a complir amb la Llei 29\/2021, de 28 d&#8217;octubre, qualificada de protecci\u00f3 de dades personals d&#8217;Andorra. Aquesta [&hellip;]<\/p>\n","protected":false},"author":1,"featured_media":0,"parent":0,"menu_order":0,"comment_status":"closed","ping_status":"closed","template":"elementor_header_footer","meta":{"footnotes":""},"class_list":["post-16599","page","type-page","status-publish","hentry"],"acf":[],"yoast_head":"<!-- This site is optimized with the Yoast SEO plugin v27.2 - https:\/\/yoast.com\/product\/yoast-seo-wordpress\/ -->\n<title>Pol\u00edtica de Protecci\u00f3 de Dades de Clients - Andorsoft, S.A.<\/title>\n<meta name=\"robots\" content=\"index, follow, max-snippet:-1, max-image-preview:large, max-video-preview:-1\" \/>\n<link rel=\"canonical\" href=\"https:\/\/andorsoft.com\/es\/politica-de-proteccion-de-datos-de-clientes\/\" \/>\n<meta property=\"og:locale\" content=\"es_ES\" \/>\n<meta property=\"og:type\" content=\"article\" \/>\n<meta property=\"og:title\" content=\"Pol\u00edtica de Protecci\u00f3 de Dades de Clients - Andorsoft, S.A.\" \/>\n<meta property=\"og:description\" content=\"\u00daltima actualitzaci\u00f3: 24 d&#8217;abril de 2023 Pol\u00edtica de Protecci\u00f3 de Dades de Clients d&#8217;Andorsoft, S.A. 1 &#8211; Introducci\u00f3 Andorsoft, S.A. (en endavant, &#8220;Andorsoft&#8221;, &#8220;nosaltres&#8221; o &#8220;la nostra&#8221;) es compromet a protegir les dades personals dels nostres clients i a complir amb la Llei 29\/2021, de 28 d&#8217;octubre, qualificada de protecci\u00f3 de dades personals d&#8217;Andorra. Aquesta [&hellip;]\" \/>\n<meta property=\"og:url\" content=\"https:\/\/andorsoft.com\/es\/politica-de-proteccion-de-datos-de-clientes\/\" \/>\n<meta property=\"og:site_name\" content=\"Andorsoft, S.A.\" \/>\n<meta property=\"article:modified_time\" content=\"2023-04-24T10:53:19+00:00\" \/>\n<meta property=\"og:image\" content=\"https:\/\/andorsoft.com\/wp-content\/uploads\/2021\/08\/client1-1.png\" \/>\n<meta name=\"twitter:card\" content=\"summary_large_image\" \/>\n<meta name=\"twitter:label1\" content=\"Tiempo de lectura\" \/>\n\t<meta name=\"twitter:data1\" content=\"5 minutos\" \/>\n<script type=\"application\/ld+json\" class=\"yoast-schema-graph\">{\"@context\":\"https:\/\/schema.org\",\"@graph\":[{\"@type\":\"WebPage\",\"@id\":\"https:\/\/andorsoft.com\/politica-de-proteccio-de-dades-de-clients\/\",\"url\":\"https:\/\/andorsoft.com\/politica-de-proteccio-de-dades-de-clients\/\",\"name\":\"Pol\u00edtica de Protecci\u00f3 de Dades de Clients - Andorsoft, S.A.\",\"isPartOf\":{\"@id\":\"https:\/\/andorsoft.com\/#website\"},\"primaryImageOfPage\":{\"@id\":\"https:\/\/andorsoft.com\/politica-de-proteccio-de-dades-de-clients\/#primaryimage\"},\"image\":{\"@id\":\"https:\/\/andorsoft.com\/politica-de-proteccio-de-dades-de-clients\/#primaryimage\"},\"thumbnailUrl\":\"https:\/\/andorsoft.com\/wp-content\/uploads\/2021\/08\/client1-1.png\",\"datePublished\":\"2023-04-24T10:46:18+00:00\",\"dateModified\":\"2023-04-24T10:53:19+00:00\",\"breadcrumb\":{\"@id\":\"https:\/\/andorsoft.com\/politica-de-proteccio-de-dades-de-clients\/#breadcrumb\"},\"inLanguage\":\"es\",\"potentialAction\":[{\"@type\":\"ReadAction\",\"target\":[\"https:\/\/andorsoft.com\/politica-de-proteccio-de-dades-de-clients\/\"]}]},{\"@type\":\"ImageObject\",\"inLanguage\":\"es\",\"@id\":\"https:\/\/andorsoft.com\/politica-de-proteccio-de-dades-de-clients\/#primaryimage\",\"url\":\"https:\/\/andorsoft.com\/wp-content\/uploads\/2021\/08\/client1-1.png\",\"contentUrl\":\"https:\/\/andorsoft.com\/wp-content\/uploads\/2021\/08\/client1-1.png\"},{\"@type\":\"BreadcrumbList\",\"@id\":\"https:\/\/andorsoft.com\/politica-de-proteccio-de-dades-de-clients\/#breadcrumb\",\"itemListElement\":[{\"@type\":\"ListItem\",\"position\":1,\"name\":\"Inici\",\"item\":\"https:\/\/andorsoft.com\/\"},{\"@type\":\"ListItem\",\"position\":2,\"name\":\"Pol\u00edtica de Protecci\u00f3 de Dades de Clients\"}]},{\"@type\":\"WebSite\",\"@id\":\"https:\/\/andorsoft.com\/#website\",\"url\":\"https:\/\/andorsoft.com\/\",\"name\":\"Andorsoft, S.A.\",\"description\":\"\",\"publisher\":{\"@id\":\"https:\/\/andorsoft.com\/#organization\"},\"potentialAction\":[{\"@type\":\"SearchAction\",\"target\":{\"@type\":\"EntryPoint\",\"urlTemplate\":\"https:\/\/andorsoft.com\/?s={search_term_string}\"},\"query-input\":{\"@type\":\"PropertyValueSpecification\",\"valueRequired\":true,\"valueName\":\"search_term_string\"}}],\"inLanguage\":\"es\"},{\"@type\":\"Organization\",\"@id\":\"https:\/\/andorsoft.com\/#organization\",\"name\":\"Andorsoft, S.A.\",\"url\":\"https:\/\/andorsoft.com\/\",\"logo\":{\"@type\":\"ImageObject\",\"inLanguage\":\"es\",\"@id\":\"https:\/\/andorsoft.com\/#\/schema\/logo\/image\/\",\"url\":\"https:\/\/andorsoft.com\/wp-content\/uploads\/2023\/04\/andorsoft-Transparente-V-2.png\",\"contentUrl\":\"https:\/\/andorsoft.com\/wp-content\/uploads\/2023\/04\/andorsoft-Transparente-V-2.png\",\"width\":1280,\"height\":878,\"caption\":\"Andorsoft, S.A.\"},\"image\":{\"@id\":\"https:\/\/andorsoft.com\/#\/schema\/logo\/image\/\"},\"sameAs\":[\"https:\/\/www.linkedin.com\/company\/andorsoft\/\",\"https:\/\/www.instagram.com\/andorsoft\/\"]}]}<\/script>\n<!-- \/ Yoast SEO plugin. -->","yoast_head_json":{"title":"Pol\u00edtica de Protecci\u00f3n de Datos de Clientes - Andorsoft, SA","robots":{"index":"index","follow":"follow","max-snippet":"max-snippet:-1","max-image-preview":"max-image-preview:large","max-video-preview":"max-video-preview:-1"},"canonical":"https:\/\/andorsoft.com\/es\/politica-de-proteccion-de-datos-de-clientes\/","og_locale":"es_ES","og_type":"article","og_title":"Pol\u00edtica de Protecci\u00f3 de Dades de Clients - Andorsoft, S.A.","og_description":"\u00daltima actualitzaci\u00f3: 24 d&#8217;abril de 2023 Pol\u00edtica de Protecci\u00f3 de Dades de Clients d&#8217;Andorsoft, S.A. 1 &#8211; Introducci\u00f3 Andorsoft, S.A. (en endavant, &#8220;Andorsoft&#8221;, &#8220;nosaltres&#8221; o &#8220;la nostra&#8221;) es compromet a protegir les dades personals dels nostres clients i a complir amb la Llei 29\/2021, de 28 d&#8217;octubre, qualificada de protecci\u00f3 de dades personals d&#8217;Andorra. Aquesta [&hellip;]","og_url":"https:\/\/andorsoft.com\/es\/politica-de-proteccion-de-datos-de-clientes\/","og_site_name":"Andorsoft, S.A.","article_modified_time":"2023-04-24T10:53:19+00:00","og_image":[{"url":"https:\/\/andorsoft.com\/wp-content\/uploads\/2021\/08\/client1-1.png","type":"","width":"","height":""}],"twitter_card":"summary_large_image","twitter_misc":{"Tiempo de lectura":"5 minutos"},"schema":{"@context":"https:\/\/schema.org","@graph":[{"@type":"WebPage","@id":"https:\/\/andorsoft.com\/politica-de-proteccio-de-dades-de-clients\/","url":"https:\/\/andorsoft.com\/politica-de-proteccio-de-dades-de-clients\/","name":"Pol\u00edtica de Protecci\u00f3n de Datos de Clientes - Andorsoft, SA","isPartOf":{"@id":"https:\/\/andorsoft.com\/#website"},"primaryImageOfPage":{"@id":"https:\/\/andorsoft.com\/politica-de-proteccio-de-dades-de-clients\/#primaryimage"},"image":{"@id":"https:\/\/andorsoft.com\/politica-de-proteccio-de-dades-de-clients\/#primaryimage"},"thumbnailUrl":"https:\/\/andorsoft.com\/wp-content\/uploads\/2021\/08\/client1-1.png","datePublished":"2023-04-24T10:46:18+00:00","dateModified":"2023-04-24T10:53:19+00:00","breadcrumb":{"@id":"https:\/\/andorsoft.com\/politica-de-proteccio-de-dades-de-clients\/#breadcrumb"},"inLanguage":"es","potentialAction":[{"@type":"ReadAction","target":["https:\/\/andorsoft.com\/politica-de-proteccio-de-dades-de-clients\/"]}]},{"@type":"ImageObject","inLanguage":"es","@id":"https:\/\/andorsoft.com\/politica-de-proteccio-de-dades-de-clients\/#primaryimage","url":"https:\/\/andorsoft.com\/wp-content\/uploads\/2021\/08\/client1-1.png","contentUrl":"https:\/\/andorsoft.com\/wp-content\/uploads\/2021\/08\/client1-1.png"},{"@type":"BreadcrumbList","@id":"https:\/\/andorsoft.com\/politica-de-proteccio-de-dades-de-clients\/#breadcrumb","itemListElement":[{"@type":"ListItem","position":1,"name":"Inici","item":"https:\/\/andorsoft.com\/"},{"@type":"ListItem","position":2,"name":"Pol\u00edtica de Protecci\u00f3 de Dades de Clients"}]},{"@type":"WebSite","@id":"https:\/\/andorsoft.com\/#website","url":"https:\/\/andorsoft.com\/","name":"Andorsoft, SA","description":"","publisher":{"@id":"https:\/\/andorsoft.com\/#organization"},"potentialAction":[{"@type":"SearchAction","target":{"@type":"EntryPoint","urlTemplate":"https:\/\/andorsoft.com\/?s={search_term_string}"},"query-input":{"@type":"PropertyValueSpecification","valueRequired":true,"valueName":"search_term_string"}}],"inLanguage":"es"},{"@type":"Organization","@id":"https:\/\/andorsoft.com\/#organization","name":"Andorsoft, SA","url":"https:\/\/andorsoft.com\/","logo":{"@type":"ImageObject","inLanguage":"es","@id":"https:\/\/andorsoft.com\/#\/schema\/logo\/image\/","url":"https:\/\/andorsoft.com\/wp-content\/uploads\/2023\/04\/andorsoft-Transparente-V-2.png","contentUrl":"https:\/\/andorsoft.com\/wp-content\/uploads\/2023\/04\/andorsoft-Transparente-V-2.png","width":1280,"height":878,"caption":"Andorsoft, S.A."},"image":{"@id":"https:\/\/andorsoft.com\/#\/schema\/logo\/image\/"},"sameAs":["https:\/\/www.linkedin.com\/company\/andorsoft\/","https:\/\/www.instagram.com\/andorsoft\/"]}]}},"_links":{"self":[{"href":"https:\/\/andorsoft.com\/es\/wp-json\/wp\/v2\/pages\/16599","targetHints":{"allow":["GET"]}}],"collection":[{"href":"https:\/\/andorsoft.com\/es\/wp-json\/wp\/v2\/pages"}],"about":[{"href":"https:\/\/andorsoft.com\/es\/wp-json\/wp\/v2\/types\/page"}],"author":[{"embeddable":true,"href":"https:\/\/andorsoft.com\/es\/wp-json\/wp\/v2\/users\/1"}],"replies":[{"embeddable":true,"href":"https:\/\/andorsoft.com\/es\/wp-json\/wp\/v2\/comments?post=16599"}],"version-history":[{"count":3,"href":"https:\/\/andorsoft.com\/es\/wp-json\/wp\/v2\/pages\/16599\/revisions"}],"predecessor-version":[{"id":16602,"href":"https:\/\/andorsoft.com\/es\/wp-json\/wp\/v2\/pages\/16599\/revisions\/16602"}],"wp:attachment":[{"href":"https:\/\/andorsoft.com\/es\/wp-json\/wp\/v2\/media?parent=16599"}],"curies":[{"name":"wp","href":"https:\/\/api.w.org\/{rel}","templated":true}]}}