{"id":16595,"date":"2023-04-24T12:29:35","date_gmt":"2023-04-24T10:29:35","guid":{"rendered":"https:\/\/andorsoft.com\/?page_id=16595"},"modified":"2023-04-24T13:11:19","modified_gmt":"2023-04-24T11:11:19","slug":"politica-de-cookies","status":"publish","type":"page","link":"https:\/\/andorsoft.com\/es\/politica-de-cookies\/","title":{"rendered":"Pol\u00edtica de Cookies"},"content":{"rendered":"<div data-elementor-type=\"wp-page\" data-elementor-id=\"16595\" class=\"elementor elementor-16595\" data-elementor-post-type=\"page\">\n\t\t\t\t\t\t<section class=\"elementor-section elementor-top-section elementor-element elementor-element-3baf5792 elementor-section-boxed elementor-section-height-default elementor-section-height-default\" data-id=\"3baf5792\" data-element_type=\"section\" data-e-type=\"section\">\n\t\t\t\t\t\t<div class=\"elementor-container elementor-column-gap-default\">\n\t\t\t\t\t<div class=\"elementor-column elementor-col-100 elementor-top-column elementor-element elementor-element-55909407\" data-id=\"55909407\" data-element_type=\"column\" data-e-type=\"column\">\n\t\t\t<div class=\"elementor-widget-wrap elementor-element-populated\">\n\t\t\t\t\t\t<div class=\"elementor-element elementor-element-43dbd8e3 rainbow-title-1 elementor-widget elementor-widget-rainbow-title\" data-id=\"43dbd8e3\" data-element_type=\"widget\" data-e-type=\"widget\" data-widget_type=\"rainbow-title.default\">\n\t\t\t\t<div class=\"elementor-widget-container\">\n\t\t\t\t\t        <div class=\"section-title text-left\"\n             data-aos=\"fade-up\" data-aos-duration=\"500\" data-aos-delay=\"100\" data-aos-once=\"true\">\n                            <span class=\"subtitle sub-title\">\u00daltima actualizaci\u00f3n: 24 de abril de 2023<\/span>\n                                        <h2 class=\"title sec-title\">Pol\u00edtica de Cookies de Andorrasoft, SA<\/h2>\n                        <\/div>\n        \t\t\t\t<\/div>\n\t\t\t\t<\/div>\n\t\t\t\t<div class=\"elementor-element elementor-element-3bc81b1c elementor-widget elementor-widget-text-editor\" data-id=\"3bc81b1c\" data-element_type=\"widget\" data-e-type=\"widget\" data-widget_type=\"text-editor.default\">\n\t\t\t\t<div class=\"elementor-widget-container\">\n\t\t\t\t\t\t\t\t\t<p>1 <b>\u2013 Introducci\u00f3n<\/b><\/p>\n<p>Esta pol\u00edtica de cookies describe c\u00f3mo Andorsoft, SA (en adelante, \u201cAndorsoft\u201d, \u201cnosotros\u201d o \u201cla nuestra\u201d) utiliza cookies y tecnolog\u00edas similares en nuestro sitio web. Las cookies nos ayudan a ofrecer una mejor experiencia de usuario, personalizar contenidos y analizar el uso de nuestro sitio web.<\/p>\n<p>Esta pol\u00edtica de cookies est\u00e1 conforme a la Ley de Servicios de la Sociedad de la Informaci\u00f3n y de Comercio Electr\u00f3nico de Andorra, as\u00ed como con el Reglamento General de Protecci\u00f3n de Datos de la Uni\u00f3n Europea (GDPR).<\/p>\n<p>2<b> \u2013 \u00bfQu\u00e9 son las cookies?<\/b><\/p>\n<p>Las cookies son peque\u00f1os archivos de texto que se almacenan en su dispositivo cuando visita un sitio web. Las cookies son utilizadas para diferentes prop\u00f3sitos, como recordar sus preferencias, facilitar la navegaci\u00f3n, o recopilar informaci\u00f3n estad\u00edstica.<\/p>\n<p>3<b> \u2013 Tipo de cookies que utilizamos<\/b><\/p>\n<p>Utilizamos el plugin de WordPress CookieYes, que permite a los usuarios controlar las cookies que se utilizan en nuestro sitio web. Las cookies que utilizamos se pueden clasificar en las siguientes categor\u00edas:<\/p>\n<p>a) Cookies estrictamente necesarias: Estas cookies son imprescindibles para el funcionamiento de nuestro sitio web. Sin estas cookies, algunas funciones del sitio podr\u00edan no funcionar correctamente.<\/p>\n<p>b) Cookies de an\u00e1lisis y rendimiento: Estas cookies nos permiten analizar el uso de nuestro sitio web y mejorar su rendimiento. Por ejemplo, nos ayudan a identificar las p\u00e1ginas m\u00e1s visitadas y detectar problemas de navegaci\u00f3n.<\/p>\n<p>c) Cookies de funcionalidad: Estas cookies permiten recordar sus preferencias y personalizar su experiencia como usuario, como recordar sus opciones de lengua o localizaci\u00f3n.<\/p>\n<p>d) Cookies de publicidad y marketing: Estas cookies se utilizan para mostrar anuncios relevantes y personalizados a los usuarios, as\u00ed como para limitar el n\u00famero de veces que se ve un anuncio.<\/p>\n<p><b>4 \u2013 Gesti\u00f3n de las cookies<\/b><\/p>\n<p>Puede aceptar o rechazar las cookies utilizando el panel de configuraci\u00f3n de cookies proporcionado por el plugin CookieYes. Adem\u00e1s, puede modificar las preferencias de las cookies en cualquier momento a trav\u00e9s de las opciones de su navegador. Tenga en cuenta que, si desactiva las cookies, algunas funciones de nuestro sitio web podr\u00edan no funcionar correctamente.<\/p>\n<p>5<b> \u2013 Cambios en la pol\u00edtica de cookies<\/b><\/p>\n<p>Nos reservamos el derecho a actualizar esta pol\u00edtica de cookies en cualquier momento. Cualquier cambio en esta pol\u00edtica ser\u00e1 publicado en esa p\u00e1gina.<\/p>\n<p><b>6 \u2013 Contacto<\/b><\/p>\n<p>Si tiene alguna pregunta o duda sobre esta pol\u00edtica de cookies, por favor, p\u00f3ngase en contacto con nosotros mediante las siguientes v\u00edas:<\/p>\n<p>Andorsoft, SA Av. Fiter i Rossell, 4 (Ed. Centro de Negocio) AD700 Escaldes, Andorra Tel\u00e9fono: +376 800 750 Correo electr\u00f3nico: dpd@andorsoft.ad<\/p>\n<p>Estamos comprometidos a resolver cualquier preocupaci\u00f3n o queja relacionada con el uso de cookies en nuestro sitio web. Si no est\u00e1 satisfecho con nuestra respuesta, puede presentar una reclamaci\u00f3n ante la autoridad de protecci\u00f3n de datos de Andorra o de la Uni\u00f3n Europea.<\/p>\n<p>Gracias por utilizar nuestro sitio web y por confiar en Andorsoft, SA para sus necesidades. Nos comprometemos a proteger su privacidad ya proporcionarle una experiencia segura y agradable online.<\/p>\n<p><br><\/p>\n<p><br><\/p>\t\t\t\t\t\t\t\t<\/div>\n\t\t\t\t<\/div>\n\t\t\t\t\t<\/div>\n\t\t<\/div>\n\t\t\t\t\t<\/div>\n\t\t<\/section>\n\t\t\t\t<section class=\"elementor-section elementor-top-section elementor-element elementor-element-6c2d418 elementor-hidden-desktop elementor-hidden-tablet elementor-hidden-mobile elementor-section-boxed elementor-section-height-default elementor-section-height-default\" data-id=\"6c2d418\" data-element_type=\"section\" data-e-type=\"section\">\n\t\t\t\t\t\t<div class=\"elementor-container elementor-column-gap-default\">\n\t\t\t\t\t<div class=\"elementor-column elementor-col-100 elementor-top-column elementor-element elementor-element-24c15e43\" data-id=\"24c15e43\" data-element_type=\"column\" data-e-type=\"column\">\n\t\t\t<div class=\"elementor-widget-wrap elementor-element-populated\">\n\t\t\t\t\t\t<div class=\"elementor-element elementor-element-1f9e19f4 elementor-widget elementor-widget-heading\" data-id=\"1f9e19f4\" data-element_type=\"widget\" data-e-type=\"widget\" data-widget_type=\"heading.default\">\n\t\t\t\t<div class=\"elementor-widget-container\">\n\t\t\t\t\t<h2 class=\"elementor-heading-title elementor-size-default\">Our Trusted Clientes<\/h2>\t\t\t\t<\/div>\n\t\t\t\t<\/div>\n\t\t\t\t<div class=\"elementor-element elementor-element-297983e4 elementor-widget elementor-widget-rainbow-brand\" data-id=\"297983e4\" data-element_type=\"widget\" data-e-type=\"widget\" data-widget_type=\"rainbow-brand.default\">\n\t\t\t\t<div class=\"elementor-widget-container\">\n\t\t\t\t\t<div class=\"brand-wrapper-three mb_dec--30\">\n    \n        <div data-aos=\"fade-up\" data-aos-duration=\"1000\" data-aos-delay=\"100\" data-aos-once=\"true\"\n             class=\"rn-brand\">\n            <div class=\"inner text-center\">\n            <div class=\"thumbnail\">\n                 <a href=\"#\" >                                     <img decoding=\"async\" width=\"146\" height=\"92\" src=\"https:\/\/andorsoft.com\/wp-content\/uploads\/2021\/08\/client1-1.png\" class=\"attachment-full size-full\" alt=\"cliente1\" \/>                                     <\/a>                 <\/div> \n                <div class=\"seperator\"><\/div>\n                <div class=\"client-name\"><span><a\n                                href=\"#\">Google<\/a><\/span>\n                <\/div>\n            <\/div>\n        <\/div>\n    \n        <div data-aos=\"fade-up\" data-aos-duration=\"1000\" data-aos-delay=\"100\" data-aos-once=\"true\"\n             class=\"rn-brand\">\n            <div class=\"inner text-center\">\n            <div class=\"thumbnail\">\n                 <a href=\"#\" >                                     <img decoding=\"async\" width=\"90\" height=\"90\" src=\"https:\/\/andorsoft.com\/wp-content\/uploads\/2021\/08\/client2.png\" class=\"attachment-full size-full\" alt=\"cliente2\" \/>                                     <\/a>                 <\/div> \n                <div class=\"seperator\"><\/div>\n                <div class=\"client-name\"><span><a\n                                href=\"#\">Apple<\/a><\/span>\n                <\/div>\n            <\/div>\n        <\/div>\n    \n        <div data-aos=\"fade-up\" data-aos-duration=\"1000\" data-aos-delay=\"100\" data-aos-once=\"true\"\n             class=\"rn-brand\">\n            <div class=\"inner text-center\">\n            <div class=\"thumbnail\">\n                 <a href=\"#\" >                                     <img decoding=\"async\" width=\"126\" height=\"60\" src=\"https:\/\/andorsoft.com\/wp-content\/uploads\/2021\/08\/client3.png\" class=\"attachment-full size-full\" alt=\"cliente3\" \/>                                     <\/a>                 <\/div> \n                <div class=\"seperator\"><\/div>\n                <div class=\"client-name\"><span><a\n                                href=\"#\">Nike<\/a><\/span>\n                <\/div>\n            <\/div>\n        <\/div>\n    \n        <div data-aos=\"fade-up\" data-aos-duration=\"1000\" data-aos-delay=\"100\" data-aos-once=\"true\"\n             class=\"rn-brand\">\n            <div class=\"inner text-center\">\n            <div class=\"thumbnail\">\n                 <a href=\"#\" >                                     <img loading=\"lazy\" decoding=\"async\" width=\"114\" height=\"78\" src=\"https:\/\/andorsoft.com\/wp-content\/uploads\/2021\/08\/client4.png\" class=\"attachment-full size-full\" alt=\"cliente4\" \/>                                     <\/a>                 <\/div> \n                <div class=\"seperator\"><\/div>\n                <div class=\"client-name\"><span><a\n                                href=\"#\">Amazon<\/a><\/span>\n                <\/div>\n            <\/div>\n        <\/div>\n    <\/div>\n\t\t\t\t<\/div>\n\t\t\t\t<\/div>\n\t\t\t\t\t<\/div>\n\t\t<\/div>\n\t\t\t\t\t<\/div>\n\t\t<\/section>\n\t\t\t\t<\/div>","protected":false},"excerpt":{"rendered":"<p>\u00daltima actualitzaci\u00f3: 24 d&#8217;abril de 2023 Pol\u00edtica de Cookies d&#8217;Andorsoft, S.A. 1 &#8211; Introducci\u00f3 Aquesta pol\u00edtica de cookies descriu com Andorsoft, S.A. (en endavant, &#8220;Andorsoft&#8221;, &#8220;nosaltres&#8221; o &#8220;la nostra&#8221;) utilitza cookies i tecnologies similars al nostre lloc web. Les cookies ens ajuden a oferir una millor experi\u00e8ncia d&#8217;usuari, personalitzar continguts, i analitzar l&#8217;\u00fas del nostre [&hellip;]<\/p>\n","protected":false},"author":1,"featured_media":0,"parent":0,"menu_order":0,"comment_status":"closed","ping_status":"closed","template":"elementor_header_footer","meta":{"footnotes":""},"class_list":["post-16595","page","type-page","status-publish","hentry"],"acf":[],"yoast_head":"<!-- This site is optimized with the Yoast SEO plugin v27.2 - https:\/\/yoast.com\/product\/yoast-seo-wordpress\/ -->\n<title>Pol\u00edtica de Cookies - Andorsoft, S.A.<\/title>\n<meta name=\"robots\" content=\"index, follow, max-snippet:-1, max-image-preview:large, max-video-preview:-1\" \/>\n<link rel=\"canonical\" href=\"https:\/\/andorsoft.com\/es\/politica-de-cookies\/\" \/>\n<meta property=\"og:locale\" content=\"es_ES\" \/>\n<meta property=\"og:type\" content=\"article\" \/>\n<meta property=\"og:title\" content=\"Pol\u00edtica de Cookies - Andorsoft, S.A.\" \/>\n<meta property=\"og:description\" content=\"\u00daltima actualitzaci\u00f3: 24 d&#8217;abril de 2023 Pol\u00edtica de Cookies d&#8217;Andorsoft, S.A. 1 &#8211; Introducci\u00f3 Aquesta pol\u00edtica de cookies descriu com Andorsoft, S.A. (en endavant, &#8220;Andorsoft&#8221;, &#8220;nosaltres&#8221; o &#8220;la nostra&#8221;) utilitza cookies i tecnologies similars al nostre lloc web. Les cookies ens ajuden a oferir una millor experi\u00e8ncia d&#8217;usuari, personalitzar continguts, i analitzar l&#8217;\u00fas del nostre [&hellip;]\" \/>\n<meta property=\"og:url\" content=\"https:\/\/andorsoft.com\/es\/politica-de-cookies\/\" \/>\n<meta property=\"og:site_name\" content=\"Andorsoft, S.A.\" \/>\n<meta property=\"article:modified_time\" content=\"2023-04-24T11:11:19+00:00\" \/>\n<meta property=\"og:image\" content=\"https:\/\/andorsoft.com\/wp-content\/uploads\/2021\/08\/client1-1.png\" \/>\n<meta name=\"twitter:card\" content=\"summary_large_image\" \/>\n<meta name=\"twitter:label1\" content=\"Tiempo de lectura\" \/>\n\t<meta name=\"twitter:data1\" content=\"3 minutos\" \/>\n<script type=\"application\/ld+json\" class=\"yoast-schema-graph\">{\"@context\":\"https:\/\/schema.org\",\"@graph\":[{\"@type\":\"WebPage\",\"@id\":\"https:\/\/andorsoft.com\/politica-de-cookies\/\",\"url\":\"https:\/\/andorsoft.com\/politica-de-cookies\/\",\"name\":\"Pol\u00edtica de Cookies - Andorsoft, S.A.\",\"isPartOf\":{\"@id\":\"https:\/\/andorsoft.com\/#website\"},\"primaryImageOfPage\":{\"@id\":\"https:\/\/andorsoft.com\/politica-de-cookies\/#primaryimage\"},\"image\":{\"@id\":\"https:\/\/andorsoft.com\/politica-de-cookies\/#primaryimage\"},\"thumbnailUrl\":\"https:\/\/andorsoft.com\/wp-content\/uploads\/2021\/08\/client1-1.png\",\"datePublished\":\"2023-04-24T10:29:35+00:00\",\"dateModified\":\"2023-04-24T11:11:19+00:00\",\"breadcrumb\":{\"@id\":\"https:\/\/andorsoft.com\/politica-de-cookies\/#breadcrumb\"},\"inLanguage\":\"es\",\"potentialAction\":[{\"@type\":\"ReadAction\",\"target\":[\"https:\/\/andorsoft.com\/politica-de-cookies\/\"]}]},{\"@type\":\"ImageObject\",\"inLanguage\":\"es\",\"@id\":\"https:\/\/andorsoft.com\/politica-de-cookies\/#primaryimage\",\"url\":\"https:\/\/andorsoft.com\/wp-content\/uploads\/2021\/08\/client1-1.png\",\"contentUrl\":\"https:\/\/andorsoft.com\/wp-content\/uploads\/2021\/08\/client1-1.png\"},{\"@type\":\"BreadcrumbList\",\"@id\":\"https:\/\/andorsoft.com\/politica-de-cookies\/#breadcrumb\",\"itemListElement\":[{\"@type\":\"ListItem\",\"position\":1,\"name\":\"Inici\",\"item\":\"https:\/\/andorsoft.com\/\"},{\"@type\":\"ListItem\",\"position\":2,\"name\":\"Pol\u00edtica de Cookies\"}]},{\"@type\":\"WebSite\",\"@id\":\"https:\/\/andorsoft.com\/#website\",\"url\":\"https:\/\/andorsoft.com\/\",\"name\":\"Andorsoft, S.A.\",\"description\":\"\",\"publisher\":{\"@id\":\"https:\/\/andorsoft.com\/#organization\"},\"potentialAction\":[{\"@type\":\"SearchAction\",\"target\":{\"@type\":\"EntryPoint\",\"urlTemplate\":\"https:\/\/andorsoft.com\/?s={search_term_string}\"},\"query-input\":{\"@type\":\"PropertyValueSpecification\",\"valueRequired\":true,\"valueName\":\"search_term_string\"}}],\"inLanguage\":\"es\"},{\"@type\":\"Organization\",\"@id\":\"https:\/\/andorsoft.com\/#organization\",\"name\":\"Andorsoft, S.A.\",\"url\":\"https:\/\/andorsoft.com\/\",\"logo\":{\"@type\":\"ImageObject\",\"inLanguage\":\"es\",\"@id\":\"https:\/\/andorsoft.com\/#\/schema\/logo\/image\/\",\"url\":\"https:\/\/andorsoft.com\/wp-content\/uploads\/2023\/04\/andorsoft-Transparente-V-2.png\",\"contentUrl\":\"https:\/\/andorsoft.com\/wp-content\/uploads\/2023\/04\/andorsoft-Transparente-V-2.png\",\"width\":1280,\"height\":878,\"caption\":\"Andorsoft, S.A.\"},\"image\":{\"@id\":\"https:\/\/andorsoft.com\/#\/schema\/logo\/image\/\"},\"sameAs\":[\"https:\/\/www.linkedin.com\/company\/andorsoft\/\",\"https:\/\/www.instagram.com\/andorsoft\/\"]}]}<\/script>\n<!-- \/ Yoast SEO plugin. -->","yoast_head_json":{"title":"Pol\u00edtica de Cookies - Andorsoft, SA","robots":{"index":"index","follow":"follow","max-snippet":"max-snippet:-1","max-image-preview":"max-image-preview:large","max-video-preview":"max-video-preview:-1"},"canonical":"https:\/\/andorsoft.com\/es\/politica-de-cookies\/","og_locale":"es_ES","og_type":"article","og_title":"Pol\u00edtica de Cookies - Andorsoft, S.A.","og_description":"\u00daltima actualitzaci\u00f3: 24 d&#8217;abril de 2023 Pol\u00edtica de Cookies d&#8217;Andorsoft, S.A. 1 &#8211; Introducci\u00f3 Aquesta pol\u00edtica de cookies descriu com Andorsoft, S.A. (en endavant, &#8220;Andorsoft&#8221;, &#8220;nosaltres&#8221; o &#8220;la nostra&#8221;) utilitza cookies i tecnologies similars al nostre lloc web. Les cookies ens ajuden a oferir una millor experi\u00e8ncia d&#8217;usuari, personalitzar continguts, i analitzar l&#8217;\u00fas del nostre [&hellip;]","og_url":"https:\/\/andorsoft.com\/es\/politica-de-cookies\/","og_site_name":"Andorsoft, S.A.","article_modified_time":"2023-04-24T11:11:19+00:00","og_image":[{"url":"https:\/\/andorsoft.com\/wp-content\/uploads\/2021\/08\/client1-1.png","type":"","width":"","height":""}],"twitter_card":"summary_large_image","twitter_misc":{"Tiempo de lectura":"3 minutos"},"schema":{"@context":"https:\/\/schema.org","@graph":[{"@type":"WebPage","@id":"https:\/\/andorsoft.com\/politica-de-cookies\/","url":"https:\/\/andorsoft.com\/politica-de-cookies\/","name":"Pol\u00edtica de Cookies - Andorsoft, SA","isPartOf":{"@id":"https:\/\/andorsoft.com\/#website"},"primaryImageOfPage":{"@id":"https:\/\/andorsoft.com\/politica-de-cookies\/#primaryimage"},"image":{"@id":"https:\/\/andorsoft.com\/politica-de-cookies\/#primaryimage"},"thumbnailUrl":"https:\/\/andorsoft.com\/wp-content\/uploads\/2021\/08\/client1-1.png","datePublished":"2023-04-24T10:29:35+00:00","dateModified":"2023-04-24T11:11:19+00:00","breadcrumb":{"@id":"https:\/\/andorsoft.com\/politica-de-cookies\/#breadcrumb"},"inLanguage":"es","potentialAction":[{"@type":"ReadAction","target":["https:\/\/andorsoft.com\/politica-de-cookies\/"]}]},{"@type":"ImageObject","inLanguage":"es","@id":"https:\/\/andorsoft.com\/politica-de-cookies\/#primaryimage","url":"https:\/\/andorsoft.com\/wp-content\/uploads\/2021\/08\/client1-1.png","contentUrl":"https:\/\/andorsoft.com\/wp-content\/uploads\/2021\/08\/client1-1.png"},{"@type":"BreadcrumbList","@id":"https:\/\/andorsoft.com\/politica-de-cookies\/#breadcrumb","itemListElement":[{"@type":"ListItem","position":1,"name":"Inici","item":"https:\/\/andorsoft.com\/"},{"@type":"ListItem","position":2,"name":"Pol\u00edtica de Cookies"}]},{"@type":"WebSite","@id":"https:\/\/andorsoft.com\/#website","url":"https:\/\/andorsoft.com\/","name":"Andorsoft, SA","description":"","publisher":{"@id":"https:\/\/andorsoft.com\/#organization"},"potentialAction":[{"@type":"SearchAction","target":{"@type":"EntryPoint","urlTemplate":"https:\/\/andorsoft.com\/?s={search_term_string}"},"query-input":{"@type":"PropertyValueSpecification","valueRequired":true,"valueName":"search_term_string"}}],"inLanguage":"es"},{"@type":"Organization","@id":"https:\/\/andorsoft.com\/#organization","name":"Andorsoft, SA","url":"https:\/\/andorsoft.com\/","logo":{"@type":"ImageObject","inLanguage":"es","@id":"https:\/\/andorsoft.com\/#\/schema\/logo\/image\/","url":"https:\/\/andorsoft.com\/wp-content\/uploads\/2023\/04\/andorsoft-Transparente-V-2.png","contentUrl":"https:\/\/andorsoft.com\/wp-content\/uploads\/2023\/04\/andorsoft-Transparente-V-2.png","width":1280,"height":878,"caption":"Andorsoft, S.A."},"image":{"@id":"https:\/\/andorsoft.com\/#\/schema\/logo\/image\/"},"sameAs":["https:\/\/www.linkedin.com\/company\/andorsoft\/","https:\/\/www.instagram.com\/andorsoft\/"]}]}},"_links":{"self":[{"href":"https:\/\/andorsoft.com\/es\/wp-json\/wp\/v2\/pages\/16595","targetHints":{"allow":["GET"]}}],"collection":[{"href":"https:\/\/andorsoft.com\/es\/wp-json\/wp\/v2\/pages"}],"about":[{"href":"https:\/\/andorsoft.com\/es\/wp-json\/wp\/v2\/types\/page"}],"author":[{"embeddable":true,"href":"https:\/\/andorsoft.com\/es\/wp-json\/wp\/v2\/users\/1"}],"replies":[{"embeddable":true,"href":"https:\/\/andorsoft.com\/es\/wp-json\/wp\/v2\/comments?post=16595"}],"version-history":[{"count":6,"href":"https:\/\/andorsoft.com\/es\/wp-json\/wp\/v2\/pages\/16595\/revisions"}],"predecessor-version":[{"id":16613,"href":"https:\/\/andorsoft.com\/es\/wp-json\/wp\/v2\/pages\/16595\/revisions\/16613"}],"wp:attachment":[{"href":"https:\/\/andorsoft.com\/es\/wp-json\/wp\/v2\/media?parent=16595"}],"curies":[{"name":"wp","href":"https:\/\/api.w.org\/{rel}","templated":true}]}}