{"id":16591,"date":"2023-04-24T12:16:36","date_gmt":"2023-04-24T10:16:36","guid":{"rendered":"https:\/\/andorsoft.com\/?page_id=16591"},"modified":"2023-04-24T13:10:52","modified_gmt":"2023-04-24T11:10:52","slug":"politica-de-privacidad","status":"publish","type":"page","link":"https:\/\/andorsoft.com\/es\/politica-de-privacitat\/","title":{"rendered":"Pol\u00edtica de Privacidad"},"content":{"rendered":"<div data-elementor-type=\"wp-page\" data-elementor-id=\"16591\" class=\"elementor elementor-16591\" data-elementor-post-type=\"page\">\n\t\t\t\t\t\t<section class=\"elementor-section elementor-top-section elementor-element elementor-element-3baf5792 elementor-section-boxed elementor-section-height-default elementor-section-height-default\" data-id=\"3baf5792\" data-element_type=\"section\" data-e-type=\"section\">\n\t\t\t\t\t\t<div class=\"elementor-container elementor-column-gap-default\">\n\t\t\t\t\t<div class=\"elementor-column elementor-col-100 elementor-top-column elementor-element elementor-element-55909407\" data-id=\"55909407\" data-element_type=\"column\" data-e-type=\"column\">\n\t\t\t<div class=\"elementor-widget-wrap elementor-element-populated\">\n\t\t\t\t\t\t<div class=\"elementor-element elementor-element-43dbd8e3 rainbow-title-1 elementor-widget elementor-widget-rainbow-title\" data-id=\"43dbd8e3\" data-element_type=\"widget\" data-e-type=\"widget\" data-widget_type=\"rainbow-title.default\">\n\t\t\t\t<div class=\"elementor-widget-container\">\n\t\t\t\t\t        <div class=\"section-title text-left\"\n             data-aos=\"fade-up\" data-aos-duration=\"500\" data-aos-delay=\"100\" data-aos-once=\"true\">\n                            <span class=\"subtitle sub-title\">\u00daltima actualizaci\u00f3n: 24 de abril de 2023<\/span>\n                                        <h2 class=\"title sec-title\">Pol\u00edtica de Privacidad de Andorrasoft, SA<\/h2>\n                        <\/div>\n        \t\t\t\t<\/div>\n\t\t\t\t<\/div>\n\t\t\t\t<div class=\"elementor-element elementor-element-3bc81b1c elementor-widget elementor-widget-text-editor\" data-id=\"3bc81b1c\" data-element_type=\"widget\" data-e-type=\"widget\" data-widget_type=\"text-editor.default\">\n\t\t\t\t<div class=\"elementor-widget-container\">\n\t\t\t\t\t\t\t\t\t<p>1<b> \u2013 Introducci\u00f3n<\/b><\/p>\n<p><span style=\"color: var(--color-body-white); font-size: inherit; font-family: var(--font-primary);\">Andorsoft, SA (en adelante, \u201cAndorsoft\u201d, \u201cnosotros\u201d o \u201cla nuestra\u201d) se compromete a proteger la privacidad de los usuarios de nuestro sitio web. Esta pol\u00edtica de privacidad describe c\u00f3mo recopilamos, utilizamos, compartimos y protegemos sus datos personales cuando visite o utilice nuestro sitio web.<\/span><\/p>\n<p>Esta pol\u00edtica de privacidad est\u00e1 de conformidad con la Ley de Protecci\u00f3n de Datos de Andorra, as\u00ed como con el Reglamento General de Protecci\u00f3n de Datos de la Uni\u00f3n Europea (GDPR).<\/p>\n<p>2<b> \u2013 Responsable del tratamiento de los datos<\/b><\/p>\n<p>El responsable del tratamiento de sus datos personales es:<\/p>\n<p>Andorsoft, SA Av. Fiter i Rossell, 4 (Ed. Centro de Negocio) AD700 Escaldes, Andorra Tel\u00e9fono: +376 800 750 Correo electr\u00f3nico: dpd@andorsoft.ad<\/p>\n<p>3<b> \u2013 Datos personales que recopilamos<\/b><\/p>\n<p>Recopilamos los siguientes datos personales:<\/p>\n<p>a) Datos de contacto, tales como nombre, direcci\u00f3n de correo electr\u00f3nico y n\u00famero de tel\u00e9fono.&nbsp;<\/p>\n<p>b) Datos de navegaci\u00f3n e interacci\u00f3n con nuestro sitio web, tales como direcci\u00f3n IP, tipo de navegador, p\u00e1ginas visitadas y tiempo de visita.<\/p>\n<p><span style=\"color: var(--color-body-white); font-size: inherit; font-family: var(--font-primary);\">4<\/span><b style=\"color: var(--color-body-white); font-size: inherit; font-family: var(--font-primary);\"> \u2013 Finalidades del tratamiento de los datos<\/b><\/p>\n<p>Utilizamos sus datos personales para las siguientes finalidades:<\/p>\n<p>a) Atender sus consultas y proporcionarle informaci\u00f3n sobre nuestros productos y servicios.&nbsp;<\/p>\n<p>b) Mejorar nuestra web y personalizar su experiencia como usuario.&nbsp;<\/p>\n<p>c) Realizar an\u00e1lisis estad\u00edsticos y estudios de mercado.<\/p>\n<p><span style=\"color: var(--color-body-white); font-size: inherit; font-family: var(--font-primary);\">5<\/span><b style=\"color: var(--color-body-white); font-size: inherit; font-family: var(--font-primary);\"> \u2013 Compartir los datos personales<\/b><\/p>\n<p>No compartiremos sus datos personales con terceros, salvo que sea necesario para cumplir con nuestras obligaciones legales o con su consentimiento expreso.<\/p>\n<p><span style=\"color: var(--color-body-white); font-size: inherit; font-family: var(--font-primary);\"><b>6 \u2013 Conservaci\u00f3n de los datos<\/b><\/span><\/p>\n<p>Conservaremos sus datos personales durante el tiempo necesario para cumplir con los fines descritos en esta pol\u00edtica de privacidad, salvo que la ley nos obligue a conservarlos durante un per\u00edodo m\u00e1s largo.<\/p>\n<p><span style=\"color: var(--color-body-white); font-family: var(--font-primary); font-size: inherit;\">7<\/span><b style=\"color: var(--color-body-white); font-family: var(--font-primary); font-size: inherit;\"> \u2013 Derechos de los usuarios<\/b><\/p>\n<p>Tiene derecho a acceder, rectificar, suprimir, limitar el tratamiento, oponerse al tratamiento y solicitar la portabilidad de sus datos personales. Para ejercer estos derechos, p\u00f3ngase en contacto con nosotros en dpd@andorsoft.ad.<\/p>\n<p><span style=\"color: var(--color-body-white); font-size: inherit; font-family: var(--font-primary);\">8<b> \u2013 Cambios en la pol\u00edtica de privacidad<\/b><\/span><\/p>\n<p>Nos reservamos el derecho a actualizar esta pol\u00edtica de privacidad en cualquier momento. Cualquier cambio en esta pol\u00edtica ser\u00e1 publicado en esa p\u00e1gina.<\/p>\n<p>9<b> \u2013 Contacto<\/b><\/p>\n<p>Si tiene alguna pregunta o duda sobre esta pol\u00edtica de privacidad, por favor, p\u00f3ngase en contacto con nosotros mediante las siguientes v\u00edas:<\/p>\n<p>Andorsoft, SA Av. Fiter i Rossell, 4 (Ed. Centro de Negocio) AD700 Escaldes, Andorra Tel\u00e9fono: +376 800 750 Correo electr\u00f3nico: dpd@andorsoft.ad<\/p>\n<p>Estamos comprometidos a resolver cualquier preocupaci\u00f3n o queja relacionada con la privacidad de sus datos personales. Si no est\u00e1 satisfecho con nuestra respuesta, puede presentar una reclamaci\u00f3n ante la autoridad de protecci\u00f3n de datos de Andorra o de la Uni\u00f3n Europea.<\/p>\n<p>Gracias por utilizar nuestro sitio web y por confiar en Andorsoft, SA para sus necesidades. Nos comprometemos a proteger su privacidad ya proporcionarle una experiencia segura y agradable online.<\/p>\n<p><\/p>\t\t\t\t\t\t\t\t<\/div>\n\t\t\t\t<\/div>\n\t\t\t\t\t<\/div>\n\t\t<\/div>\n\t\t\t\t\t<\/div>\n\t\t<\/section>\n\t\t\t\t<section class=\"elementor-section elementor-top-section elementor-element elementor-element-6c2d418 elementor-hidden-desktop elementor-hidden-tablet elementor-hidden-mobile elementor-section-boxed elementor-section-height-default elementor-section-height-default\" data-id=\"6c2d418\" data-element_type=\"section\" data-e-type=\"section\">\n\t\t\t\t\t\t<div class=\"elementor-container elementor-column-gap-default\">\n\t\t\t\t\t<div class=\"elementor-column elementor-col-100 elementor-top-column elementor-element elementor-element-24c15e43\" data-id=\"24c15e43\" data-element_type=\"column\" data-e-type=\"column\">\n\t\t\t<div class=\"elementor-widget-wrap elementor-element-populated\">\n\t\t\t\t\t\t<div class=\"elementor-element elementor-element-1f9e19f4 elementor-widget elementor-widget-heading\" data-id=\"1f9e19f4\" data-element_type=\"widget\" data-e-type=\"widget\" data-widget_type=\"heading.default\">\n\t\t\t\t<div class=\"elementor-widget-container\">\n\t\t\t\t\t<h2 class=\"elementor-heading-title elementor-size-default\">Our Trusted Clientes<\/h2>\t\t\t\t<\/div>\n\t\t\t\t<\/div>\n\t\t\t\t<div class=\"elementor-element elementor-element-297983e4 elementor-widget elementor-widget-rainbow-brand\" data-id=\"297983e4\" data-element_type=\"widget\" data-e-type=\"widget\" data-widget_type=\"rainbow-brand.default\">\n\t\t\t\t<div class=\"elementor-widget-container\">\n\t\t\t\t\t<div class=\"brand-wrapper-three mb_dec--30\">\n    \n        <div data-aos=\"fade-up\" data-aos-duration=\"1000\" data-aos-delay=\"100\" data-aos-once=\"true\"\n             class=\"rn-brand\">\n            <div class=\"inner text-center\">\n            <div class=\"thumbnail\">\n                 <a href=\"#\" >                                     <img decoding=\"async\" width=\"146\" height=\"92\" src=\"https:\/\/andorsoft.com\/wp-content\/uploads\/2021\/08\/client1-1.png\" class=\"attachment-full size-full\" alt=\"cliente1\" \/>                                     <\/a>                 <\/div> \n                <div class=\"seperator\"><\/div>\n                <div class=\"client-name\"><span><a\n                                href=\"#\">Google<\/a><\/span>\n                <\/div>\n            <\/div>\n        <\/div>\n    \n        <div data-aos=\"fade-up\" data-aos-duration=\"1000\" data-aos-delay=\"100\" data-aos-once=\"true\"\n             class=\"rn-brand\">\n            <div class=\"inner text-center\">\n            <div class=\"thumbnail\">\n                 <a href=\"#\" >                                     <img decoding=\"async\" width=\"90\" height=\"90\" src=\"https:\/\/andorsoft.com\/wp-content\/uploads\/2021\/08\/client2.png\" class=\"attachment-full size-full\" alt=\"cliente2\" \/>                                     <\/a>                 <\/div> \n                <div class=\"seperator\"><\/div>\n                <div class=\"client-name\"><span><a\n                                href=\"#\">Apple<\/a><\/span>\n                <\/div>\n            <\/div>\n        <\/div>\n    \n        <div data-aos=\"fade-up\" data-aos-duration=\"1000\" data-aos-delay=\"100\" data-aos-once=\"true\"\n             class=\"rn-brand\">\n            <div class=\"inner text-center\">\n            <div class=\"thumbnail\">\n                 <a href=\"#\" >                                     <img decoding=\"async\" width=\"126\" height=\"60\" src=\"https:\/\/andorsoft.com\/wp-content\/uploads\/2021\/08\/client3.png\" class=\"attachment-full size-full\" alt=\"cliente3\" \/>                                     <\/a>                 <\/div> \n                <div class=\"seperator\"><\/div>\n                <div class=\"client-name\"><span><a\n                                href=\"#\">Nike<\/a><\/span>\n                <\/div>\n            <\/div>\n        <\/div>\n    \n        <div data-aos=\"fade-up\" data-aos-duration=\"1000\" data-aos-delay=\"100\" data-aos-once=\"true\"\n             class=\"rn-brand\">\n            <div class=\"inner text-center\">\n            <div class=\"thumbnail\">\n                 <a href=\"#\" >                                     <img loading=\"lazy\" decoding=\"async\" width=\"114\" height=\"78\" src=\"https:\/\/andorsoft.com\/wp-content\/uploads\/2021\/08\/client4.png\" class=\"attachment-full size-full\" alt=\"cliente4\" \/>                                     <\/a>                 <\/div> \n                <div class=\"seperator\"><\/div>\n                <div class=\"client-name\"><span><a\n                                href=\"#\">Amazon<\/a><\/span>\n                <\/div>\n            <\/div>\n        <\/div>\n    <\/div>\n\t\t\t\t<\/div>\n\t\t\t\t<\/div>\n\t\t\t\t\t<\/div>\n\t\t<\/div>\n\t\t\t\t\t<\/div>\n\t\t<\/section>\n\t\t\t\t<\/div>","protected":false},"excerpt":{"rendered":"<p>\u00daltima actualitzaci\u00f3: 24 d&#8217;abril de 2023 Pol\u00edtica de Privadesa d&#8217;Andorsoft, S.A. 1 &#8211; Introducci\u00f3 Andorsoft, S.A. (en endavant, &#8220;Andorsoft&#8221;, &#8220;nosaltres&#8221; o &#8220;la nostra&#8221;) es compromet a protegir la privadesa dels usuaris del nostre lloc web. Aquesta pol\u00edtica de privadesa descriu com recopilem, utilitzem, compartim i protegim les vostres dades personals quan visiteu o utilitzeu el [&hellip;]<\/p>\n","protected":false},"author":1,"featured_media":0,"parent":0,"menu_order":0,"comment_status":"closed","ping_status":"closed","template":"elementor_header_footer","meta":{"footnotes":""},"class_list":["post-16591","page","type-page","status-publish","hentry"],"acf":[],"yoast_head":"<!-- This site is optimized with the Yoast SEO plugin v27.2 - https:\/\/yoast.com\/product\/yoast-seo-wordpress\/ -->\n<title>Pol\u00edtica de Privacitat - Andorsoft, S.A.<\/title>\n<meta name=\"robots\" content=\"index, follow, max-snippet:-1, max-image-preview:large, max-video-preview:-1\" \/>\n<link rel=\"canonical\" href=\"https:\/\/andorsoft.com\/es\/politica-de-privacidad\/\" \/>\n<meta property=\"og:locale\" content=\"es_ES\" \/>\n<meta property=\"og:type\" content=\"article\" \/>\n<meta property=\"og:title\" content=\"Pol\u00edtica de Privacitat - Andorsoft, S.A.\" \/>\n<meta property=\"og:description\" content=\"\u00daltima actualitzaci\u00f3: 24 d&#8217;abril de 2023 Pol\u00edtica de Privadesa d&#8217;Andorsoft, S.A. 1 &#8211; Introducci\u00f3 Andorsoft, S.A. (en endavant, &#8220;Andorsoft&#8221;, &#8220;nosaltres&#8221; o &#8220;la nostra&#8221;) es compromet a protegir la privadesa dels usuaris del nostre lloc web. Aquesta pol\u00edtica de privadesa descriu com recopilem, utilitzem, compartim i protegim les vostres dades personals quan visiteu o utilitzeu el [&hellip;]\" \/>\n<meta property=\"og:url\" content=\"https:\/\/andorsoft.com\/es\/politica-de-privacidad\/\" \/>\n<meta property=\"og:site_name\" content=\"Andorsoft, S.A.\" \/>\n<meta property=\"article:modified_time\" content=\"2023-04-24T11:10:52+00:00\" \/>\n<meta property=\"og:image\" content=\"https:\/\/andorsoft.com\/wp-content\/uploads\/2021\/08\/client1-1.png\" \/>\n<meta name=\"twitter:card\" content=\"summary_large_image\" \/>\n<meta name=\"twitter:label1\" content=\"Tiempo de lectura\" \/>\n\t<meta name=\"twitter:data1\" content=\"3 minutos\" \/>\n<script type=\"application\/ld+json\" class=\"yoast-schema-graph\">{\"@context\":\"https:\/\/schema.org\",\"@graph\":[{\"@type\":\"WebPage\",\"@id\":\"https:\/\/andorsoft.com\/politica-de-privacitat\/\",\"url\":\"https:\/\/andorsoft.com\/politica-de-privacitat\/\",\"name\":\"Pol\u00edtica de Privacitat - Andorsoft, S.A.\",\"isPartOf\":{\"@id\":\"https:\/\/andorsoft.com\/#website\"},\"primaryImageOfPage\":{\"@id\":\"https:\/\/andorsoft.com\/politica-de-privacitat\/#primaryimage\"},\"image\":{\"@id\":\"https:\/\/andorsoft.com\/politica-de-privacitat\/#primaryimage\"},\"thumbnailUrl\":\"https:\/\/andorsoft.com\/wp-content\/uploads\/2021\/08\/client1-1.png\",\"datePublished\":\"2023-04-24T10:16:36+00:00\",\"dateModified\":\"2023-04-24T11:10:52+00:00\",\"breadcrumb\":{\"@id\":\"https:\/\/andorsoft.com\/politica-de-privacitat\/#breadcrumb\"},\"inLanguage\":\"es\",\"potentialAction\":[{\"@type\":\"ReadAction\",\"target\":[\"https:\/\/andorsoft.com\/politica-de-privacitat\/\"]}]},{\"@type\":\"ImageObject\",\"inLanguage\":\"es\",\"@id\":\"https:\/\/andorsoft.com\/politica-de-privacitat\/#primaryimage\",\"url\":\"https:\/\/andorsoft.com\/wp-content\/uploads\/2021\/08\/client1-1.png\",\"contentUrl\":\"https:\/\/andorsoft.com\/wp-content\/uploads\/2021\/08\/client1-1.png\"},{\"@type\":\"BreadcrumbList\",\"@id\":\"https:\/\/andorsoft.com\/politica-de-privacitat\/#breadcrumb\",\"itemListElement\":[{\"@type\":\"ListItem\",\"position\":1,\"name\":\"Inici\",\"item\":\"https:\/\/andorsoft.com\/\"},{\"@type\":\"ListItem\",\"position\":2,\"name\":\"Pol\u00edtica de Privacitat\"}]},{\"@type\":\"WebSite\",\"@id\":\"https:\/\/andorsoft.com\/#website\",\"url\":\"https:\/\/andorsoft.com\/\",\"name\":\"Andorsoft, S.A.\",\"description\":\"\",\"publisher\":{\"@id\":\"https:\/\/andorsoft.com\/#organization\"},\"potentialAction\":[{\"@type\":\"SearchAction\",\"target\":{\"@type\":\"EntryPoint\",\"urlTemplate\":\"https:\/\/andorsoft.com\/?s={search_term_string}\"},\"query-input\":{\"@type\":\"PropertyValueSpecification\",\"valueRequired\":true,\"valueName\":\"search_term_string\"}}],\"inLanguage\":\"es\"},{\"@type\":\"Organization\",\"@id\":\"https:\/\/andorsoft.com\/#organization\",\"name\":\"Andorsoft, S.A.\",\"url\":\"https:\/\/andorsoft.com\/\",\"logo\":{\"@type\":\"ImageObject\",\"inLanguage\":\"es\",\"@id\":\"https:\/\/andorsoft.com\/#\/schema\/logo\/image\/\",\"url\":\"https:\/\/andorsoft.com\/wp-content\/uploads\/2023\/04\/andorsoft-Transparente-V-2.png\",\"contentUrl\":\"https:\/\/andorsoft.com\/wp-content\/uploads\/2023\/04\/andorsoft-Transparente-V-2.png\",\"width\":1280,\"height\":878,\"caption\":\"Andorsoft, S.A.\"},\"image\":{\"@id\":\"https:\/\/andorsoft.com\/#\/schema\/logo\/image\/\"},\"sameAs\":[\"https:\/\/www.linkedin.com\/company\/andorsoft\/\",\"https:\/\/www.instagram.com\/andorsoft\/\"]}]}<\/script>\n<!-- \/ Yoast SEO plugin. -->","yoast_head_json":{"title":"Pol\u00edtica de Privacidad - Andorsoft, SA","robots":{"index":"index","follow":"follow","max-snippet":"max-snippet:-1","max-image-preview":"max-image-preview:large","max-video-preview":"max-video-preview:-1"},"canonical":"https:\/\/andorsoft.com\/es\/politica-de-privacidad\/","og_locale":"es_ES","og_type":"article","og_title":"Pol\u00edtica de Privacitat - Andorsoft, S.A.","og_description":"\u00daltima actualitzaci\u00f3: 24 d&#8217;abril de 2023 Pol\u00edtica de Privadesa d&#8217;Andorsoft, S.A. 1 &#8211; Introducci\u00f3 Andorsoft, S.A. (en endavant, &#8220;Andorsoft&#8221;, &#8220;nosaltres&#8221; o &#8220;la nostra&#8221;) es compromet a protegir la privadesa dels usuaris del nostre lloc web. Aquesta pol\u00edtica de privadesa descriu com recopilem, utilitzem, compartim i protegim les vostres dades personals quan visiteu o utilitzeu el [&hellip;]","og_url":"https:\/\/andorsoft.com\/es\/politica-de-privacidad\/","og_site_name":"Andorsoft, S.A.","article_modified_time":"2023-04-24T11:10:52+00:00","og_image":[{"url":"https:\/\/andorsoft.com\/wp-content\/uploads\/2021\/08\/client1-1.png","type":"","width":"","height":""}],"twitter_card":"summary_large_image","twitter_misc":{"Tiempo de lectura":"3 minutos"},"schema":{"@context":"https:\/\/schema.org","@graph":[{"@type":"WebPage","@id":"https:\/\/andorsoft.com\/politica-de-privacitat\/","url":"https:\/\/andorsoft.com\/politica-de-privacitat\/","name":"Pol\u00edtica de Privacidad - Andorsoft, SA","isPartOf":{"@id":"https:\/\/andorsoft.com\/#website"},"primaryImageOfPage":{"@id":"https:\/\/andorsoft.com\/politica-de-privacitat\/#primaryimage"},"image":{"@id":"https:\/\/andorsoft.com\/politica-de-privacitat\/#primaryimage"},"thumbnailUrl":"https:\/\/andorsoft.com\/wp-content\/uploads\/2021\/08\/client1-1.png","datePublished":"2023-04-24T10:16:36+00:00","dateModified":"2023-04-24T11:10:52+00:00","breadcrumb":{"@id":"https:\/\/andorsoft.com\/politica-de-privacitat\/#breadcrumb"},"inLanguage":"es","potentialAction":[{"@type":"ReadAction","target":["https:\/\/andorsoft.com\/politica-de-privacitat\/"]}]},{"@type":"ImageObject","inLanguage":"es","@id":"https:\/\/andorsoft.com\/politica-de-privacitat\/#primaryimage","url":"https:\/\/andorsoft.com\/wp-content\/uploads\/2021\/08\/client1-1.png","contentUrl":"https:\/\/andorsoft.com\/wp-content\/uploads\/2021\/08\/client1-1.png"},{"@type":"BreadcrumbList","@id":"https:\/\/andorsoft.com\/politica-de-privacitat\/#breadcrumb","itemListElement":[{"@type":"ListItem","position":1,"name":"Inici","item":"https:\/\/andorsoft.com\/"},{"@type":"ListItem","position":2,"name":"Pol\u00edtica de Privacitat"}]},{"@type":"WebSite","@id":"https:\/\/andorsoft.com\/#website","url":"https:\/\/andorsoft.com\/","name":"Andorsoft, SA","description":"","publisher":{"@id":"https:\/\/andorsoft.com\/#organization"},"potentialAction":[{"@type":"SearchAction","target":{"@type":"EntryPoint","urlTemplate":"https:\/\/andorsoft.com\/?s={search_term_string}"},"query-input":{"@type":"PropertyValueSpecification","valueRequired":true,"valueName":"search_term_string"}}],"inLanguage":"es"},{"@type":"Organization","@id":"https:\/\/andorsoft.com\/#organization","name":"Andorsoft, SA","url":"https:\/\/andorsoft.com\/","logo":{"@type":"ImageObject","inLanguage":"es","@id":"https:\/\/andorsoft.com\/#\/schema\/logo\/image\/","url":"https:\/\/andorsoft.com\/wp-content\/uploads\/2023\/04\/andorsoft-Transparente-V-2.png","contentUrl":"https:\/\/andorsoft.com\/wp-content\/uploads\/2023\/04\/andorsoft-Transparente-V-2.png","width":1280,"height":878,"caption":"Andorsoft, S.A."},"image":{"@id":"https:\/\/andorsoft.com\/#\/schema\/logo\/image\/"},"sameAs":["https:\/\/www.linkedin.com\/company\/andorsoft\/","https:\/\/www.instagram.com\/andorsoft\/"]}]}},"_links":{"self":[{"href":"https:\/\/andorsoft.com\/es\/wp-json\/wp\/v2\/pages\/16591","targetHints":{"allow":["GET"]}}],"collection":[{"href":"https:\/\/andorsoft.com\/es\/wp-json\/wp\/v2\/pages"}],"about":[{"href":"https:\/\/andorsoft.com\/es\/wp-json\/wp\/v2\/types\/page"}],"author":[{"embeddable":true,"href":"https:\/\/andorsoft.com\/es\/wp-json\/wp\/v2\/users\/1"}],"replies":[{"embeddable":true,"href":"https:\/\/andorsoft.com\/es\/wp-json\/wp\/v2\/comments?post=16591"}],"version-history":[{"count":6,"href":"https:\/\/andorsoft.com\/es\/wp-json\/wp\/v2\/pages\/16591\/revisions"}],"predecessor-version":[{"id":16610,"href":"https:\/\/andorsoft.com\/es\/wp-json\/wp\/v2\/pages\/16591\/revisions\/16610"}],"wp:attachment":[{"href":"https:\/\/andorsoft.com\/es\/wp-json\/wp\/v2\/media?parent=16591"}],"curies":[{"name":"wp","href":"https:\/\/api.w.org\/{rel}","templated":true}]}}