{"id":17699,"date":"2025-10-10T11:34:37","date_gmt":"2025-10-10T10:34:37","guid":{"rendered":"https:\/\/andorsoft.com\/?page_id=17699"},"modified":"2025-10-10T11:54:28","modified_gmt":"2025-10-10T10:54:28","slug":"ibm-maas360","status":"publish","type":"page","link":"https:\/\/andorsoft.com\/en\/ibm-maas360\/","title":{"rendered":"IBM MaaS360"},"content":{"rendered":"\t\t<div data-elementor-type=\"wp-page\" data-elementor-id=\"17699\" class=\"elementor elementor-17699\" data-elementor-post-type=\"page\">\n\t\t\t\t<div class=\"elementor-element elementor-element-114cd15 e-flex e-con-boxed e-con e-parent\" data-id=\"114cd15\" data-element_type=\"container\" data-e-type=\"container\">\n\t\t\t\t\t<div class=\"e-con-inner\">\n\t\t\t\t<div class=\"elementor-element elementor-element-0585e39 dce_masking-none elementor-widget elementor-widget-image\" data-id=\"0585e39\" data-element_type=\"widget\" data-e-type=\"widget\" data-widget_type=\"image.default\">\n\t\t\t\t<div class=\"elementor-widget-container\">\n\t\t\t\t\t\t\t\t\t\t\t\t\t\t\t<img fetchpriority=\"high\" decoding=\"async\" width=\"640\" height=\"256\" src=\"https:\/\/andorsoft.com\/wp-content\/uploads\/2025\/10\/La-solucio-mes-avancada-per-protegir-i-gestionar-els-dispositius-dels-teus-empleats-1024x410.png\" class=\"attachment-large size-large wp-image-17701\" alt=\"\" srcset=\"https:\/\/andorsoft.com\/wp-content\/uploads\/2025\/10\/La-solucio-mes-avancada-per-protegir-i-gestionar-els-dispositius-dels-teus-empleats-1024x410.png 1024w, https:\/\/andorsoft.com\/wp-content\/uploads\/2025\/10\/La-solucio-mes-avancada-per-protegir-i-gestionar-els-dispositius-dels-teus-empleats-300x120.png 300w, https:\/\/andorsoft.com\/wp-content\/uploads\/2025\/10\/La-solucio-mes-avancada-per-protegir-i-gestionar-els-dispositius-dels-teus-empleats-768x307.png 768w, https:\/\/andorsoft.com\/wp-content\/uploads\/2025\/10\/La-solucio-mes-avancada-per-protegir-i-gestionar-els-dispositius-dels-teus-empleats-18x7.png 18w, https:\/\/andorsoft.com\/wp-content\/uploads\/2025\/10\/La-solucio-mes-avancada-per-protegir-i-gestionar-els-dispositius-dels-teus-empleats.png 1200w\" sizes=\"(max-width: 640px) 100vw, 640px\" \/>\t\t\t\t\t\t\t\t\t\t\t\t\t\t\t<\/div>\n\t\t\t\t<\/div>\n\t\t\t\t\t<\/div>\n\t\t\t\t<\/div>\n\t\t<div class=\"elementor-element elementor-element-f3805c0 e-flex e-con-boxed e-con e-parent\" data-id=\"f3805c0\" data-element_type=\"container\" data-e-type=\"container\">\n\t\t\t\t\t<div class=\"e-con-inner\">\n\t\t\t\t<div class=\"elementor-element elementor-element-667b3b5 elementor-widget elementor-widget-heading\" data-id=\"667b3b5\" data-element_type=\"widget\" data-e-type=\"widget\" data-widget_type=\"heading.default\">\n\t\t\t\t<div class=\"elementor-widget-container\">\n\t\t\t\t\t<h1 class=\"elementor-heading-title elementor-size-default\">IBM MaaS360 per protegir i gestionar els dispositius de la teva empresa<\/h1>\t\t\t\t<\/div>\n\t\t\t\t<\/div>\n\t\t\t\t<div class=\"elementor-element elementor-element-26b4c71 elementor-widget elementor-widget-text-editor\" data-id=\"26b4c71\" data-element_type=\"widget\" data-e-type=\"widget\" data-widget_type=\"text-editor.default\">\n\t\t\t\t<div class=\"elementor-widget-container\">\n\t\t\t\t\t\t\t\t\t<p>La forma m\u00e9s simple i potent d\u2019unificar gesti\u00f3, seguretat i compliment en Windows, macOS, iOS i Android.<\/p>\t\t\t\t\t\t\t\t<\/div>\n\t\t\t\t<\/div>\n\t\t\t\t<div data-dce-background-color=\"#E28A1A\" class=\"elementor-element elementor-element-9e20be5 elementor-widget elementor-widget-button\" data-id=\"9e20be5\" data-element_type=\"widget\" data-e-type=\"widget\" data-widget_type=\"button.default\">\n\t\t\t\t<div class=\"elementor-widget-container\">\n\t\t\t\t\t\t\t\t\t<div class=\"elementor-button-wrapper\">\n\t\t\t\t\t<a class=\"elementor-button elementor-button-link elementor-size-sm\" href=\"#formulari\">\n\t\t\t\t\t\t<span class=\"elementor-button-content-wrapper\">\n\t\t\t\t\t\t\t\t\t<span class=\"elementor-button-text\">Veure el v\u00eddeo del webinar<\/span>\n\t\t\t\t\t<\/span>\n\t\t\t\t\t<\/a>\n\t\t\t\t<\/div>\n\t\t\t\t\t\t\t\t<\/div>\n\t\t\t\t<\/div>\n\t\t\t\t<div class=\"elementor-element elementor-element-f04001f elementor-widget elementor-widget-spacer\" data-id=\"f04001f\" data-element_type=\"widget\" data-e-type=\"widget\" data-widget_type=\"spacer.default\">\n\t\t\t\t<div class=\"elementor-widget-container\">\n\t\t\t\t\t\t\t<div class=\"elementor-spacer\">\n\t\t\t<div class=\"elementor-spacer-inner\"><\/div>\n\t\t<\/div>\n\t\t\t\t\t\t<\/div>\n\t\t\t\t<\/div>\n\t\t\t\t<div class=\"elementor-element elementor-element-2ecb0be elementor-widget elementor-widget-heading\" data-id=\"2ecb0be\" data-element_type=\"widget\" data-e-type=\"widget\" data-widget_type=\"heading.default\">\n\t\t\t\t<div class=\"elementor-widget-container\">\n\t\t\t\t\t<h2 class=\"elementor-heading-title elementor-size-default\">Per qu\u00e8 IBM MaaS360 ara mateix?<\/h2>\t\t\t\t<\/div>\n\t\t\t\t<\/div>\n\t\t\t\t<div class=\"elementor-element elementor-element-0c1cb91 elementor-widget elementor-widget-text-editor\" data-id=\"0c1cb91\" data-element_type=\"widget\" data-e-type=\"widget\" data-widget_type=\"text-editor.default\">\n\t\t\t\t<div class=\"elementor-widget-container\">\n\t\t\t\t\t\t\t\t\t<p>Cada dia gestionem m\u00e9s port\u00e0tils i m\u00f2bils, m\u00e9s apps i m\u00e9s dades cr\u00edtiques. <strong data-start=\"1509\" data-end=\"1524\">IBM MaaS360<\/strong> centralitza la gesti\u00f3 dels dispositius i refor\u00e7a la seguretat amb <strong data-start=\"1591\" data-end=\"1598\">UEM<\/strong> i <strong data-start=\"1601\" data-end=\"1621\">anal\u00edtica amb IA<\/strong>, reduint riscos i temps operatiu. En aquest webinar veur\u00e0s <strong data-start=\"1681\" data-end=\"1712\">com estalviar fins a un 90%<\/strong> del temps en altes d\u2019usuaris i <strong data-start=\"1744\" data-end=\"1791\">com millorar el compliment i la visibilitat<\/strong> de tot el teu parc de dispositius.<\/p><p data-start=\"1828\" data-end=\"1865\"><strong data-start=\"1828\" data-end=\"1863\">Beneficis clau:<\/strong><\/p><ul data-start=\"1866\" data-end=\"2173\"><li data-start=\"1866\" data-end=\"1936\"><p data-start=\"1868\" data-end=\"1936\">Unifica la gesti\u00f3 de dispositius, apps i usuaris en un sol entorn.<\/p><\/li><li data-start=\"1937\" data-end=\"1994\"><p data-start=\"1939\" data-end=\"1994\">Pol\u00edtiques coherents i desplegaments r\u00e0pids a escala.<\/p><\/li><li data-start=\"1995\" data-end=\"2064\"><p data-start=\"1997\" data-end=\"2064\"><strong data-start=\"1997\" data-end=\"2017\">Anal\u00edtica amb IA<\/strong> per detectar riscos i millorar l\u2019efici\u00e8ncia.<\/p><\/li><li data-start=\"2065\" data-end=\"2134\"><p data-start=\"2067\" data-end=\"2134\"><strong data-start=\"2067\" data-end=\"2088\">Onboarding expr\u00e9s<\/strong> de nous usuaris amb perfils i apps segures.<\/p><\/li><li data-start=\"2135\" data-end=\"2173\"><p data-start=\"2137\" data-end=\"2173\">Compliment i auditoria simplificats.<\/p><\/li><\/ul>\t\t\t\t\t\t\t\t<\/div>\n\t\t\t\t<\/div>\n\t\t\t\t<div class=\"elementor-element elementor-element-a3ffa6b elementor-widget elementor-widget-heading\" data-id=\"a3ffa6b\" data-element_type=\"widget\" data-e-type=\"widget\" id=\"formulari\" data-widget_type=\"heading.default\">\n\t\t\t\t<div class=\"elementor-widget-container\">\n\t\t\t\t\t<h2 class=\"elementor-heading-title elementor-size-default\">Com funciona l\u2019acc\u00e9s al v\u00eddeo<\/h2>\t\t\t\t<\/div>\n\t\t\t\t<\/div>\n\t\t\t\t<div class=\"elementor-element elementor-element-f9af464 elementor-widget elementor-widget-text-editor\" data-id=\"f9af464\" data-element_type=\"widget\" data-e-type=\"widget\" data-widget_type=\"text-editor.default\">\n\t\t\t\t<div class=\"elementor-widget-container\">\n\t\t\t\t\t\t\t\t\t<p>Omple el formulari amb <strong data-start=\"2729\" data-end=\"2772\">Nom, Empresa, C\u00e0rrec i Email corporatiu<\/strong>. Un cop l\u2019envi\u00efs, <strong data-start=\"2791\" data-end=\"2841\">rebr\u00e0s per email l\u2019enlla\u00e7 per veure el replay del webinar<\/strong>.\u00a0<\/p>\t\t\t\t\t\t\t\t<\/div>\n\t\t\t\t<\/div>\n\t\t\t\t<div class=\"elementor-element elementor-element-94a2ade elementor-button-align-stretch elementor-widget elementor-widget-form\" data-id=\"94a2ade\" data-element_type=\"widget\" data-e-type=\"widget\" data-settings=\"{&quot;step_next_label&quot;:&quot;Next&quot;,&quot;step_previous_label&quot;:&quot;Previous&quot;,&quot;button_width&quot;:&quot;100&quot;,&quot;dce_confirm_dialog_enabled&quot;:&quot;no&quot;,&quot;step_type&quot;:&quot;number_text&quot;,&quot;step_icon_shape&quot;:&quot;circle&quot;,&quot;label_icon_size&quot;:{&quot;unit&quot;:&quot;px&quot;,&quot;size&quot;:&quot;&quot;,&quot;sizes&quot;:[]},&quot;field_icon_size&quot;:{&quot;unit&quot;:&quot;px&quot;,&quot;size&quot;:&quot;&quot;,&quot;sizes&quot;:[]}}\" data-widget_type=\"form.default\">\n\t\t\t\t<div class=\"elementor-widget-container\">\n\t\t\t\t\t\t\t<form class=\"elementor-form\" method=\"post\" name=\"Nou formulari\" aria-label=\"Nou formulari\">\n\t\t\t<input type=\"hidden\" name=\"post_id\" value=\"17699\"\/>\n\t\t\t<input type=\"hidden\" name=\"form_id\" value=\"94a2ade\"\/>\n\t\t\t<input type=\"hidden\" name=\"referer_title\" value=\"Andorsoft, S.A.\" \/>\n\n\t\t\t\n\t\t\t<div class=\"elementor-form-fields-wrapper elementor-labels-\">\n\t\t\t\t\t\t\t\t<div class=\"elementor-field-type-text elementor-field-group elementor-column elementor-field-group-name elementor-col-33 elementor-field-required\">\n\t\t\t\t\t\t\t\t\t\t\t\t<label for=\"form-field-name\" class=\"elementor-field-label elementor-screen-only\">\n\t\t\t\t\t\t\t\tNom\t\t\t\t\t\t\t<\/label>\n\t\t\t\t\t\t\t\t\t\t\t\t\t\t<input size=\"1\" type=\"text\" name=\"form_fields[name]\" id=\"form-field-name\" class=\"elementor-field elementor-size-sm  elementor-field-textual\" placeholder=\"Nom\" required=\"required\">\n\t\t\t\t\t\t\t\t\t\t\t<\/div>\n\t\t\t\t\t\t\t\t<div class=\"elementor-field-type-text elementor-field-group elementor-column elementor-field-group-field_a23c289 elementor-col-33 elementor-field-required\">\n\t\t\t\t\t\t\t\t\t\t\t\t<label for=\"form-field-field_a23c289\" class=\"elementor-field-label elementor-screen-only\">\n\t\t\t\t\t\t\t\tEmpresa\t\t\t\t\t\t\t<\/label>\n\t\t\t\t\t\t\t\t\t\t\t\t\t\t<input size=\"1\" type=\"text\" name=\"form_fields[field_a23c289]\" id=\"form-field-field_a23c289\" class=\"elementor-field elementor-size-sm  elementor-field-textual\" placeholder=\"Empresa\" required=\"required\">\n\t\t\t\t\t\t\t\t\t\t\t<\/div>\n\t\t\t\t\t\t\t\t<div class=\"elementor-field-type-text elementor-field-group elementor-column elementor-field-group-field_d99cfdc elementor-col-33 elementor-field-required\">\n\t\t\t\t\t\t\t\t\t\t\t\t<label for=\"form-field-field_d99cfdc\" class=\"elementor-field-label elementor-screen-only\">\n\t\t\t\t\t\t\t\tC\u00e0rrec\t\t\t\t\t\t\t<\/label>\n\t\t\t\t\t\t\t\t\t\t\t\t\t\t<input size=\"1\" type=\"text\" name=\"form_fields[field_d99cfdc]\" id=\"form-field-field_d99cfdc\" class=\"elementor-field elementor-size-sm  elementor-field-textual\" placeholder=\"C\u00e0rrec\" required=\"required\">\n\t\t\t\t\t\t\t\t\t\t\t<\/div>\n\t\t\t\t\t\t\t\t<div class=\"elementor-field-type-email elementor-field-group elementor-column elementor-field-group-email elementor-col-100 elementor-field-required\">\n\t\t\t\t\t\t\t\t\t\t\t\t<label for=\"form-field-email\" class=\"elementor-field-label elementor-screen-only\">\n\t\t\t\t\t\t\t\tEmail corporatiu\t\t\t\t\t\t\t<\/label>\n\t\t\t\t\t\t\t\t\t\t\t\t\t\t<input size=\"1\" type=\"email\" name=\"form_fields[email]\" id=\"form-field-email\" class=\"elementor-field elementor-size-sm  elementor-field-textual\" placeholder=\"Email corporatiu\" required=\"required\">\n\t\t\t\t\t\t\t\t\t\t\t<\/div>\n\t\t\t\t\t\t\t\t<div class=\"elementor-field-type-acceptance elementor-field-group elementor-column elementor-field-group-field_bf54786 elementor-col-100 elementor-field-required\">\n\t\t\t\t\t\t\t\t\t\t\t\t<label for=\"form-field-field_bf54786\" class=\"elementor-field-label elementor-screen-only\">\n\t\t\t\t\t\t\t\tRGPD\t\t\t\t\t\t\t<\/label>\n\t\t\t\t\t\t\t\t<div class=\"elementor-field-subgroup\">\n\t\t\t<span class=\"elementor-field-option\">\n\t\t\t\t<input type=\"checkbox\" name=\"form_fields[field_bf54786]\" id=\"form-field-field_bf54786\" class=\"elementor-field elementor-size-sm  elementor-acceptance-field\" required=\"required\">\n\t\t\t\t<label for=\"form-field-field_bf54786\">Autoritzo Andorsoft a contactar-me per compartir material del webinar i informaci\u00f3 relacionada amb solucions de seguretat i gesti\u00f3 de dispositius. He llegit i accepto la Pol\u00edtica de Privadesa.<\/label>\t\t\t<\/span>\n\t\t<\/div>\n\t\t\t\t\t\t<\/div>\n\t\t\t\t\t\t\t\t<div class=\"elementor-field-type-recaptcha elementor-field-group elementor-column elementor-field-group-message elementor-col-100\">\n\t\t\t\t\t<div class=\"elementor-field\" id=\"form-field-message\"><div class=\"elementor-g-recaptcha\" data-sitekey=\"6Lf87jYrAAAAAMAa4-OvzekTk6OlNfGyvgQltYrx\" data-type=\"v2_checkbox\" data-theme=\"light\" data-size=\"normal\"><\/div><\/div>\t\t\t\t<\/div>\n\t\t\t\t\t\t\t\t<div class=\"elementor-field-group elementor-column elementor-field-type-submit elementor-col-100 e-form__buttons\">\n\t\t\t\t\t<button class=\"elementor-button elementor-size-sm\" type=\"submit\">\n\t\t\t\t\t\t<span class=\"elementor-button-content-wrapper\">\n\t\t\t\t\t\t\t\t\t\t\t\t\t\t\t\t\t\t\t\t\t\t<span class=\"elementor-button-text\">Sol\u00b7licitar acc\u00e9s al v\u00eddeo<\/span>\n\t\t\t\t\t\t\t\t\t\t\t\t\t<\/span>\n\t\t\t\t\t<\/button>\n\t\t\t\t<\/div>\n\t\t\t<\/div>\n\t\t<\/form>\n\t\t\t\t\t\t<\/div>\n\t\t\t\t<\/div>\n\t\t\t\t<div class=\"elementor-element elementor-element-c203c67 elementor-widget elementor-widget-spacer\" data-id=\"c203c67\" data-element_type=\"widget\" data-e-type=\"widget\" data-widget_type=\"spacer.default\">\n\t\t\t\t<div class=\"elementor-widget-container\">\n\t\t\t\t\t\t\t<div class=\"elementor-spacer\">\n\t\t\t<div class=\"elementor-spacer-inner\"><\/div>\n\t\t<\/div>\n\t\t\t\t\t\t<\/div>\n\t\t\t\t<\/div>\n\t\t\t\t\t<\/div>\n\t\t\t\t<\/div>\n\t\t\t\t<\/div>\n\t\t","protected":false},"excerpt":{"rendered":"<p>IBM MaaS360 per protegir i gestionar els dispositius de la teva empresa La forma m\u00e9s simple i potent d\u2019unificar gesti\u00f3, seguretat i compliment en Windows, macOS, iOS i Android. Veure el v\u00eddeo del webinar Per qu\u00e8 IBM MaaS360 ara mateix? Cada dia gestionem m\u00e9s port\u00e0tils i m\u00f2bils, m\u00e9s apps i m\u00e9s dades cr\u00edtiques. IBM MaaS360 [&hellip;]<\/p>\n","protected":false},"author":1,"featured_media":0,"parent":0,"menu_order":0,"comment_status":"closed","ping_status":"closed","template":"","meta":{"footnotes":""},"class_list":["post-17699","page","type-page","status-publish","hentry"],"acf":[],"yoast_head":"<!-- This site is optimized with the Yoast SEO plugin v27.2 - https:\/\/yoast.com\/product\/yoast-seo-wordpress\/ -->\n<title>IBM MaaS360 - Andorsoft, S.A.<\/title>\n<meta name=\"robots\" content=\"index, follow, max-snippet:-1, max-image-preview:large, max-video-preview:-1\" \/>\n<link rel=\"canonical\" href=\"https:\/\/andorsoft.com\/en\/ibm-maas360\/\" \/>\n<meta property=\"og:locale\" content=\"en_GB\" \/>\n<meta property=\"og:type\" content=\"article\" \/>\n<meta property=\"og:title\" content=\"IBM MaaS360 - Andorsoft, S.A.\" \/>\n<meta property=\"og:description\" content=\"IBM MaaS360 per protegir i gestionar els dispositius de la teva empresa La forma m\u00e9s simple i potent d\u2019unificar gesti\u00f3, seguretat i compliment en Windows, macOS, iOS i Android. Veure el v\u00eddeo del webinar Per qu\u00e8 IBM MaaS360 ara mateix? Cada dia gestionem m\u00e9s port\u00e0tils i m\u00f2bils, m\u00e9s apps i m\u00e9s dades cr\u00edtiques. IBM MaaS360 [&hellip;]\" \/>\n<meta property=\"og:url\" content=\"https:\/\/andorsoft.com\/en\/ibm-maas360\/\" \/>\n<meta property=\"og:site_name\" content=\"Andorsoft, S.A.\" \/>\n<meta property=\"article:modified_time\" content=\"2025-10-10T10:54:28+00:00\" \/>\n<meta property=\"og:image\" content=\"https:\/\/andorsoft.com\/wp-content\/uploads\/2025\/10\/La-solucio-mes-avancada-per-protegir-i-gestionar-els-dispositius-dels-teus-empleats.png\" \/>\n\t<meta property=\"og:image:width\" content=\"1200\" \/>\n\t<meta property=\"og:image:height\" content=\"480\" \/>\n\t<meta property=\"og:image:type\" content=\"image\/png\" \/>\n<meta name=\"twitter:card\" content=\"summary_large_image\" \/>\n<meta name=\"twitter:label1\" content=\"Estimated reading time\" \/>\n\t<meta name=\"twitter:data1\" content=\"2 minutes\" \/>\n<script type=\"application\/ld+json\" class=\"yoast-schema-graph\">{\"@context\":\"https:\/\/schema.org\",\"@graph\":[{\"@type\":\"WebPage\",\"@id\":\"https:\/\/andorsoft.com\/ibm-maas360\/\",\"url\":\"https:\/\/andorsoft.com\/ibm-maas360\/\",\"name\":\"IBM MaaS360 - Andorsoft, S.A.\",\"isPartOf\":{\"@id\":\"https:\/\/andorsoft.com\/#website\"},\"primaryImageOfPage\":{\"@id\":\"https:\/\/andorsoft.com\/ibm-maas360\/#primaryimage\"},\"image\":{\"@id\":\"https:\/\/andorsoft.com\/ibm-maas360\/#primaryimage\"},\"thumbnailUrl\":\"https:\/\/andorsoft.com\/wp-content\/uploads\/2025\/10\/La-solucio-mes-avancada-per-protegir-i-gestionar-els-dispositius-dels-teus-empleats-1024x410.png\",\"datePublished\":\"2025-10-10T10:34:37+00:00\",\"dateModified\":\"2025-10-10T10:54:28+00:00\",\"breadcrumb\":{\"@id\":\"https:\/\/andorsoft.com\/ibm-maas360\/#breadcrumb\"},\"inLanguage\":\"en-GB\",\"potentialAction\":[{\"@type\":\"ReadAction\",\"target\":[\"https:\/\/andorsoft.com\/ibm-maas360\/\"]}]},{\"@type\":\"ImageObject\",\"inLanguage\":\"en-GB\",\"@id\":\"https:\/\/andorsoft.com\/ibm-maas360\/#primaryimage\",\"url\":\"https:\/\/andorsoft.com\/wp-content\/uploads\/2025\/10\/La-solucio-mes-avancada-per-protegir-i-gestionar-els-dispositius-dels-teus-empleats-1024x410.png\",\"contentUrl\":\"https:\/\/andorsoft.com\/wp-content\/uploads\/2025\/10\/La-solucio-mes-avancada-per-protegir-i-gestionar-els-dispositius-dels-teus-empleats-1024x410.png\"},{\"@type\":\"BreadcrumbList\",\"@id\":\"https:\/\/andorsoft.com\/ibm-maas360\/#breadcrumb\",\"itemListElement\":[{\"@type\":\"ListItem\",\"position\":1,\"name\":\"Inici\",\"item\":\"https:\/\/andorsoft.com\/\"},{\"@type\":\"ListItem\",\"position\":2,\"name\":\"IBM MaaS360\"}]},{\"@type\":\"WebSite\",\"@id\":\"https:\/\/andorsoft.com\/#website\",\"url\":\"https:\/\/andorsoft.com\/\",\"name\":\"Andorsoft, S.A.\",\"description\":\"\",\"publisher\":{\"@id\":\"https:\/\/andorsoft.com\/#organization\"},\"potentialAction\":[{\"@type\":\"SearchAction\",\"target\":{\"@type\":\"EntryPoint\",\"urlTemplate\":\"https:\/\/andorsoft.com\/?s={search_term_string}\"},\"query-input\":{\"@type\":\"PropertyValueSpecification\",\"valueRequired\":true,\"valueName\":\"search_term_string\"}}],\"inLanguage\":\"en-GB\"},{\"@type\":\"Organization\",\"@id\":\"https:\/\/andorsoft.com\/#organization\",\"name\":\"Andorsoft, S.A.\",\"url\":\"https:\/\/andorsoft.com\/\",\"logo\":{\"@type\":\"ImageObject\",\"inLanguage\":\"en-GB\",\"@id\":\"https:\/\/andorsoft.com\/#\/schema\/logo\/image\/\",\"url\":\"https:\/\/andorsoft.com\/wp-content\/uploads\/2023\/04\/andorsoft-Transparente-V-2.png\",\"contentUrl\":\"https:\/\/andorsoft.com\/wp-content\/uploads\/2023\/04\/andorsoft-Transparente-V-2.png\",\"width\":1280,\"height\":878,\"caption\":\"Andorsoft, S.A.\"},\"image\":{\"@id\":\"https:\/\/andorsoft.com\/#\/schema\/logo\/image\/\"},\"sameAs\":[\"https:\/\/www.linkedin.com\/company\/andorsoft\/\",\"https:\/\/www.instagram.com\/andorsoft\/\"]}]}<\/script>\n<!-- \/ Yoast SEO plugin. -->","yoast_head_json":{"title":"IBM MaaS360 - Andorsoft, SA","robots":{"index":"index","follow":"follow","max-snippet":"max-snippet:-1","max-image-preview":"max-image-preview:large","max-video-preview":"max-video-preview:-1"},"canonical":"https:\/\/andorsoft.com\/en\/ibm-maas360\/","og_locale":"en_GB","og_type":"article","og_title":"IBM MaaS360 - Andorsoft, S.A.","og_description":"IBM MaaS360 per protegir i gestionar els dispositius de la teva empresa La forma m\u00e9s simple i potent d\u2019unificar gesti\u00f3, seguretat i compliment en Windows, macOS, iOS i Android. Veure el v\u00eddeo del webinar Per qu\u00e8 IBM MaaS360 ara mateix? Cada dia gestionem m\u00e9s port\u00e0tils i m\u00f2bils, m\u00e9s apps i m\u00e9s dades cr\u00edtiques. IBM MaaS360 [&hellip;]","og_url":"https:\/\/andorsoft.com\/en\/ibm-maas360\/","og_site_name":"Andorsoft, S.A.","article_modified_time":"2025-10-10T10:54:28+00:00","og_image":[{"width":1200,"height":480,"url":"https:\/\/andorsoft.com\/wp-content\/uploads\/2025\/10\/La-solucio-mes-avancada-per-protegir-i-gestionar-els-dispositius-dels-teus-empleats.png","type":"image\/png"}],"twitter_card":"summary_large_image","twitter_misc":{"Estimated reading time":"2 minutes"},"schema":{"@context":"https:\/\/schema.org","@graph":[{"@type":"WebPage","@id":"https:\/\/andorsoft.com\/ibm-maas360\/","url":"https:\/\/andorsoft.com\/ibm-maas360\/","name":"IBM MaaS360 - Andorsoft, SA","isPartOf":{"@id":"https:\/\/andorsoft.com\/#website"},"primaryImageOfPage":{"@id":"https:\/\/andorsoft.com\/ibm-maas360\/#primaryimage"},"image":{"@id":"https:\/\/andorsoft.com\/ibm-maas360\/#primaryimage"},"thumbnailUrl":"https:\/\/andorsoft.com\/wp-content\/uploads\/2025\/10\/La-solucio-mes-avancada-per-protegir-i-gestionar-els-dispositius-dels-teus-empleats-1024x410.png","datePublished":"2025-10-10T10:34:37+00:00","dateModified":"2025-10-10T10:54:28+00:00","breadcrumb":{"@id":"https:\/\/andorsoft.com\/ibm-maas360\/#breadcrumb"},"inLanguage":"en-GB","potentialAction":[{"@type":"ReadAction","target":["https:\/\/andorsoft.com\/ibm-maas360\/"]}]},{"@type":"ImageObject","inLanguage":"en-GB","@id":"https:\/\/andorsoft.com\/ibm-maas360\/#primaryimage","url":"https:\/\/andorsoft.com\/wp-content\/uploads\/2025\/10\/La-solucio-mes-avancada-per-protegir-i-gestionar-els-dispositius-dels-teus-empleats-1024x410.png","contentUrl":"https:\/\/andorsoft.com\/wp-content\/uploads\/2025\/10\/La-solucio-mes-avancada-per-protegir-i-gestionar-els-dispositius-dels-teus-empleats-1024x410.png"},{"@type":"BreadcrumbList","@id":"https:\/\/andorsoft.com\/ibm-maas360\/#breadcrumb","itemListElement":[{"@type":"ListItem","position":1,"name":"Inici","item":"https:\/\/andorsoft.com\/"},{"@type":"ListItem","position":2,"name":"IBM MaaS360"}]},{"@type":"WebSite","@id":"https:\/\/andorsoft.com\/#website","url":"https:\/\/andorsoft.com\/","name":"Andorsoft, SA","description":"","publisher":{"@id":"https:\/\/andorsoft.com\/#organization"},"potentialAction":[{"@type":"SearchAction","target":{"@type":"EntryPoint","urlTemplate":"https:\/\/andorsoft.com\/?s={search_term_string}"},"query-input":{"@type":"PropertyValueSpecification","valueRequired":true,"valueName":"search_term_string"}}],"inLanguage":"en-GB"},{"@type":"Organization","@id":"https:\/\/andorsoft.com\/#organization","name":"Andorsoft, SA","url":"https:\/\/andorsoft.com\/","logo":{"@type":"ImageObject","inLanguage":"en-GB","@id":"https:\/\/andorsoft.com\/#\/schema\/logo\/image\/","url":"https:\/\/andorsoft.com\/wp-content\/uploads\/2023\/04\/andorsoft-Transparente-V-2.png","contentUrl":"https:\/\/andorsoft.com\/wp-content\/uploads\/2023\/04\/andorsoft-Transparente-V-2.png","width":1280,"height":878,"caption":"Andorsoft, S.A."},"image":{"@id":"https:\/\/andorsoft.com\/#\/schema\/logo\/image\/"},"sameAs":["https:\/\/www.linkedin.com\/company\/andorsoft\/","https:\/\/www.instagram.com\/andorsoft\/"]}]}},"_links":{"self":[{"href":"https:\/\/andorsoft.com\/en\/wp-json\/wp\/v2\/pages\/17699","targetHints":{"allow":["GET"]}}],"collection":[{"href":"https:\/\/andorsoft.com\/en\/wp-json\/wp\/v2\/pages"}],"about":[{"href":"https:\/\/andorsoft.com\/en\/wp-json\/wp\/v2\/types\/page"}],"author":[{"embeddable":true,"href":"https:\/\/andorsoft.com\/en\/wp-json\/wp\/v2\/users\/1"}],"replies":[{"embeddable":true,"href":"https:\/\/andorsoft.com\/en\/wp-json\/wp\/v2\/comments?post=17699"}],"version-history":[{"count":11,"href":"https:\/\/andorsoft.com\/en\/wp-json\/wp\/v2\/pages\/17699\/revisions"}],"predecessor-version":[{"id":17713,"href":"https:\/\/andorsoft.com\/en\/wp-json\/wp\/v2\/pages\/17699\/revisions\/17713"}],"wp:attachment":[{"href":"https:\/\/andorsoft.com\/en\/wp-json\/wp\/v2\/media?parent=17699"}],"curies":[{"name":"wp","href":"https:\/\/api.w.org\/{rel}","templated":true}]}}