{"id":16591,"date":"2023-04-24T12:16:36","date_gmt":"2023-04-24T10:16:36","guid":{"rendered":"https:\/\/andorsoft.com\/?page_id=16591"},"modified":"2023-04-24T13:10:52","modified_gmt":"2023-04-24T11:10:52","slug":"privacy-policy","status":"publish","type":"page","link":"https:\/\/andorsoft.com\/en\/politica-de-privacitat\/","title":{"rendered":"Privacy policy"},"content":{"rendered":"<div data-elementor-type=\"wp-page\" data-elementor-id=\"16591\" class=\"elementor elementor-16591\" data-elementor-post-type=\"page\">\n\t\t\t\t\t\t<section class=\"elementor-section elementor-top-section elementor-element elementor-element-3baf5792 elementor-section-boxed elementor-section-height-default elementor-section-height-default\" data-id=\"3baf5792\" data-element_type=\"section\" data-e-type=\"section\">\n\t\t\t\t\t\t<div class=\"elementor-container elementor-column-gap-default\">\n\t\t\t\t\t<div class=\"elementor-column elementor-col-100 elementor-top-column elementor-element elementor-element-55909407\" data-id=\"55909407\" data-element_type=\"column\" data-e-type=\"column\">\n\t\t\t<div class=\"elementor-widget-wrap elementor-element-populated\">\n\t\t\t\t\t\t<div class=\"elementor-element elementor-element-43dbd8e3 rainbow-title-1 elementor-widget elementor-widget-rainbow-title\" data-id=\"43dbd8e3\" data-element_type=\"widget\" data-e-type=\"widget\" data-widget_type=\"rainbow-title.default\">\n\t\t\t\t<div class=\"elementor-widget-container\">\n\t\t\t\t\t        <div class=\"section-title text-left\"\n             data-aos=\"fade-up\" data-aos-duration=\"500\" data-aos-delay=\"100\" data-aos-once=\"true\">\n                            <span class=\"subtitle sub-title\">Last updated: April 24, 2023<\/span>\n                                        <h2 class=\"title sec-title\">Privacy Policy of Andorsoft, SA<\/h2>\n                        <\/div>\n        \t\t\t\t<\/div>\n\t\t\t\t<\/div>\n\t\t\t\t<div class=\"elementor-element elementor-element-3bc81b1c elementor-widget elementor-widget-text-editor\" data-id=\"3bc81b1c\" data-element_type=\"widget\" data-e-type=\"widget\" data-widget_type=\"text-editor.default\">\n\t\t\t\t<div class=\"elementor-widget-container\">\n\t\t\t\t\t\t\t\t\t<p>1<b> \u2013 Introduction<\/b><\/p>\n<p><span style=\"color: var(--color-body-white); font-size: inherit; font-family: var(--font-primary);\">Andorsoft, SA (hereinafter \u201cAndorsoft\u201d, \u201cwe\u201d or \u201cour\u201d) is committed to protecting the privacy of users of our website. This privacy policy describes how we collect, use, share and protect your personal data when you visit or use our website.<\/span><\/p>\n<p>This privacy policy is in accordance with the Data Protection Law of Andorra, as well as with the General Data Protection Regulation of the European Union (GDPR).<\/p>\n<p>2<b> - Responsible for data processing<\/b><\/p>\n<p>The person responsible for the processing of your personal data is:<\/p>\n<p>Andorsoft, SA Av. Fiter i Rossell, 4 (Ed. Center de Negoci) AD700 Escaldes, Andorra Telephone: +376 800 750 Email: dpd@andorsoft.ad<\/p>\n<p>3<b> \u2013 Personal data we collect<\/b><\/p>\n<p>We collect the following personal data:<\/p>\n<p>a) Contact details such as name, email address and telephone number.&nbsp;<\/p>\n<p>b) Browsing data and interaction with our website, such as IP address, browser type, pages visited and time of visit.<\/p>\n<p><span style=\"color: var(--color-body-white); font-size: inherit; font-family: var(--font-primary);\">4<\/span><b style=\"color: var(--color-body-white); font-size: inherit; font-family: var(--font-primary);\"> - Purposes of data processing<\/b><\/p>\n<p>We use your personal data for the following purposes:<\/p>\n<p>a) Respond to your inquiries and provide you with information about our products and services.&nbsp;<\/p>\n<p>b) Improve our website and personalize your experience as a user.&nbsp;<\/p>\n<p>c) Carry out statistical analyzes and market studies.<\/p>\n<p><span style=\"color: var(--color-body-white); font-size: inherit; font-family: var(--font-primary);\">5<\/span><b style=\"color: var(--color-body-white); font-size: inherit; font-family: var(--font-primary);\"> \u2013 Share personal data<\/b><\/p>\n<p>We will not share your personal data with third parties, unless it is necessary to comply with our legal obligations or with your express consent.<\/p>\n<p><span style=\"color: var(--color-body-white); font-size: inherit; font-family: var(--font-primary);\"><b>6 \u2013 Conservation of data<\/b><\/span><\/p>\n<p>We will retain your personal data for as long as necessary to fulfill the purposes described in this privacy policy, unless the law requires us to retain it for a longer period.<\/p>\n<p><span style=\"color: var(--color-body-white); font-family: var(--font-primary); font-size: inherit;\">7<\/span><b style=\"color: var(--color-body-white); font-family: var(--font-primary); font-size: inherit;\"> \u2013 User rights<\/b><\/p>\n<p>You have the right to access, rectify, delete, limit the processing, oppose the processing and request the portability of your personal data. To exercise these rights, please contact us at dpd@andorsoft.ad.<\/p>\n<p><span style=\"color: var(--color-body-white); font-size: inherit; font-family: var(--font-primary);\">8<b> \u2013 Changes to the privacy policy<\/b><\/span><\/p>\n<p>We reserve the right to update this privacy policy at any time. Any changes to this policy will be posted on this page.<\/p>\n<p>9<b> \u2013 Contact<\/b><\/p>\n<p>If you have any questions or concerns about this privacy policy, please contact us via the following channels:<\/p>\n<p>Andorsoft, SA Av. Fiter i Rossell, 4 (Ed. Center de Negoci) AD700 Escaldes, Andorra Telephone: +376 800 750 Email: dpd@andorsoft.ad<\/p>\n<p>We are committed to resolving any concerns or complaints related to the privacy of your personal data. If you are not satisfied with our response, you can file a complaint with the data protection authority of Andorra or the European Union.<\/p>\n<p>Thank you for using our website and for trusting Andorsoft, SA for your needs. We are committed to protecting your privacy and providing you with a safe and enjoyable online experience.<\/p>\n<p><\/p>\t\t\t\t\t\t\t\t<\/div>\n\t\t\t\t<\/div>\n\t\t\t\t\t<\/div>\n\t\t<\/div>\n\t\t\t\t\t<\/div>\n\t\t<\/section>\n\t\t\t\t<section class=\"elementor-section elementor-top-section elementor-element elementor-element-6c2d418 elementor-hidden-desktop elementor-hidden-tablet elementor-hidden-mobile elementor-section-boxed elementor-section-height-default elementor-section-height-default\" data-id=\"6c2d418\" data-element_type=\"section\" data-e-type=\"section\">\n\t\t\t\t\t\t<div class=\"elementor-container elementor-column-gap-default\">\n\t\t\t\t\t<div class=\"elementor-column elementor-col-100 elementor-top-column elementor-element elementor-element-24c15e43\" data-id=\"24c15e43\" data-element_type=\"column\" data-e-type=\"column\">\n\t\t\t<div class=\"elementor-widget-wrap elementor-element-populated\">\n\t\t\t\t\t\t<div class=\"elementor-element elementor-element-1f9e19f4 elementor-widget elementor-widget-heading\" data-id=\"1f9e19f4\" data-element_type=\"widget\" data-e-type=\"widget\" data-widget_type=\"heading.default\">\n\t\t\t\t<div class=\"elementor-widget-container\">\n\t\t\t\t\t<h2 class=\"elementor-heading-title elementor-size-default\">Our Trusted Clients<\/h2>\t\t\t\t<\/div>\n\t\t\t\t<\/div>\n\t\t\t\t<div class=\"elementor-element elementor-element-297983e4 elementor-widget elementor-widget-rainbow-brand\" data-id=\"297983e4\" data-element_type=\"widget\" data-e-type=\"widget\" data-widget_type=\"rainbow-brand.default\">\n\t\t\t\t<div class=\"elementor-widget-container\">\n\t\t\t\t\t<div class=\"brand-wrapper-three mb_dec--30\">\n    \n        <div data-aos=\"fade-up\" data-aos-duration=\"1000\" data-aos-delay=\"100\" data-aos-once=\"true\"\n             class=\"rn-brand\">\n            <div class=\"inner text-center\">\n            <div class=\"thumbnail\">\n                 <a href=\"#\" >                                     <img decoding=\"async\" width=\"146\" height=\"92\" src=\"https:\/\/andorsoft.com\/wp-content\/uploads\/2021\/08\/client1-1.png\" class=\"attachment-full size-full\" alt=\"client1\" \/>                                     <\/a>                 <\/div> \n                <div class=\"seperator\"><\/div>\n                <div class=\"client-name\"><span><a\n                                href=\"#\">Google<\/a><\/span>\n                <\/div>\n            <\/div>\n        <\/div>\n    \n        <div data-aos=\"fade-up\" data-aos-duration=\"1000\" data-aos-delay=\"100\" data-aos-once=\"true\"\n             class=\"rn-brand\">\n            <div class=\"inner text-center\">\n            <div class=\"thumbnail\">\n                 <a href=\"#\" >                                     <img decoding=\"async\" width=\"90\" height=\"90\" src=\"https:\/\/andorsoft.com\/wp-content\/uploads\/2021\/08\/client2.png\" class=\"attachment-full size-full\" alt=\"customer2\" \/>                                     <\/a>                 <\/div> \n                <div class=\"seperator\"><\/div>\n                <div class=\"client-name\"><span><a\n                                href=\"#\">Apple<\/a><\/span>\n                <\/div>\n            <\/div>\n        <\/div>\n    \n        <div data-aos=\"fade-up\" data-aos-duration=\"1000\" data-aos-delay=\"100\" data-aos-once=\"true\"\n             class=\"rn-brand\">\n            <div class=\"inner text-center\">\n            <div class=\"thumbnail\">\n                 <a href=\"#\" >                                     <img decoding=\"async\" width=\"126\" height=\"60\" src=\"https:\/\/andorsoft.com\/wp-content\/uploads\/2021\/08\/client3.png\" class=\"attachment-full size-full\" alt=\"customer3\" \/>                                     <\/a>                 <\/div> \n                <div class=\"seperator\"><\/div>\n                <div class=\"client-name\"><span><a\n                                href=\"#\">Nike<\/a><\/span>\n                <\/div>\n            <\/div>\n        <\/div>\n    \n        <div data-aos=\"fade-up\" data-aos-duration=\"1000\" data-aos-delay=\"100\" data-aos-once=\"true\"\n             class=\"rn-brand\">\n            <div class=\"inner text-center\">\n            <div class=\"thumbnail\">\n                 <a href=\"#\" >                                     <img loading=\"lazy\" decoding=\"async\" width=\"114\" height=\"78\" src=\"https:\/\/andorsoft.com\/wp-content\/uploads\/2021\/08\/client4.png\" class=\"attachment-full size-full\" alt=\"customer4\" \/>                                     <\/a>                 <\/div> \n                <div class=\"seperator\"><\/div>\n                <div class=\"client-name\"><span><a\n                                href=\"#\">Amazon<\/a><\/span>\n                <\/div>\n            <\/div>\n        <\/div>\n    <\/div>\n\t\t\t\t<\/div>\n\t\t\t\t<\/div>\n\t\t\t\t\t<\/div>\n\t\t<\/div>\n\t\t\t\t\t<\/div>\n\t\t<\/section>\n\t\t\t\t<\/div>","protected":false},"excerpt":{"rendered":"<p>\u00daltima actualitzaci\u00f3: 24 d&#8217;abril de 2023 Pol\u00edtica de Privadesa d&#8217;Andorsoft, S.A. 1 &#8211; Introducci\u00f3 Andorsoft, S.A. (en endavant, &#8220;Andorsoft&#8221;, &#8220;nosaltres&#8221; o &#8220;la nostra&#8221;) es compromet a protegir la privadesa dels usuaris del nostre lloc web. Aquesta pol\u00edtica de privadesa descriu com recopilem, utilitzem, compartim i protegim les vostres dades personals quan visiteu o utilitzeu el [&hellip;]<\/p>\n","protected":false},"author":1,"featured_media":0,"parent":0,"menu_order":0,"comment_status":"closed","ping_status":"closed","template":"elementor_header_footer","meta":{"footnotes":""},"class_list":["post-16591","page","type-page","status-publish","hentry"],"acf":[],"yoast_head":"<!-- This site is optimized with the Yoast SEO plugin v27.2 - https:\/\/yoast.com\/product\/yoast-seo-wordpress\/ -->\n<title>Pol\u00edtica de Privacitat - Andorsoft, S.A.<\/title>\n<meta name=\"robots\" content=\"index, follow, max-snippet:-1, max-image-preview:large, max-video-preview:-1\" \/>\n<link rel=\"canonical\" href=\"https:\/\/andorsoft.com\/en\/privacy-policy\/\" \/>\n<meta property=\"og:locale\" content=\"en_GB\" \/>\n<meta property=\"og:type\" content=\"article\" \/>\n<meta property=\"og:title\" content=\"Pol\u00edtica de Privacitat - Andorsoft, S.A.\" \/>\n<meta property=\"og:description\" content=\"\u00daltima actualitzaci\u00f3: 24 d&#8217;abril de 2023 Pol\u00edtica de Privadesa d&#8217;Andorsoft, S.A. 1 &#8211; Introducci\u00f3 Andorsoft, S.A. (en endavant, &#8220;Andorsoft&#8221;, &#8220;nosaltres&#8221; o &#8220;la nostra&#8221;) es compromet a protegir la privadesa dels usuaris del nostre lloc web. Aquesta pol\u00edtica de privadesa descriu com recopilem, utilitzem, compartim i protegim les vostres dades personals quan visiteu o utilitzeu el [&hellip;]\" \/>\n<meta property=\"og:url\" content=\"https:\/\/andorsoft.com\/en\/privacy-policy\/\" \/>\n<meta property=\"og:site_name\" content=\"Andorsoft, S.A.\" \/>\n<meta property=\"article:modified_time\" content=\"2023-04-24T11:10:52+00:00\" \/>\n<meta property=\"og:image\" content=\"https:\/\/andorsoft.com\/wp-content\/uploads\/2021\/08\/client1-1.png\" \/>\n<meta name=\"twitter:card\" content=\"summary_large_image\" \/>\n<meta name=\"twitter:label1\" content=\"Estimated reading time\" \/>\n\t<meta name=\"twitter:data1\" content=\"3 minutes\" \/>\n<script type=\"application\/ld+json\" class=\"yoast-schema-graph\">{\"@context\":\"https:\/\/schema.org\",\"@graph\":[{\"@type\":\"WebPage\",\"@id\":\"https:\/\/andorsoft.com\/politica-de-privacitat\/\",\"url\":\"https:\/\/andorsoft.com\/politica-de-privacitat\/\",\"name\":\"Pol\u00edtica de Privacitat - Andorsoft, S.A.\",\"isPartOf\":{\"@id\":\"https:\/\/andorsoft.com\/#website\"},\"primaryImageOfPage\":{\"@id\":\"https:\/\/andorsoft.com\/politica-de-privacitat\/#primaryimage\"},\"image\":{\"@id\":\"https:\/\/andorsoft.com\/politica-de-privacitat\/#primaryimage\"},\"thumbnailUrl\":\"https:\/\/andorsoft.com\/wp-content\/uploads\/2021\/08\/client1-1.png\",\"datePublished\":\"2023-04-24T10:16:36+00:00\",\"dateModified\":\"2023-04-24T11:10:52+00:00\",\"breadcrumb\":{\"@id\":\"https:\/\/andorsoft.com\/politica-de-privacitat\/#breadcrumb\"},\"inLanguage\":\"en-GB\",\"potentialAction\":[{\"@type\":\"ReadAction\",\"target\":[\"https:\/\/andorsoft.com\/politica-de-privacitat\/\"]}]},{\"@type\":\"ImageObject\",\"inLanguage\":\"en-GB\",\"@id\":\"https:\/\/andorsoft.com\/politica-de-privacitat\/#primaryimage\",\"url\":\"https:\/\/andorsoft.com\/wp-content\/uploads\/2021\/08\/client1-1.png\",\"contentUrl\":\"https:\/\/andorsoft.com\/wp-content\/uploads\/2021\/08\/client1-1.png\"},{\"@type\":\"BreadcrumbList\",\"@id\":\"https:\/\/andorsoft.com\/politica-de-privacitat\/#breadcrumb\",\"itemListElement\":[{\"@type\":\"ListItem\",\"position\":1,\"name\":\"Inici\",\"item\":\"https:\/\/andorsoft.com\/\"},{\"@type\":\"ListItem\",\"position\":2,\"name\":\"Pol\u00edtica de Privacitat\"}]},{\"@type\":\"WebSite\",\"@id\":\"https:\/\/andorsoft.com\/#website\",\"url\":\"https:\/\/andorsoft.com\/\",\"name\":\"Andorsoft, S.A.\",\"description\":\"\",\"publisher\":{\"@id\":\"https:\/\/andorsoft.com\/#organization\"},\"potentialAction\":[{\"@type\":\"SearchAction\",\"target\":{\"@type\":\"EntryPoint\",\"urlTemplate\":\"https:\/\/andorsoft.com\/?s={search_term_string}\"},\"query-input\":{\"@type\":\"PropertyValueSpecification\",\"valueRequired\":true,\"valueName\":\"search_term_string\"}}],\"inLanguage\":\"en-GB\"},{\"@type\":\"Organization\",\"@id\":\"https:\/\/andorsoft.com\/#organization\",\"name\":\"Andorsoft, S.A.\",\"url\":\"https:\/\/andorsoft.com\/\",\"logo\":{\"@type\":\"ImageObject\",\"inLanguage\":\"en-GB\",\"@id\":\"https:\/\/andorsoft.com\/#\/schema\/logo\/image\/\",\"url\":\"https:\/\/andorsoft.com\/wp-content\/uploads\/2023\/04\/andorsoft-Transparente-V-2.png\",\"contentUrl\":\"https:\/\/andorsoft.com\/wp-content\/uploads\/2023\/04\/andorsoft-Transparente-V-2.png\",\"width\":1280,\"height\":878,\"caption\":\"Andorsoft, S.A.\"},\"image\":{\"@id\":\"https:\/\/andorsoft.com\/#\/schema\/logo\/image\/\"},\"sameAs\":[\"https:\/\/www.linkedin.com\/company\/andorsoft\/\",\"https:\/\/www.instagram.com\/andorsoft\/\"]}]}<\/script>\n<!-- \/ Yoast SEO plugin. -->","yoast_head_json":{"title":"Privacy Policy - Andorsoft, SA","robots":{"index":"index","follow":"follow","max-snippet":"max-snippet:-1","max-image-preview":"max-image-preview:large","max-video-preview":"max-video-preview:-1"},"canonical":"https:\/\/andorsoft.com\/en\/privacy-policy\/","og_locale":"en_GB","og_type":"article","og_title":"Pol\u00edtica de Privacitat - Andorsoft, S.A.","og_description":"\u00daltima actualitzaci\u00f3: 24 d&#8217;abril de 2023 Pol\u00edtica de Privadesa d&#8217;Andorsoft, S.A. 1 &#8211; Introducci\u00f3 Andorsoft, S.A. (en endavant, &#8220;Andorsoft&#8221;, &#8220;nosaltres&#8221; o &#8220;la nostra&#8221;) es compromet a protegir la privadesa dels usuaris del nostre lloc web. Aquesta pol\u00edtica de privadesa descriu com recopilem, utilitzem, compartim i protegim les vostres dades personals quan visiteu o utilitzeu el [&hellip;]","og_url":"https:\/\/andorsoft.com\/en\/privacy-policy\/","og_site_name":"Andorsoft, S.A.","article_modified_time":"2023-04-24T11:10:52+00:00","og_image":[{"url":"https:\/\/andorsoft.com\/wp-content\/uploads\/2021\/08\/client1-1.png","type":"","width":"","height":""}],"twitter_card":"summary_large_image","twitter_misc":{"Estimated reading time":"3 minutes"},"schema":{"@context":"https:\/\/schema.org","@graph":[{"@type":"WebPage","@id":"https:\/\/andorsoft.com\/politica-de-privacitat\/","url":"https:\/\/andorsoft.com\/politica-de-privacitat\/","name":"Privacy Policy - Andorsoft, SA","isPartOf":{"@id":"https:\/\/andorsoft.com\/#website"},"primaryImageOfPage":{"@id":"https:\/\/andorsoft.com\/politica-de-privacitat\/#primaryimage"},"image":{"@id":"https:\/\/andorsoft.com\/politica-de-privacitat\/#primaryimage"},"thumbnailUrl":"https:\/\/andorsoft.com\/wp-content\/uploads\/2021\/08\/client1-1.png","datePublished":"2023-04-24T10:16:36+00:00","dateModified":"2023-04-24T11:10:52+00:00","breadcrumb":{"@id":"https:\/\/andorsoft.com\/politica-de-privacitat\/#breadcrumb"},"inLanguage":"en-GB","potentialAction":[{"@type":"ReadAction","target":["https:\/\/andorsoft.com\/politica-de-privacitat\/"]}]},{"@type":"ImageObject","inLanguage":"en-GB","@id":"https:\/\/andorsoft.com\/politica-de-privacitat\/#primaryimage","url":"https:\/\/andorsoft.com\/wp-content\/uploads\/2021\/08\/client1-1.png","contentUrl":"https:\/\/andorsoft.com\/wp-content\/uploads\/2021\/08\/client1-1.png"},{"@type":"BreadcrumbList","@id":"https:\/\/andorsoft.com\/politica-de-privacitat\/#breadcrumb","itemListElement":[{"@type":"ListItem","position":1,"name":"Inici","item":"https:\/\/andorsoft.com\/"},{"@type":"ListItem","position":2,"name":"Pol\u00edtica de Privacitat"}]},{"@type":"WebSite","@id":"https:\/\/andorsoft.com\/#website","url":"https:\/\/andorsoft.com\/","name":"Andorsoft, SA","description":"","publisher":{"@id":"https:\/\/andorsoft.com\/#organization"},"potentialAction":[{"@type":"SearchAction","target":{"@type":"EntryPoint","urlTemplate":"https:\/\/andorsoft.com\/?s={search_term_string}"},"query-input":{"@type":"PropertyValueSpecification","valueRequired":true,"valueName":"search_term_string"}}],"inLanguage":"en-GB"},{"@type":"Organization","@id":"https:\/\/andorsoft.com\/#organization","name":"Andorsoft, SA","url":"https:\/\/andorsoft.com\/","logo":{"@type":"ImageObject","inLanguage":"en-GB","@id":"https:\/\/andorsoft.com\/#\/schema\/logo\/image\/","url":"https:\/\/andorsoft.com\/wp-content\/uploads\/2023\/04\/andorsoft-Transparente-V-2.png","contentUrl":"https:\/\/andorsoft.com\/wp-content\/uploads\/2023\/04\/andorsoft-Transparente-V-2.png","width":1280,"height":878,"caption":"Andorsoft, S.A."},"image":{"@id":"https:\/\/andorsoft.com\/#\/schema\/logo\/image\/"},"sameAs":["https:\/\/www.linkedin.com\/company\/andorsoft\/","https:\/\/www.instagram.com\/andorsoft\/"]}]}},"_links":{"self":[{"href":"https:\/\/andorsoft.com\/en\/wp-json\/wp\/v2\/pages\/16591","targetHints":{"allow":["GET"]}}],"collection":[{"href":"https:\/\/andorsoft.com\/en\/wp-json\/wp\/v2\/pages"}],"about":[{"href":"https:\/\/andorsoft.com\/en\/wp-json\/wp\/v2\/types\/page"}],"author":[{"embeddable":true,"href":"https:\/\/andorsoft.com\/en\/wp-json\/wp\/v2\/users\/1"}],"replies":[{"embeddable":true,"href":"https:\/\/andorsoft.com\/en\/wp-json\/wp\/v2\/comments?post=16591"}],"version-history":[{"count":6,"href":"https:\/\/andorsoft.com\/en\/wp-json\/wp\/v2\/pages\/16591\/revisions"}],"predecessor-version":[{"id":16610,"href":"https:\/\/andorsoft.com\/en\/wp-json\/wp\/v2\/pages\/16591\/revisions\/16610"}],"wp:attachment":[{"href":"https:\/\/andorsoft.com\/en\/wp-json\/wp\/v2\/media?parent=16591"}],"curies":[{"name":"wp","href":"https:\/\/api.w.org\/{rel}","templated":true}]}}